{"id":4890,"date":"2024-11-18T20:07:58","date_gmt":"2024-11-18T19:07:58","guid":{"rendered":"https:\/\/maschinentreff.de\/trailer-2022-brantner-z-18051-2-xxl-3-way-tipper\/"},"modified":"2025-10-05T16:38:18","modified_gmt":"2025-10-05T14:38:18","slug":"rundbalspress-2022-fendt-rotana-130f-2","status":"publish","type":"product","link":"https:\/\/maschinentreff.de\/sv\/rundbalspress-2022-fendt-rotana-130f-2\/","title":{"rendered":"Rundbalspress 2022 Fendt Rotana 130F - Oanv\u00e4nd"},"content":{"rendered":"<p><strong>Baler Chamber:<\/strong><\/p>\n<ul>\n<li>Kammarens diameter: 1,25 m<\/li>\n<li>Kammarens bredd: 1,23 m<\/li>\n<li>Kammarens volym: 1,50 m\u00b3<\/li>\n<li>PowerGrip-rullar: 18<\/li>\n<\/ul>\n<p>&nbsp;<\/p>\n<p><strong>M\u00e5tt:<\/strong><\/p>\n<ul>\n<li>Total l\u00e4ngd: 4,5 m<\/li>\n<li>Total bredd: 2,7 m<\/li>\n<li>Total h\u00f6jd: 2,6 m<\/li>\n<\/ul>\n<p>&nbsp;<\/p>\n<p><strong>Krav p\u00e5 str\u00f6mf\u00f6rs\u00f6rjning:<\/strong><\/p>\n<ul>\n<li>Erforderlig effekt: 45 kW\/60 HP<\/li>\n<li>\u00d6verf\u00f6ringshastighet: 540 rpm<\/li>\n<\/ul>\n<p>&nbsp;<\/p>\n<p><strong>Drivning och v\u00e4xell\u00e5da:<\/strong><\/p>\n<ul>\n<li>Power Split v\u00e4xell\u00e5da: Standard<\/li>\n<li>WW Implement Driveline: Standard<\/li>\n<li>Implementera drivlina med frihjul och kamkoppling: Tillval<\/li>\n<li>Implementera drivlina med frihjul och WW-l\u00e4nk: Valfritt<\/li>\n<li>Automatisk kedjesm\u00f6rjning: Standard<\/li>\n<li>Livstidssmorda rullager: Standard<\/li>\n<\/ul>\n<p>&nbsp;<\/p>\n<p><strong>Dragst\u00e5ng och dragkrok:<\/strong><\/p>\n<ul>\n<li>H\u00f6jdjusterbar dragst\u00e5ng f\u00f6r dragkraft: Standard<\/li>\n<li>Drag\u00f6gla f\u00f6r sl\u00e4pvagnskoppling Fast 40 mm: Standard<\/li>\n<li>Drag\u00f6gla f\u00f6r sl\u00e4pvagnskoppling sv\u00e4ngbar 35 mm: Tillval<\/li>\n<li>K80 Dragkrok: Tillval<\/li>\n<\/ul>\n<p>&nbsp;<\/p>\n<p><strong>Pick-up-system:<\/strong><\/p>\n<ul>\n<li>Arbetsbredd: 2,00\/2,25 m<\/li>\n<li>Okontrollerad upph\u00e4mtning: Standard<\/li>\n<li>Upph\u00e4mtning 2,25 m: Standard<\/li>\n<li>Pick-Up Alpin Kit: Tillval<\/li>\n<li>Tine rader: 5<\/li>\n<li>Avst\u00e5nd mellan t\u00e4nderna: 64 mm<\/li>\n<li>Styva pick-up hjul: Standard<\/li>\n<li>Vindskydd med variabel rulle: Tillval<\/li>\n<\/ul>\n<p>&nbsp;<\/p>\n<p><strong>Teknik och funktioner:<\/strong><\/p>\n<ul>\n<li>ISOBUS-kompatibel<\/li>\n<li>Auto Lube-system<\/li>\n<li>25 Knivar Avbitarsystem<\/li>\n<li>Luftbromssystem<\/li>\n<\/ul>\n<p>&nbsp;<\/p>","protected":false},"excerpt":{"rendered":"<p>Oanv\u00e4nd 2022 Fendt Rotana 130F rundbalspress till salu 31 000 \u20ac. ISOBUS, Auto Lube, luftbromssystem, 25 knivar, sk\u00e4rare med mera.<\/p>","protected":false},"featured_media":6907,"template":"","meta":{"_jet_sm_ready_style":"","_jet_sm_style":"","_jet_sm_controls_values":"","_jet_sm_fonts_collection":"","_jet_sm_fonts_links":""},"product_brand":[546],"product_cat":[108,396],"product_tag":[76],"manufacturers":[132],"class_list":{"0":"post-4890","1":"product","2":"type-product","3":"status-publish","4":"has-post-thumbnail","6":"product_brand-fendt","7":"product_cat-agricultural-machinery","8":"product_cat-hay-and-forage-machines","9":"product_tag-used","10":"manufacturers-fendt","12":"first","13":"instock","14":"taxable","15":"shipping-taxable","16":"purchasable","17":"product-type-simple"},"_links":{"self":[{"href":"https:\/\/maschinentreff.de\/sv\/wp-json\/wp\/v2\/product\/4890","targetHints":{"allow":["GET"]}}],"collection":[{"href":"https:\/\/maschinentreff.de\/sv\/wp-json\/wp\/v2\/product"}],"about":[{"href":"https:\/\/maschinentreff.de\/sv\/wp-json\/wp\/v2\/types\/product"}],"version-history":[{"count":1,"href":"https:\/\/maschinentreff.de\/sv\/wp-json\/wp\/v2\/product\/4890\/revisions"}],"predecessor-version":[{"id":6773,"href":"https:\/\/maschinentreff.de\/sv\/wp-json\/wp\/v2\/product\/4890\/revisions\/6773"}],"wp:featuredmedia":[{"embeddable":true,"href":"https:\/\/maschinentreff.de\/sv\/wp-json\/wp\/v2\/media\/6907"}],"wp:attachment":[{"href":"https:\/\/maschinentreff.de\/sv\/wp-json\/wp\/v2\/media?parent=4890"}],"wp:term":[{"taxonomy":"product_brand","embeddable":true,"href":"https:\/\/maschinentreff.de\/sv\/wp-json\/wp\/v2\/product_brand?post=4890"},{"taxonomy":"product_cat","embeddable":true,"href":"https:\/\/maschinentreff.de\/sv\/wp-json\/wp\/v2\/product_cat?post=4890"},{"taxonomy":"product_tag","embeddable":true,"href":"https:\/\/maschinentreff.de\/sv\/wp-json\/wp\/v2\/product_tag?post=4890"},{"taxonomy":"manufacturers","embeddable":true,"href":"https:\/\/maschinentreff.de\/sv\/wp-json\/wp\/v2\/manufacturers?post=4890"}],"curies":[{"name":"wp","href":"https:\/\/api.w.org\/{rel}","templated":true}]}}