{"id":4888,"date":"2024-11-18T00:00:52","date_gmt":"2024-11-17T23:00:52","guid":{"rendered":"https:\/\/maschinentreff.de\/wheel-excavator-2021-wacker-neuson-ew100\/"},"modified":"2025-10-06T21:53:54","modified_gmt":"2025-10-06T19:53:54","slug":"minigravmaskin-2022-bobcat-e50z-lang-arm-2","status":"publish","type":"product","link":"https:\/\/maschinentreff.de\/sv\/minigravmaskin-2022-bobcat-e50z-lang-arm-2\/","title":{"rendered":"Minigr\u00e4vmaskin 2022 Bobcat E50Z L\u00e5ng arm"},"content":{"rendered":"<p><strong>Operat\u00f6rsstation (hytt\/plattform):<\/strong><\/p>\n<ul>\n<li>Sluten hytt<\/li>\n<li>Luftkonditionering<\/li>\n<li>Fj\u00e4drande s\u00e4te<\/li>\n<li>Justerbara armst\u00f6d<\/li>\n<li>Upprullningsbart s\u00e4kerhetsb\u00e4lte<\/li>\n<\/ul>\n<p>&nbsp;<\/p>\n<p><strong>Hydraulik:<\/strong><\/p>\n<ul>\n<li>R\u00f6rsystem f\u00f6r extra hydraulik<\/li>\n<li>Pilotman\u00f6vrerade hydrauliska reglage<\/li>\n<\/ul>\n<p>&nbsp;<\/p>\n<p><strong>Underredet:<\/strong><\/p>\n<ul>\n<li>Gummisp\u00e5r<\/li>\n<\/ul>\n<p>&nbsp;<\/p>\n<p><strong>Arbetsutrustning (bom, skaft, skopa, redskap):<\/strong><\/p>\n<ul>\n<li>Blad f\u00f6r \u00e5terfyllning<\/li>\n<li>Manuellt snabbf\u00e4ste<\/li>\n<li>D\u00e4mpade cylindrar f\u00f6r bom och arm<\/li>\n<li>Gr\u00e4vskopa<\/li>\n<li>Konfiguration f\u00f6r l\u00e5ng arm<\/li>\n<li>Tv\u00e5v\u00e4gs extrahydraulik p\u00e5 bommen<\/li>\n<\/ul>","protected":false},"excerpt":{"rendered":"<p>Begagnad 2022 Bobcat E50Z Long Arm Minigr\u00e4vare till salu: 35.500 \u20ac. timmar: 1.913, Sluten hytt, AC, Aux-hydraulik, Manuell QC, \u00c5terfyllningsblad.<\/p>","protected":false},"featured_media":7107,"template":"","meta":{"_jet_sm_ready_style":"","_jet_sm_style":"","_jet_sm_controls_values":"","_jet_sm_fonts_collection":"","_jet_sm_fonts_links":""},"product_brand":[558],"product_cat":[112,106,90],"product_tag":[76],"manufacturers":[121],"class_list":{"0":"post-4888","1":"product","2":"type-product","3":"status-publish","4":"has-post-thumbnail","6":"product_brand-bobcat","7":"product_cat-construction-equipment","8":"product_cat-excavators","9":"product_cat-mini-excavators","10":"product_tag-used","11":"manufacturers-bobcat","13":"first","14":"instock","15":"sale","16":"taxable","17":"shipping-taxable","18":"purchasable","19":"product-type-simple"},"_links":{"self":[{"href":"https:\/\/maschinentreff.de\/sv\/wp-json\/wp\/v2\/product\/4888","targetHints":{"allow":["GET"]}}],"collection":[{"href":"https:\/\/maschinentreff.de\/sv\/wp-json\/wp\/v2\/product"}],"about":[{"href":"https:\/\/maschinentreff.de\/sv\/wp-json\/wp\/v2\/types\/product"}],"version-history":[{"count":1,"href":"https:\/\/maschinentreff.de\/sv\/wp-json\/wp\/v2\/product\/4888\/revisions"}],"predecessor-version":[{"id":6771,"href":"https:\/\/maschinentreff.de\/sv\/wp-json\/wp\/v2\/product\/4888\/revisions\/6771"}],"wp:featuredmedia":[{"embeddable":true,"href":"https:\/\/maschinentreff.de\/sv\/wp-json\/wp\/v2\/media\/7107"}],"wp:attachment":[{"href":"https:\/\/maschinentreff.de\/sv\/wp-json\/wp\/v2\/media?parent=4888"}],"wp:term":[{"taxonomy":"product_brand","embeddable":true,"href":"https:\/\/maschinentreff.de\/sv\/wp-json\/wp\/v2\/product_brand?post=4888"},{"taxonomy":"product_cat","embeddable":true,"href":"https:\/\/maschinentreff.de\/sv\/wp-json\/wp\/v2\/product_cat?post=4888"},{"taxonomy":"product_tag","embeddable":true,"href":"https:\/\/maschinentreff.de\/sv\/wp-json\/wp\/v2\/product_tag?post=4888"},{"taxonomy":"manufacturers","embeddable":true,"href":"https:\/\/maschinentreff.de\/sv\/wp-json\/wp\/v2\/manufacturers?post=4888"}],"curies":[{"name":"wp","href":"https:\/\/api.w.org\/{rel}","templated":true}]}}