{"id":4883,"date":"2024-11-18T20:07:41","date_gmt":"2024-11-18T19:07:41","guid":{"rendered":"https:\/\/maschinentreff.de\/excavator-2019-hitachi-zx135us-6\/"},"modified":"2025-10-06T21:53:54","modified_gmt":"2025-10-06T19:53:54","slug":"traktor-2019-john-deere-6175r-4x4-2","status":"publish","type":"product","link":"https:\/\/maschinentreff.de\/sv\/traktor-2019-john-deere-6175r-4x4-2\/","title":{"rendered":"Traktor 2019 John Deere 6175R 4\u00d74"},"content":{"rendered":"<p><strong>Hytt och komfort:<\/strong><\/p>\n<ul>\n<li>Sluten hytt<\/li>\n<li>Luftkonditionering<\/li>\n<li>Air Ride-s\u00e4te<\/li>\n<li>Hyttfj\u00e4dring<\/li>\n<\/ul>\n<p>&nbsp;<\/p>\n<p><strong>V\u00e4xell\u00e5da och reglage:<\/strong><\/p>\n<ul>\n<li>IVT (o\u00e4ndligt variabel v\u00e4xell\u00e5da)<\/li>\n<li>V\u00e4nster handv\u00e4ndare<\/li>\n<\/ul>\n<p>&nbsp;<\/p>\n<p><strong>Hydraulik och kraftuttag:<\/strong><\/p>\n<ul>\n<li>1 fj\u00e4rrkontroll p\u00e5 framsidan<\/li>\n<li>4 fj\u00e4rrkontroller bak<\/li>\n<li>540\/1000 KRAFTUTTAG<\/li>\n<li>Kraftuttag fram<\/li>\n<\/ul>\n<p>&nbsp;<\/p>\n<p><strong>Motor och utsl\u00e4pp:<\/strong><\/p>\n<ul>\n<li>Kr\u00e4ver AdBlue<\/li>\n<\/ul>\n<p>&nbsp;<\/p>\n<p><strong>3-punkts dragkrok och l\u00e4nkage:<\/strong><\/p>\n<ul>\n<li>Fr\u00e4mre 3-punkts dragkrok<\/li>\n<li>Bakre 3-punkts dragkrok<\/li>\n<li>Utv\u00e4ndiga 3-punktsreglage f\u00f6r dragkrok<\/li>\n<\/ul>\n<p>&nbsp;<\/p>\n<p><strong>Chassi och axel:<\/strong><\/p>\n<ul>\n<li>Upph\u00e4ngd framaxel<\/li>\n<\/ul>\n<p>&nbsp;<\/p>\n<p><strong>Teknik:<\/strong><\/p>\n<ul>\n<li>ISOBUS-kompatibel<\/li>\n<\/ul>\n<p>&nbsp;<\/p>\n<p><strong>D\u00e4ck:<\/strong><\/p>\n<ul>\n<li>D\u00e4ck fram: 540\/65R30<\/li>\n<li>Bakre d\u00e4ck: 650\/65R42<\/li>\n<\/ul>","protected":false},"excerpt":{"rendered":"<p>Begagnad 2019 John Deere 6175R Traktor, timmar: 4,445 till salu 75,000 \u20ac. Sluten hytt, luftkonditionering, IVT, hyttfj\u00e4dring, 3-punktsf\u00e4ste fram och mer.<\/p>","protected":false},"featured_media":6818,"template":"","meta":{"_jet_sm_ready_style":"","_jet_sm_style":"","_jet_sm_controls_values":"","_jet_sm_fonts_collection":"","_jet_sm_fonts_links":""},"product_brand":[549],"product_cat":[108,82],"product_tag":[76],"manufacturers":[73],"class_list":{"0":"post-4883","1":"product","2":"type-product","3":"status-publish","4":"has-post-thumbnail","6":"product_brand-john-deere","7":"product_cat-agricultural-machinery","8":"product_cat-tractors","9":"product_tag-used","10":"manufacturers-john-deere","12":"first","13":"instock","14":"taxable","15":"shipping-taxable","16":"purchasable","17":"product-type-simple"},"_links":{"self":[{"href":"https:\/\/maschinentreff.de\/sv\/wp-json\/wp\/v2\/product\/4883","targetHints":{"allow":["GET"]}}],"collection":[{"href":"https:\/\/maschinentreff.de\/sv\/wp-json\/wp\/v2\/product"}],"about":[{"href":"https:\/\/maschinentreff.de\/sv\/wp-json\/wp\/v2\/types\/product"}],"version-history":[{"count":1,"href":"https:\/\/maschinentreff.de\/sv\/wp-json\/wp\/v2\/product\/4883\/revisions"}],"predecessor-version":[{"id":6766,"href":"https:\/\/maschinentreff.de\/sv\/wp-json\/wp\/v2\/product\/4883\/revisions\/6766"}],"wp:featuredmedia":[{"embeddable":true,"href":"https:\/\/maschinentreff.de\/sv\/wp-json\/wp\/v2\/media\/6818"}],"wp:attachment":[{"href":"https:\/\/maschinentreff.de\/sv\/wp-json\/wp\/v2\/media?parent=4883"}],"wp:term":[{"taxonomy":"product_brand","embeddable":true,"href":"https:\/\/maschinentreff.de\/sv\/wp-json\/wp\/v2\/product_brand?post=4883"},{"taxonomy":"product_cat","embeddable":true,"href":"https:\/\/maschinentreff.de\/sv\/wp-json\/wp\/v2\/product_cat?post=4883"},{"taxonomy":"product_tag","embeddable":true,"href":"https:\/\/maschinentreff.de\/sv\/wp-json\/wp\/v2\/product_tag?post=4883"},{"taxonomy":"manufacturers","embeddable":true,"href":"https:\/\/maschinentreff.de\/sv\/wp-json\/wp\/v2\/manufacturers?post=4883"}],"curies":[{"name":"wp","href":"https:\/\/api.w.org\/{rel}","templated":true}]}}