{"id":4880,"date":"2024-11-18T20:07:33","date_gmt":"2024-11-18T19:07:33","guid":{"rendered":"https:\/\/maschinentreff.de\/mini-excavator-2017-takeuchi-tb260\/"},"modified":"2025-09-19T00:35:13","modified_gmt":"2025-09-18T22:35:13","slug":"minigravmaskin-2017-takeuchi-tb260-2-2","status":"publish","type":"product","link":"https:\/\/maschinentreff.de\/sv\/minigravmaskin-2017-takeuchi-tb260-2-2\/","title":{"rendered":"Minigr\u00e4vmaskin 2017 Takeuchi TB260"},"content":{"rendered":"<p><strong>Operat\u00f6rsstation (hytt\/plattform):<\/strong><\/p>\n<ul>\n<li>ROPS\/FOPS kapell<\/li>\n<li>Fj\u00e4drande s\u00e4te<\/li>\n<li>Pilotman\u00f6vrerade joystickkontroller<\/li>\n<\/ul>\n<p>&nbsp;<\/p>\n<p><strong>Hydraulik:<\/strong><\/p>\n<ul>\n<li>Hydraulsystem f\u00f6r sv\u00e4ngbom<\/li>\n<li>R\u00f6rsystem f\u00f6r huvud- och hj\u00e4lphydraulik<\/li>\n<li>Backventiler f\u00f6r bom<\/li>\n<li>Stickbackventil<\/li>\n<\/ul>\n<p>&nbsp;<\/p>\n<p><strong>Underredet:<\/strong><\/p>\n<ul>\n<li>400 mm gummiband<\/li>\n<\/ul>\n<p>&nbsp;<\/p>\n<p><strong>Arbetsutrustning (bom, skaft, skopa, redskap):<\/strong><\/p>\n<ul>\n<li>Sv\u00e4ngbar bom<\/li>\n<li>1750 mm pinne<\/li>\n<li>Tippbart mekaniskt snabbf\u00e4ste<\/li>\n<li>1440 mm rensningsskopa<\/li>\n<li>2 extra gr\u00e4vskopor<\/li>\n<\/ul>\n<p>&nbsp;<\/p>\n<p><strong> Specifikationer f\u00f6r prestanda: <\/strong><\/p>\n<ul>\n<li>Blad f\u00f6r \u00e5terfyllning<\/li>\n<\/ul>","protected":false},"excerpt":{"rendered":"<p>Begagnad 2017 Takeuchi TB260 minigr\u00e4vmaskin till salu: 24.750 \u20ac. Timmar: 3.975, sv\u00e4ngbar bom, extra hydraulik, snabbf\u00e4ste, \u00e5terfyllningsblad med mera.<\/p>","protected":false},"featured_media":7081,"template":"","meta":{"_jet_sm_ready_style":"","_jet_sm_style":"","_jet_sm_controls_values":"","_jet_sm_fonts_collection":"","_jet_sm_fonts_links":""},"product_brand":[586],"product_cat":[90,112,106],"product_tag":[76],"manufacturers":[158],"class_list":{"0":"post-4880","1":"product","2":"type-product","3":"status-publish","4":"has-post-thumbnail","6":"product_brand-takeuchi","7":"product_cat-mini-excavators","8":"product_cat-construction-equipment","9":"product_cat-excavators","10":"product_tag-used","11":"manufacturers-takeuchi","13":"first","14":"instock","15":"sale","16":"taxable","17":"shipping-taxable","18":"purchasable","19":"product-type-simple"},"_links":{"self":[{"href":"https:\/\/maschinentreff.de\/sv\/wp-json\/wp\/v2\/product\/4880","targetHints":{"allow":["GET"]}}],"collection":[{"href":"https:\/\/maschinentreff.de\/sv\/wp-json\/wp\/v2\/product"}],"about":[{"href":"https:\/\/maschinentreff.de\/sv\/wp-json\/wp\/v2\/types\/product"}],"version-history":[{"count":3,"href":"https:\/\/maschinentreff.de\/sv\/wp-json\/wp\/v2\/product\/4880\/revisions"}],"predecessor-version":[{"id":7262,"href":"https:\/\/maschinentreff.de\/sv\/wp-json\/wp\/v2\/product\/4880\/revisions\/7262"}],"wp:featuredmedia":[{"embeddable":true,"href":"https:\/\/maschinentreff.de\/sv\/wp-json\/wp\/v2\/media\/7081"}],"wp:attachment":[{"href":"https:\/\/maschinentreff.de\/sv\/wp-json\/wp\/v2\/media?parent=4880"}],"wp:term":[{"taxonomy":"product_brand","embeddable":true,"href":"https:\/\/maschinentreff.de\/sv\/wp-json\/wp\/v2\/product_brand?post=4880"},{"taxonomy":"product_cat","embeddable":true,"href":"https:\/\/maschinentreff.de\/sv\/wp-json\/wp\/v2\/product_cat?post=4880"},{"taxonomy":"product_tag","embeddable":true,"href":"https:\/\/maschinentreff.de\/sv\/wp-json\/wp\/v2\/product_tag?post=4880"},{"taxonomy":"manufacturers","embeddable":true,"href":"https:\/\/maschinentreff.de\/sv\/wp-json\/wp\/v2\/manufacturers?post=4880"}],"curies":[{"name":"wp","href":"https:\/\/api.w.org\/{rel}","templated":true}]}}