{"id":4879,"date":"2024-11-18T20:07:31","date_gmt":"2024-11-18T19:07:31","guid":{"rendered":"https:\/\/maschinentreff.de\/mini-excavator-2016-yanmar-vio80-1a\/"},"modified":"2025-10-06T21:53:54","modified_gmt":"2025-10-06T19:53:54","slug":"minigravmaskin-2016-yanmar-vio80-1a-2","status":"publish","type":"product","link":"https:\/\/maschinentreff.de\/sv\/minigravmaskin-2016-yanmar-vio80-1a-2\/","title":{"rendered":"Minigr\u00e4vmaskin 2016 Yanmar ViO80-1A"},"content":{"rendered":"<p><strong>Operat\u00f6rsstation (hytt\/plattform):<\/strong><\/p>\n<ul>\n<li>Sluten hytt med v\u00e4rme och luftkonditionering<\/li>\n<li>Fj\u00e4drande s\u00e4te<\/li>\n<\/ul>\n<p>&nbsp;<\/p>\n<p><strong>Hydraulik:<\/strong><\/p>\n<ul>\n<li>R\u00f6rsystem f\u00f6r extra hydraulik<\/li>\n<li>Backventiler f\u00f6r bom<\/li>\n<li>Stick backventil<\/li>\n<\/ul>\n<p>&nbsp;<\/p>\n<p><strong>Underredet:<\/strong><\/p>\n<ul>\n<li>450 mm Gummiband<\/li>\n<\/ul>\n<p>&nbsp;<\/p>\n<p><strong>Arbetsutrustning (bom, skaft, skopa, redskap):<\/strong><\/p>\n<ul>\n<li>Swing Boom<\/li>\n<li>1700 mm Stick<\/li>\n<li>Rototilt-koppling<\/li>\n<li>1200 mm rensskopa<\/li>\n<li>Extra 850 mm gr\u00e4vskopa<\/li>\n<li>Reng\u00f6ringsskopa 420 mm<\/li>\n<\/ul>\n<p>&nbsp;<\/p>\n<p><strong>Ytterligare funktioner:<\/strong><\/p>\n<ul>\n<li>Blad f\u00f6r \u00e5terfyllning<\/li>\n<li>Auto Lube-system<\/li>\n<\/ul>","protected":false},"excerpt":{"rendered":"<p>Begagnad 2016 Yanmar ViO80-1A minigr\u00e4vmaskin till salu: 31.250 \u20ac. Timmar: 2.858, sv\u00e4ngbar bom, extra hydraulik, rotationsf\u00e4ste, \u00e5terfyllningsblad och mycket mer.<\/p>","protected":false},"featured_media":7063,"template":"","meta":{"_jet_sm_ready_style":"","_jet_sm_style":"","_jet_sm_controls_values":"","_jet_sm_fonts_collection":"","_jet_sm_fonts_links":""},"product_brand":[588],"product_cat":[90,112,106],"product_tag":[76],"manufacturers":[165],"class_list":{"0":"post-4879","1":"product","2":"type-product","3":"status-publish","4":"has-post-thumbnail","6":"product_brand-yanmar","7":"product_cat-mini-excavators","8":"product_cat-construction-equipment","9":"product_cat-excavators","10":"product_tag-used","11":"manufacturers-yanmar","13":"first","14":"instock","15":"taxable","16":"shipping-taxable","17":"purchasable","18":"product-type-simple"},"_links":{"self":[{"href":"https:\/\/maschinentreff.de\/sv\/wp-json\/wp\/v2\/product\/4879","targetHints":{"allow":["GET"]}}],"collection":[{"href":"https:\/\/maschinentreff.de\/sv\/wp-json\/wp\/v2\/product"}],"about":[{"href":"https:\/\/maschinentreff.de\/sv\/wp-json\/wp\/v2\/types\/product"}],"version-history":[{"count":1,"href":"https:\/\/maschinentreff.de\/sv\/wp-json\/wp\/v2\/product\/4879\/revisions"}],"predecessor-version":[{"id":6762,"href":"https:\/\/maschinentreff.de\/sv\/wp-json\/wp\/v2\/product\/4879\/revisions\/6762"}],"wp:featuredmedia":[{"embeddable":true,"href":"https:\/\/maschinentreff.de\/sv\/wp-json\/wp\/v2\/media\/7063"}],"wp:attachment":[{"href":"https:\/\/maschinentreff.de\/sv\/wp-json\/wp\/v2\/media?parent=4879"}],"wp:term":[{"taxonomy":"product_brand","embeddable":true,"href":"https:\/\/maschinentreff.de\/sv\/wp-json\/wp\/v2\/product_brand?post=4879"},{"taxonomy":"product_cat","embeddable":true,"href":"https:\/\/maschinentreff.de\/sv\/wp-json\/wp\/v2\/product_cat?post=4879"},{"taxonomy":"product_tag","embeddable":true,"href":"https:\/\/maschinentreff.de\/sv\/wp-json\/wp\/v2\/product_tag?post=4879"},{"taxonomy":"manufacturers","embeddable":true,"href":"https:\/\/maschinentreff.de\/sv\/wp-json\/wp\/v2\/manufacturers?post=4879"}],"curies":[{"name":"wp","href":"https:\/\/api.w.org\/{rel}","templated":true}]}}