{"id":4871,"date":"2024-11-18T20:07:13","date_gmt":"2024-11-18T19:07:13","guid":{"rendered":"https:\/\/maschinentreff.de\/tractor-2012-fendt-722-scr-profi-4x4\/"},"modified":"2025-10-06T21:53:44","modified_gmt":"2025-10-06T19:53:44","slug":"traktor-2012-fendt-722-vario-4x4-2","status":"publish","type":"product","link":"https:\/\/maschinentreff.de\/sv\/traktor-2012-fendt-722-vario-4x4-2\/","title":{"rendered":"Traktor 2012 Fendt 722 Vario 4\u00d74"},"content":{"rendered":"<p><strong>Hytt och komfort:<\/strong><\/p>\n<ul>\n<li>Sluten hytt<\/li>\n<li>Luftkonditionering<\/li>\n<li>Hyttfj\u00e4dring<\/li>\n<\/ul>\n<p>&nbsp;<\/p>\n<p><strong>V\u00e4xell\u00e5da och man\u00f6verorgan:<\/strong><\/p>\n<ul>\n<li>CVT (kontinuerligt variabel v\u00e4xell\u00e5da)<\/li>\n<li>V\u00e4nster handv\u00e4ndare<\/li>\n<li>Creeper-utrustning<\/li>\n<\/ul>\n<p>&nbsp;<\/p>\n<p><strong>Motor och utsl\u00e4pp:<\/strong><\/p>\n<ul>\n<li>Kr\u00e4ver AdBlue<\/li>\n<\/ul>\n<p>&nbsp;<\/p>\n<p><strong>Hydraulik och kraftuttag:<\/strong><\/p>\n<ul>\n<li>1 fj\u00e4rrkontroll p\u00e5 framsidan<\/li>\n<li>4 fj\u00e4rrkontroller bak<\/li>\n<li>Extra hydraulik<\/li>\n<li>Kraftuttag fram<\/li>\n<li>540\/1000 KRAFTUTTAG<\/li>\n<\/ul>\n<p>&nbsp;<\/p>\n<p><strong>3-punkts dragkrok och l\u00e4nkage:<\/strong><\/p>\n<ul>\n<li>Fr\u00e4mre 3-punkts snabbf\u00e4ste<\/li>\n<li>3-punktsf\u00e4ste med snabbf\u00e4ste<\/li>\n<li>Hydraulisk toppl\u00e4nk<\/li>\n<li>Utv\u00e4ndiga 3-punktsreglage f\u00f6r dragkrok<\/li>\n<\/ul>\n<p>&nbsp;<\/p>\n<p><strong>Chassi och axel:<\/strong><\/p>\n<ul>\n<li>Upph\u00e4ngd framaxel<\/li>\n<\/ul>\n<p>&nbsp;<\/p>\n<p><strong>Bromsar och bogsering:<\/strong><\/p>\n<ul>\n<li>Luftbromssystem<\/li>\n<li>Sl\u00e4pvagnskoppling<\/li>\n<\/ul>\n<p>&nbsp;<\/p>\n<p><strong>D\u00e4ck:<\/strong><\/p>\n<ul>\n<li>600\/65R28 framd\u00e4ck<\/li>\n<li>710\/70R38 bakre d\u00e4ck<\/li>\n<\/ul>","protected":false},"excerpt":{"rendered":"<p>Begagnad 2012 Fendt 722 Vario Traktor, tim: 7,083 till salu 55,000 \u20ac. Sluten hytt, luftkonditionering, CVT, hyttfj\u00e4dring, frontkraftuttag med mera.<\/p>","protected":false},"featured_media":6989,"template":"","meta":{"_jet_sm_ready_style":"","_jet_sm_style":"","_jet_sm_controls_values":"","_jet_sm_fonts_collection":"","_jet_sm_fonts_links":""},"product_brand":[546],"product_cat":[108,82],"product_tag":[76],"manufacturers":[132],"class_list":{"0":"post-4871","1":"product","2":"type-product","3":"status-publish","4":"has-post-thumbnail","6":"product_brand-fendt","7":"product_cat-agricultural-machinery","8":"product_cat-tractors","9":"product_tag-used","10":"manufacturers-fendt","12":"first","13":"instock","14":"taxable","15":"shipping-taxable","16":"purchasable","17":"product-type-simple"},"_links":{"self":[{"href":"https:\/\/maschinentreff.de\/sv\/wp-json\/wp\/v2\/product\/4871","targetHints":{"allow":["GET"]}}],"collection":[{"href":"https:\/\/maschinentreff.de\/sv\/wp-json\/wp\/v2\/product"}],"about":[{"href":"https:\/\/maschinentreff.de\/sv\/wp-json\/wp\/v2\/types\/product"}],"version-history":[{"count":1,"href":"https:\/\/maschinentreff.de\/sv\/wp-json\/wp\/v2\/product\/4871\/revisions"}],"predecessor-version":[{"id":6754,"href":"https:\/\/maschinentreff.de\/sv\/wp-json\/wp\/v2\/product\/4871\/revisions\/6754"}],"wp:featuredmedia":[{"embeddable":true,"href":"https:\/\/maschinentreff.de\/sv\/wp-json\/wp\/v2\/media\/6989"}],"wp:attachment":[{"href":"https:\/\/maschinentreff.de\/sv\/wp-json\/wp\/v2\/media?parent=4871"}],"wp:term":[{"taxonomy":"product_brand","embeddable":true,"href":"https:\/\/maschinentreff.de\/sv\/wp-json\/wp\/v2\/product_brand?post=4871"},{"taxonomy":"product_cat","embeddable":true,"href":"https:\/\/maschinentreff.de\/sv\/wp-json\/wp\/v2\/product_cat?post=4871"},{"taxonomy":"product_tag","embeddable":true,"href":"https:\/\/maschinentreff.de\/sv\/wp-json\/wp\/v2\/product_tag?post=4871"},{"taxonomy":"manufacturers","embeddable":true,"href":"https:\/\/maschinentreff.de\/sv\/wp-json\/wp\/v2\/manufacturers?post=4871"}],"curies":[{"name":"wp","href":"https:\/\/api.w.org\/{rel}","templated":true}]}}