{"id":4869,"date":"2024-11-18T20:07:08","date_gmt":"2024-11-18T19:07:08","guid":{"rendered":"https:\/\/maschinentreff.de\/tractor-2007-john-deere-6530-premium-4x4\/"},"modified":"2025-10-06T21:53:44","modified_gmt":"2025-10-06T19:53:44","slug":"traktor-2007-john-deere-6530-premium-4x4-2","status":"publish","type":"product","link":"https:\/\/maschinentreff.de\/sv\/traktor-2007-john-deere-6530-premium-4x4-2\/","title":{"rendered":"Traktor 2007 John Deere 6530 Premium 4\u00d74"},"content":{"rendered":"<p><strong>Hytt och komfort:<\/strong><\/p>\n<ul>\n<li>Sluten hytt<\/li>\n<li>Luftkonditionering<\/li>\n<\/ul>\n<p>&nbsp;<\/p>\n<p><strong>V\u00e4xell\u00e5da och reglage:<\/strong><\/p>\n<ul>\n<li>IVT (o\u00e4ndligt variabel v\u00e4xell\u00e5da)<\/li>\n<li>V\u00e4nster handv\u00e4ndare<\/li>\n<li>Joystick f\u00f6r lastare<\/li>\n<\/ul>\n<p>&nbsp;<\/p>\n<p><strong>Hydraulik och kraftuttag:<\/strong><\/p>\n<ul>\n<li>Fr\u00e4mre fj\u00e4rrkontroller<\/li>\n<li>3 bakre fj\u00e4rrkontroller<\/li>\n<li>540\/1000 KRAFTUTTAG<\/li>\n<li>3-punkts dragkrok<\/li>\n<li>Utv\u00e4ndiga 3-punktsreglage f\u00f6r dragkrok<\/li>\n<\/ul>\n<p>&nbsp;<\/p>\n<p><strong>Lastare och l\u00e4nkage:<\/strong><\/p>\n<ul>\n<li>Monteringsram f\u00f6r lastare<\/li>\n<li>Fr\u00e4mre 3-punkts dragkrok<\/li>\n<\/ul>\n<p>&nbsp;<\/p>\n<p><strong>Chassi och axel:<\/strong><\/p>\n<ul>\n<li>Upph\u00e4ngd framaxel<\/li>\n<li>Differentiall\u00e5s<\/li>\n<\/ul>\n<p>&nbsp;<\/p>\n<p><strong>D\u00e4ck:<\/strong><\/p>\n<ul>\n<li>460\/70R24 framd\u00e4ck<\/li>\n<li>520\/70R38 bakre d\u00e4ck<\/li>\n<\/ul>","protected":false},"excerpt":{"rendered":"<p>Begagnad 2007 John Deere 6530 Premium Tractor, tim: 8,725 till salu 31,000 \u20ac. Sluten hytt, luftkonditionering, IVT, lastarram, frontlyft och mycket mer.<\/p>","protected":false},"featured_media":6964,"template":"","meta":{"_jet_sm_ready_style":"","_jet_sm_style":"","_jet_sm_controls_values":"","_jet_sm_fonts_collection":"","_jet_sm_fonts_links":""},"product_brand":[549],"product_cat":[108,82],"product_tag":[76],"manufacturers":[73],"class_list":{"0":"post-4869","1":"product","2":"type-product","3":"status-publish","4":"has-post-thumbnail","6":"product_brand-john-deere","7":"product_cat-agricultural-machinery","8":"product_cat-tractors","9":"product_tag-used","10":"manufacturers-john-deere","12":"first","13":"instock","14":"taxable","15":"shipping-taxable","16":"purchasable","17":"product-type-simple"},"_links":{"self":[{"href":"https:\/\/maschinentreff.de\/sv\/wp-json\/wp\/v2\/product\/4869","targetHints":{"allow":["GET"]}}],"collection":[{"href":"https:\/\/maschinentreff.de\/sv\/wp-json\/wp\/v2\/product"}],"about":[{"href":"https:\/\/maschinentreff.de\/sv\/wp-json\/wp\/v2\/types\/product"}],"version-history":[{"count":1,"href":"https:\/\/maschinentreff.de\/sv\/wp-json\/wp\/v2\/product\/4869\/revisions"}],"predecessor-version":[{"id":6752,"href":"https:\/\/maschinentreff.de\/sv\/wp-json\/wp\/v2\/product\/4869\/revisions\/6752"}],"wp:featuredmedia":[{"embeddable":true,"href":"https:\/\/maschinentreff.de\/sv\/wp-json\/wp\/v2\/media\/6964"}],"wp:attachment":[{"href":"https:\/\/maschinentreff.de\/sv\/wp-json\/wp\/v2\/media?parent=4869"}],"wp:term":[{"taxonomy":"product_brand","embeddable":true,"href":"https:\/\/maschinentreff.de\/sv\/wp-json\/wp\/v2\/product_brand?post=4869"},{"taxonomy":"product_cat","embeddable":true,"href":"https:\/\/maschinentreff.de\/sv\/wp-json\/wp\/v2\/product_cat?post=4869"},{"taxonomy":"product_tag","embeddable":true,"href":"https:\/\/maschinentreff.de\/sv\/wp-json\/wp\/v2\/product_tag?post=4869"},{"taxonomy":"manufacturers","embeddable":true,"href":"https:\/\/maschinentreff.de\/sv\/wp-json\/wp\/v2\/manufacturers?post=4869"}],"curies":[{"name":"wp","href":"https:\/\/api.w.org\/{rel}","templated":true}]}}