{"id":4876,"date":"2024-11-18T20:07:24","date_gmt":"2024-11-18T19:07:24","guid":{"rendered":"https:\/\/maschinentreff.de\/tractor-2015-case-ih-160-cvx-4x4\/"},"modified":"2025-10-01T09:45:49","modified_gmt":"2025-10-01T07:45:49","slug":"traktor-2015-case-ih-puma-160-cvx-4x4-2","status":"publish","type":"product","link":"https:\/\/maschinentreff.de\/nb\/traktor-2015-case-ih-puma-160-cvx-4x4-2\/","title":{"rendered":"Traktor 2015 Case IH Puma 160 CVX 4\u00d74"},"content":{"rendered":"<p><strong>F\u00f8rerhus\/operat\u00f8rstasjon:<\/strong><\/p>\n<ul>\n<li>Lukket f\u00f8rerhus<\/li>\n<li>Klimaanlegg<\/li>\n<li>Air Ride-sete<\/li>\n<li>Drosjeoppheng<\/li>\n<\/ul>\n<p>&nbsp;<\/p>\n<p><strong>Overf\u00f8ring og kontroller:<\/strong><\/p>\n<ul>\n<li>CVT (kontinuerlig variabel girkasse)<\/li>\n<li>ISOBUS<\/li>\n<li>Utvendig 3-punkts kontroll for hengerfeste<\/li>\n<\/ul>\n<p>&nbsp;<\/p>\n<p><strong>Hydraulikk og kraftuttak:<\/strong><\/p>\n<ul>\n<li>1 fjernkontroll foran<\/li>\n<li>3 fjernkontroller bak<\/li>\n<li>Kraftuttak foran<\/li>\n<li>540\/1000 KRAFTUTTAK<\/li>\n<\/ul>\n<p>&nbsp;<\/p>\n<p><strong>Sammenkobling:<\/strong><\/p>\n<ul>\n<li>3-punkts trekkfeste foran<\/li>\n<li>3-punkts hengerfeste<\/li>\n<\/ul>\n<p>&nbsp;<\/p>\n<p><strong>Chassis og aksel:<\/strong><\/p>\n<ul>\n<li>Opphengt foraksel<\/li>\n<\/ul>\n<p>&nbsp;<\/p>\n<p><strong>Motor:<\/strong><\/p>\n<ul>\n<li>Krever AdBlue<\/li>\n<\/ul>\n<p>&nbsp;<\/p>\n<p><strong>Dekk:<\/strong><\/p>\n<ul>\n<li>480\/70R28 dekk foran<\/li>\n<li>580\/70R38 bakdekk<\/li>\n<\/ul>","protected":false},"excerpt":{"rendered":"<p>Brukt 2015 Case IH PUMA 160 CVX Traktor, timer: 3,537 til salgs for \u20ac49,500. Lukket f\u00f8rerhus, klimaanlegg, CVT, f\u00f8rerhusfj\u00e6ring, kraftuttak foran, med mer.<\/p>","protected":false},"featured_media":7271,"template":"","meta":{"_jet_sm_ready_style":"","_jet_sm_style":"","_jet_sm_controls_values":"","_jet_sm_fonts_collection":"","_jet_sm_fonts_links":""},"product_brand":[575],"product_cat":[108,82],"product_tag":[76],"manufacturers":[124],"class_list":{"0":"post-4876","1":"product","2":"type-product","3":"status-publish","4":"has-post-thumbnail","6":"product_brand-case-ih","7":"product_cat-agricultural-machinery","8":"product_cat-tractors","9":"product_tag-used","10":"manufacturers-case-ih","12":"first","13":"instock","14":"sale","15":"taxable","16":"shipping-taxable","17":"purchasable","18":"product-type-simple"},"_links":{"self":[{"href":"https:\/\/maschinentreff.de\/nb\/wp-json\/wp\/v2\/product\/4876","targetHints":{"allow":["GET"]}}],"collection":[{"href":"https:\/\/maschinentreff.de\/nb\/wp-json\/wp\/v2\/product"}],"about":[{"href":"https:\/\/maschinentreff.de\/nb\/wp-json\/wp\/v2\/types\/product"}],"version-history":[{"count":3,"href":"https:\/\/maschinentreff.de\/nb\/wp-json\/wp\/v2\/product\/4876\/revisions"}],"predecessor-version":[{"id":7291,"href":"https:\/\/maschinentreff.de\/nb\/wp-json\/wp\/v2\/product\/4876\/revisions\/7291"}],"wp:featuredmedia":[{"embeddable":true,"href":"https:\/\/maschinentreff.de\/nb\/wp-json\/wp\/v2\/media\/7271"}],"wp:attachment":[{"href":"https:\/\/maschinentreff.de\/nb\/wp-json\/wp\/v2\/media?parent=4876"}],"wp:term":[{"taxonomy":"product_brand","embeddable":true,"href":"https:\/\/maschinentreff.de\/nb\/wp-json\/wp\/v2\/product_brand?post=4876"},{"taxonomy":"product_cat","embeddable":true,"href":"https:\/\/maschinentreff.de\/nb\/wp-json\/wp\/v2\/product_cat?post=4876"},{"taxonomy":"product_tag","embeddable":true,"href":"https:\/\/maschinentreff.de\/nb\/wp-json\/wp\/v2\/product_tag?post=4876"},{"taxonomy":"manufacturers","embeddable":true,"href":"https:\/\/maschinentreff.de\/nb\/wp-json\/wp\/v2\/manufacturers?post=4876"}],"curies":[{"name":"wp","href":"https:\/\/api.w.org\/{rel}","templated":true}]}}