{"id":4871,"date":"2024-11-18T20:07:13","date_gmt":"2024-11-18T19:07:13","guid":{"rendered":"https:\/\/maschinentreff.de\/tractor-2012-fendt-722-scr-profi-4x4\/"},"modified":"2025-10-06T21:53:44","modified_gmt":"2025-10-06T19:53:44","slug":"traktor-2012-fendt-722-vario-4x4-2","status":"publish","type":"product","link":"https:\/\/maschinentreff.de\/nb\/traktor-2012-fendt-722-vario-4x4-2\/","title":{"rendered":"Traktor 2012 Fendt 722 Vario 4\u00d74"},"content":{"rendered":"<p><strong>F\u00f8rerhus og komfort:<\/strong><\/p>\n<ul>\n<li>Lukket f\u00f8rerhus<\/li>\n<li>Klimaanlegg<\/li>\n<li>Drosjeoppheng<\/li>\n<\/ul>\n<p>&nbsp;<\/p>\n<p><strong>Overf\u00f8ring og kontroller:<\/strong><\/p>\n<ul>\n<li>CVT (kontinuerlig variabel girkasse)<\/li>\n<li>Venstre h\u00e5nd reverserer<\/li>\n<li>Krypeutstyr<\/li>\n<\/ul>\n<p>&nbsp;<\/p>\n<p><strong>Motor og utslipp:<\/strong><\/p>\n<ul>\n<li>Krever AdBlue<\/li>\n<\/ul>\n<p>&nbsp;<\/p>\n<p><strong>Hydraulikk og kraftuttak:<\/strong><\/p>\n<ul>\n<li>1 fjernkontroll foran<\/li>\n<li>4 fjernkontroller bak<\/li>\n<li>Hjelpehydraulikk<\/li>\n<li>Kraftuttak foran<\/li>\n<li>540\/1000 KRAFTUTTAK<\/li>\n<\/ul>\n<p>&nbsp;<\/p>\n<p><strong>3-punkts hengerfeste og kobling:<\/strong><\/p>\n<ul>\n<li>3-punkts hurtigkobling foran<\/li>\n<li>3-punkts hengerfeste med hurtigkobling<\/li>\n<li>Hydraulisk topplenke<\/li>\n<li>Utvendig 3-punkts kontroll for hengerfeste<\/li>\n<\/ul>\n<p>&nbsp;<\/p>\n<p><strong>Chassis og aksel:<\/strong><\/p>\n<ul>\n<li>Opphengt foraksel<\/li>\n<\/ul>\n<p>&nbsp;<\/p>\n<p><strong>Bremser og tauing:<\/strong><\/p>\n<ul>\n<li>Luftbremsesystem<\/li>\n<li>Tilhengerfeste<\/li>\n<\/ul>\n<p>&nbsp;<\/p>\n<p><strong>Dekk:<\/strong><\/p>\n<ul>\n<li>600\/65R28-dekk foran<\/li>\n<li>710\/70R38 bakdekk<\/li>\n<\/ul>","protected":false},"excerpt":{"rendered":"<p>Brukt 2012 Fendt 722 Vario Tractor, timer: 7 083 til salgs for 55 000 kr. Lukket f\u00f8rerhus, klimaanlegg, CVT, f\u00f8rerhusfj\u00e6ring, kraftuttak foran og mye mer.<\/p>","protected":false},"featured_media":6989,"template":"","meta":{"_jet_sm_ready_style":"","_jet_sm_style":"","_jet_sm_controls_values":"","_jet_sm_fonts_collection":"","_jet_sm_fonts_links":""},"product_brand":[546],"product_cat":[108,82],"product_tag":[76],"manufacturers":[132],"class_list":{"0":"post-4871","1":"product","2":"type-product","3":"status-publish","4":"has-post-thumbnail","6":"product_brand-fendt","7":"product_cat-agricultural-machinery","8":"product_cat-tractors","9":"product_tag-used","10":"manufacturers-fendt","12":"first","13":"instock","14":"taxable","15":"shipping-taxable","16":"purchasable","17":"product-type-simple"},"_links":{"self":[{"href":"https:\/\/maschinentreff.de\/nb\/wp-json\/wp\/v2\/product\/4871","targetHints":{"allow":["GET"]}}],"collection":[{"href":"https:\/\/maschinentreff.de\/nb\/wp-json\/wp\/v2\/product"}],"about":[{"href":"https:\/\/maschinentreff.de\/nb\/wp-json\/wp\/v2\/types\/product"}],"version-history":[{"count":1,"href":"https:\/\/maschinentreff.de\/nb\/wp-json\/wp\/v2\/product\/4871\/revisions"}],"predecessor-version":[{"id":6754,"href":"https:\/\/maschinentreff.de\/nb\/wp-json\/wp\/v2\/product\/4871\/revisions\/6754"}],"wp:featuredmedia":[{"embeddable":true,"href":"https:\/\/maschinentreff.de\/nb\/wp-json\/wp\/v2\/media\/6989"}],"wp:attachment":[{"href":"https:\/\/maschinentreff.de\/nb\/wp-json\/wp\/v2\/media?parent=4871"}],"wp:term":[{"taxonomy":"product_brand","embeddable":true,"href":"https:\/\/maschinentreff.de\/nb\/wp-json\/wp\/v2\/product_brand?post=4871"},{"taxonomy":"product_cat","embeddable":true,"href":"https:\/\/maschinentreff.de\/nb\/wp-json\/wp\/v2\/product_cat?post=4871"},{"taxonomy":"product_tag","embeddable":true,"href":"https:\/\/maschinentreff.de\/nb\/wp-json\/wp\/v2\/product_tag?post=4871"},{"taxonomy":"manufacturers","embeddable":true,"href":"https:\/\/maschinentreff.de\/nb\/wp-json\/wp\/v2\/manufacturers?post=4871"}],"curies":[{"name":"wp","href":"https:\/\/api.w.org\/{rel}","templated":true}]}}