{"id":6716,"date":"2025-09-16T17:31:44","date_gmt":"2025-09-16T15:31:44","guid":{"rendered":"https:\/\/maschinentreff.de\/?post_type=product&#038;p=6716"},"modified":"2025-09-16T18:36:45","modified_gmt":"2025-09-16T16:36:45","slug":"moto-2015-bmw-r1200gs-adventure","status":"publish","type":"product","link":"https:\/\/maschinentreff.de\/fr\/moto-2015-bmw-r1200gs-adventure\/","title":{"rendered":"Moto 2015 BMW R1200GS Adventure"},"content":{"rendered":"<p>A vendre : BMW R1200GS Adventure 2015, avec seulement 23 328 km. Cette embl\u00e9matique enduro de tourisme combine le confort sur longue distance, les capacit\u00e9s tout-terrain et la fiabilit\u00e9 \u00e9prouv\u00e9e de BMW. La moto est en excellent \u00e9tat, soigneusement entretenue, et pr\u00eate \u00e0 la fois pour le tourisme d'aventure et la conduite de tous les jours. Un choix parfait pour les conducteurs \u00e0 la recherche d'un compagnon de voyage polyvalent et fiable.<\/p>\n<p>&nbsp;<\/p>\n<ul>\n<li>Puissant moteur boxer de 125 ch<\/li>\n<li>ABS, contr\u00f4le de la traction, modes de conduite<\/li>\n<li>Pare-brise haut pour le confort de la randonn\u00e9e<\/li>\n<li>Barres de s\u00e9curit\u00e9 d'origine pour une protection accrue<\/li>\n<li>Bo\u00eetier sup\u00e9rieur en aluminium inclus<\/li>\n<li>Pneus tout-terrain mont\u00e9s<\/li>\n<\/ul>","protected":false},"excerpt":{"rendered":"<p>2015 BMW R1200GS Adventure, 23 328 km \u00e0 vendre \u20ac12 299. Enduro de tourisme haut de gamme avec syst\u00e8me de bagages, crash bars et pneus tout-terrain.<\/p>","protected":false},"featured_media":6749,"template":"","meta":{"_jet_sm_ready_style":"","_jet_sm_style":"","_jet_sm_controls_values":"","_jet_sm_fonts_collection":"","_jet_sm_fonts_links":""},"product_brand":[589],"product_cat":[532,530],"product_tag":[76],"manufacturers":[537],"class_list":{"0":"post-6716","1":"product","2":"type-product","3":"status-publish","4":"has-post-thumbnail","6":"product_brand-bmw","7":"product_cat-motorcycles","8":"product_cat-automotive-leisure-vehicles","9":"product_tag-used","10":"manufacturers-bmw","12":"first","13":"instock","14":"taxable","15":"shipping-taxable","16":"purchasable","17":"product-type-simple"},"_links":{"self":[{"href":"https:\/\/maschinentreff.de\/fr\/wp-json\/wp\/v2\/product\/6716","targetHints":{"allow":["GET"]}}],"collection":[{"href":"https:\/\/maschinentreff.de\/fr\/wp-json\/wp\/v2\/product"}],"about":[{"href":"https:\/\/maschinentreff.de\/fr\/wp-json\/wp\/v2\/types\/product"}],"version-history":[{"count":5,"href":"https:\/\/maschinentreff.de\/fr\/wp-json\/wp\/v2\/product\/6716\/revisions"}],"predecessor-version":[{"id":6785,"href":"https:\/\/maschinentreff.de\/fr\/wp-json\/wp\/v2\/product\/6716\/revisions\/6785"}],"wp:featuredmedia":[{"embeddable":true,"href":"https:\/\/maschinentreff.de\/fr\/wp-json\/wp\/v2\/media\/6749"}],"wp:attachment":[{"href":"https:\/\/maschinentreff.de\/fr\/wp-json\/wp\/v2\/media?parent=6716"}],"wp:term":[{"taxonomy":"product_brand","embeddable":true,"href":"https:\/\/maschinentreff.de\/fr\/wp-json\/wp\/v2\/product_brand?post=6716"},{"taxonomy":"product_cat","embeddable":true,"href":"https:\/\/maschinentreff.de\/fr\/wp-json\/wp\/v2\/product_cat?post=6716"},{"taxonomy":"product_tag","embeddable":true,"href":"https:\/\/maschinentreff.de\/fr\/wp-json\/wp\/v2\/product_tag?post=6716"},{"taxonomy":"manufacturers","embeddable":true,"href":"https:\/\/maschinentreff.de\/fr\/wp-json\/wp\/v2\/manufacturers?post=6716"}],"curies":[{"name":"wp","href":"https:\/\/api.w.org\/{rel}","templated":true}]}}