{"id":4901,"date":"2024-11-18T10:08:27","date_gmt":"2024-11-18T09:08:27","guid":{"rendered":"https:\/\/maschinentreff.de\/tractor-2021-john-deere-6140m-4wd\/"},"modified":"2025-09-16T18:31:17","modified_gmt":"2025-09-16T16:31:17","slug":"tracteur-2016-john-deere-8345r-4wd-2","status":"publish","type":"product","link":"https:\/\/maschinentreff.de\/fr\/tracteur-2016-john-deere-8345r-4wd-2\/","title":{"rendered":"Tracteur 2016 John Deere 8345R 4WD"},"content":{"rendered":"<p><strong>Poste de travail cabine\/op\u00e9rateur :<\/strong><\/p>\n<ul>\n<li>Cabine ferm\u00e9e<\/li>\n<li>Climatiseur<\/li>\n<li>4600 CommandCenter Display<\/li>\n<\/ul>\n<p>&nbsp;<\/p>\n<p><strong>Transmission et commandes :<\/strong><\/p>\n<ul>\n<li>IVT (transmission \u00e0 variation continue)<\/li>\n<li>Inverseur pour la main gauche<\/li>\n<li>Rampant<\/li>\n<li>Mode de conduite en marche arri\u00e8re<\/li>\n<\/ul>\n<p>&nbsp;<\/p>\n<p><strong>Guidage et \u00e9lectronique :<\/strong><\/p>\n<ul>\n<li>Antenne\/r\u00e9cepteur StarFire 3000<\/li>\n<li>Autosteer<\/li>\n<li>Activation de SF1<\/li>\n<li>ISOBUS<\/li>\n<\/ul>\n<p>&nbsp;<\/p>\n<p><strong>Hydraulique et prise de force :<\/strong><\/p>\n<ul>\n<li>2 t\u00e9l\u00e9commandes frontales<\/li>\n<li>5 t\u00e9l\u00e9commandes arri\u00e8re<\/li>\n<li>Hydraulique auxiliaire<\/li>\n<li>D\u00e9tection de la charge<\/li>\n<li>Bras sup\u00e9rieur hydraulique<\/li>\n<li>1000 PTO<\/li>\n<\/ul>\n<p>&nbsp;<\/p>\n<p><strong>Timonerie et attelage :<\/strong><\/p>\n<ul>\n<li>Attelage rapide 3 points \u00e0 l'avant<\/li>\n<li>Attelage 3 points avec Quick Hitch<\/li>\n<li>Commandes ext\u00e9rieures de l'attelage en 3 points<\/li>\n<li>Attelage de remorque<\/li>\n<li>Barre de traction<\/li>\n<\/ul>\n<p>&nbsp;<\/p>\n<p><strong>Ch\u00e2ssis et essieux :<\/strong><\/p>\n<ul>\n<li>Essieu avant suspendu<\/li>\n<\/ul>\n<p>&nbsp;<\/p>\n<p><strong>Jantes et pneus :<\/strong><\/p>\n<ul>\n<li>Pneus avant 650\/65R34<\/li>\n<li>Pneus arri\u00e8re 710\/75R42<\/li>\n<li>Poids des roues arri\u00e8re<\/li>\n<\/ul>","protected":false},"excerpt":{"rendered":"<p>Tracteur John Deere 8345R 2016 d'occasion, heures : 3,311 \u00e0 vendre \u20ac89,500. Cabine ferm\u00e9e, Air conditionn\u00e9, IVT, Autosteer, Inverseur de marche \u00e0 gauche, et plus.<\/p>","protected":false},"featured_media":0,"template":"","meta":{"_jet_sm_ready_style":"","_jet_sm_style":"","_jet_sm_controls_values":"","_jet_sm_fonts_collection":"","_jet_sm_fonts_links":""},"product_brand":[549],"product_cat":[108,82],"product_tag":[76],"manufacturers":[73],"class_list":{"0":"post-4901","1":"product","2":"type-product","3":"status-publish","5":"product_brand-john-deere","6":"product_cat-agricultural-machinery","7":"product_cat-tractors","8":"product_tag-used","9":"manufacturers-john-deere","11":"first","12":"instock","13":"sale","14":"taxable","15":"shipping-taxable","16":"purchasable","17":"product-type-simple"},"_links":{"self":[{"href":"https:\/\/maschinentreff.de\/fr\/wp-json\/wp\/v2\/product\/4901","targetHints":{"allow":["GET"]}}],"collection":[{"href":"https:\/\/maschinentreff.de\/fr\/wp-json\/wp\/v2\/product"}],"about":[{"href":"https:\/\/maschinentreff.de\/fr\/wp-json\/wp\/v2\/types\/product"}],"version-history":[{"count":1,"href":"https:\/\/maschinentreff.de\/fr\/wp-json\/wp\/v2\/product\/4901\/revisions"}],"predecessor-version":[{"id":6784,"href":"https:\/\/maschinentreff.de\/fr\/wp-json\/wp\/v2\/product\/4901\/revisions\/6784"}],"wp:attachment":[{"href":"https:\/\/maschinentreff.de\/fr\/wp-json\/wp\/v2\/media?parent=4901"}],"wp:term":[{"taxonomy":"product_brand","embeddable":true,"href":"https:\/\/maschinentreff.de\/fr\/wp-json\/wp\/v2\/product_brand?post=4901"},{"taxonomy":"product_cat","embeddable":true,"href":"https:\/\/maschinentreff.de\/fr\/wp-json\/wp\/v2\/product_cat?post=4901"},{"taxonomy":"product_tag","embeddable":true,"href":"https:\/\/maschinentreff.de\/fr\/wp-json\/wp\/v2\/product_tag?post=4901"},{"taxonomy":"manufacturers","embeddable":true,"href":"https:\/\/maschinentreff.de\/fr\/wp-json\/wp\/v2\/manufacturers?post=4901"}],"curies":[{"name":"wp","href":"https:\/\/api.w.org\/{rel}","templated":true}]}}