{"id":4900,"date":"2025-01-02T10:08:25","date_gmt":"2025-01-02T09:08:25","guid":{"rendered":"https:\/\/maschinentreff.de\/backhoe-loader-2018-jcb-3cx-4x4\/"},"modified":"2025-09-16T18:36:15","modified_gmt":"2025-09-16T16:36:15","slug":"tracteur-2023-new-holland-t7-165s-4wd-lot-2","status":"publish","type":"product","link":"https:\/\/maschinentreff.de\/fr\/tracteur-2023-new-holland-t7-165s-4wd-lot-2\/","title":{"rendered":"Tracteur 2023 New Holland T7.165 S 4WD Lot : 1"},"content":{"rendered":"<p><strong>Cabine et confort :<\/strong><\/p>\n<ul>\n<li>Cabine ferm\u00e9e<\/li>\n<li>Climatiseur<\/li>\n<li>Si\u00e8ge \u00e0 suspension pneumatique<\/li>\n<li>Suspension de la cabine<\/li>\n<\/ul>\n<p>&nbsp;<\/p>\n<p><strong>Transmission et commandes :<\/strong><\/p>\n<ul>\n<li>18 vitesses avant \/ 6 vitesses arri\u00e8re<\/li>\n<li>Transmission \u00e0 double commande<\/li>\n<\/ul>\n<p>&nbsp;<\/p>\n<p><strong>Moteur et \u00e9missions :<\/strong><\/p>\n<ul>\n<li>N\u00e9cessite de l'AdBlue<\/li>\n<\/ul>\n<p>&nbsp;<\/p>\n<p><strong>Hydraulique et prise de force :<\/strong><\/p>\n<ul>\n<li>3 t\u00e9l\u00e9commandes hydrauliques \u00e0 l'arri\u00e8re<\/li>\n<li>Hydraulique auxiliaire<\/li>\n<li>540\/1000 PTO<\/li>\n<\/ul>\n<p>&nbsp;<\/p>\n<p><strong>Attelage et tringlerie :<\/strong><\/p>\n<ul>\n<li>Attelage 3 points<\/li>\n<\/ul>\n<p>&nbsp;<\/p>\n<p><strong>\u00c9clairage et visibilit\u00e9 :<\/strong><\/p>\n<ul>\n<li>Lumi\u00e8res LED<\/li>\n<\/ul>\n<p>&nbsp;<\/p>\n<p><strong>Lest et poids :<\/strong><\/p>\n<ul>\n<li>Poids avant<\/li>\n<\/ul>\n<p>&nbsp;<\/p>\n<p><strong>Pneus :<\/strong><\/p>\n<ul>\n<li>Pneus avant : 480\/70R28<\/li>\n<li>Pneus arri\u00e8re : 580\/70R38<\/li>\n<\/ul>","protected":false},"excerpt":{"rendered":"<p>Tracteur New Holland T7.165 S 2023 d'occasion, heures : 477 \u00e0 vendre \u20ac44,500. Cabine ferm\u00e9e, air conditionn\u00e9, double commande, suspension de la cabine, et plus encore.<\/p>","protected":false},"featured_media":0,"template":"","meta":{"_jet_sm_ready_style":"","_jet_sm_style":"","_jet_sm_controls_values":"","_jet_sm_fonts_collection":"","_jet_sm_fonts_links":""},"product_brand":[553],"product_cat":[108,82],"product_tag":[76],"manufacturers":[156],"class_list":{"0":"post-4900","1":"product","2":"type-product","3":"status-publish","5":"product_brand-new-holland","6":"product_cat-agricultural-machinery","7":"product_cat-tractors","8":"product_tag-used","9":"manufacturers-new-holland","11":"first","12":"instock","13":"taxable","14":"shipping-taxable","15":"purchasable","16":"product-type-simple"},"_links":{"self":[{"href":"https:\/\/maschinentreff.de\/fr\/wp-json\/wp\/v2\/product\/4900","targetHints":{"allow":["GET"]}}],"collection":[{"href":"https:\/\/maschinentreff.de\/fr\/wp-json\/wp\/v2\/product"}],"about":[{"href":"https:\/\/maschinentreff.de\/fr\/wp-json\/wp\/v2\/types\/product"}],"version-history":[{"count":1,"href":"https:\/\/maschinentreff.de\/fr\/wp-json\/wp\/v2\/product\/4900\/revisions"}],"predecessor-version":[{"id":6783,"href":"https:\/\/maschinentreff.de\/fr\/wp-json\/wp\/v2\/product\/4900\/revisions\/6783"}],"wp:attachment":[{"href":"https:\/\/maschinentreff.de\/fr\/wp-json\/wp\/v2\/media?parent=4900"}],"wp:term":[{"taxonomy":"product_brand","embeddable":true,"href":"https:\/\/maschinentreff.de\/fr\/wp-json\/wp\/v2\/product_brand?post=4900"},{"taxonomy":"product_cat","embeddable":true,"href":"https:\/\/maschinentreff.de\/fr\/wp-json\/wp\/v2\/product_cat?post=4900"},{"taxonomy":"product_tag","embeddable":true,"href":"https:\/\/maschinentreff.de\/fr\/wp-json\/wp\/v2\/product_tag?post=4900"},{"taxonomy":"manufacturers","embeddable":true,"href":"https:\/\/maschinentreff.de\/fr\/wp-json\/wp\/v2\/manufacturers?post=4900"}],"curies":[{"name":"wp","href":"https:\/\/api.w.org\/{rel}","templated":true}]}}