{"id":4895,"date":"2024-11-18T20:08:13","date_gmt":"2024-11-18T19:08:13","guid":{"rendered":"https:\/\/maschinentreff.de\/mini-excavator-2023-bobcat-e35z\/"},"modified":"2025-10-06T21:45:24","modified_gmt":"2025-10-06T19:45:24","slug":"mini-excavateur-2023-bobcat-e35z-lot-3","status":"publish","type":"product","link":"https:\/\/maschinentreff.de\/fr\/mini-excavateur-2023-bobcat-e35z-lot-3\/","title":{"rendered":"Minipelle 2023 Bobcat E35Z Lot : 2"},"content":{"rendered":"<p><strong>Poste de conduite (cabine\/plate-forme) :<\/strong><\/p>\n<ul>\n<li>Cabine ferm\u00e9e<\/li>\n<li>Si\u00e8ge \u00e0 suspension r\u00e9glable<\/li>\n<li>Commandes de d\u00e9placement avec verrouillage de s\u00e9curit\u00e9<\/li>\n<\/ul>\n<p>&nbsp;<\/p>\n<p><strong>Hydraulique :<\/strong><\/p>\n<ul>\n<li>Plomberie hydraulique auxiliaire<\/li>\n<li>Joystick hydraulique pilot\u00e9<\/li>\n<\/ul>\n<p>&nbsp;<\/p>\n<p><strong>Train de roulement :<\/strong><\/p>\n<ul>\n<li>Pistes en caoutchouc<\/li>\n<li>Ch\u00e2ssis de rail avec points d'arrimage et de levage int\u00e9gr\u00e9s<\/li>\n<\/ul>\n<p>&nbsp;<\/p>\n<p><strong>\u00c9quipement de travail (fl\u00e8che, bras, godet, accessoires) :<\/strong><\/p>\n<ul>\n<li>Barrage flottant<\/li>\n<li>Attache rapide manuelle<\/li>\n<li>Seau de fouille<\/li>\n<li>Lame de remblayage<\/li>\n<\/ul>","protected":false},"excerpt":{"rendered":"<p>Mini-pelle Bobcat E35Z 2023 d'occasion \u00e0 vendre : 28.000 \u20ac. Heures : 500, Cabine ferm\u00e9e, Fl\u00e8che pivotante, Hydraulique auxiliaire, Attache rapide, et plus.<\/p>","protected":false},"featured_media":7167,"template":"","meta":{"_jet_sm_ready_style":"","_jet_sm_style":"","_jet_sm_controls_values":"","_jet_sm_fonts_collection":"","_jet_sm_fonts_links":""},"product_brand":[558],"product_cat":[90,112,106],"product_tag":[76],"manufacturers":[121],"class_list":{"0":"post-4895","1":"product","2":"type-product","3":"status-publish","4":"has-post-thumbnail","6":"product_brand-bobcat","7":"product_cat-mini-excavators","8":"product_cat-construction-equipment","9":"product_cat-excavators","10":"product_tag-used","11":"manufacturers-bobcat","13":"first","14":"instock","15":"taxable","16":"shipping-taxable","17":"purchasable","18":"product-type-simple"},"_links":{"self":[{"href":"https:\/\/maschinentreff.de\/fr\/wp-json\/wp\/v2\/product\/4895","targetHints":{"allow":["GET"]}}],"collection":[{"href":"https:\/\/maschinentreff.de\/fr\/wp-json\/wp\/v2\/product"}],"about":[{"href":"https:\/\/maschinentreff.de\/fr\/wp-json\/wp\/v2\/types\/product"}],"version-history":[{"count":1,"href":"https:\/\/maschinentreff.de\/fr\/wp-json\/wp\/v2\/product\/4895\/revisions"}],"predecessor-version":[{"id":6778,"href":"https:\/\/maschinentreff.de\/fr\/wp-json\/wp\/v2\/product\/4895\/revisions\/6778"}],"wp:featuredmedia":[{"embeddable":true,"href":"https:\/\/maschinentreff.de\/fr\/wp-json\/wp\/v2\/media\/7167"}],"wp:attachment":[{"href":"https:\/\/maschinentreff.de\/fr\/wp-json\/wp\/v2\/media?parent=4895"}],"wp:term":[{"taxonomy":"product_brand","embeddable":true,"href":"https:\/\/maschinentreff.de\/fr\/wp-json\/wp\/v2\/product_brand?post=4895"},{"taxonomy":"product_cat","embeddable":true,"href":"https:\/\/maschinentreff.de\/fr\/wp-json\/wp\/v2\/product_cat?post=4895"},{"taxonomy":"product_tag","embeddable":true,"href":"https:\/\/maschinentreff.de\/fr\/wp-json\/wp\/v2\/product_tag?post=4895"},{"taxonomy":"manufacturers","embeddable":true,"href":"https:\/\/maschinentreff.de\/fr\/wp-json\/wp\/v2\/manufacturers?post=4895"}],"curies":[{"name":"wp","href":"https:\/\/api.w.org\/{rel}","templated":true}]}}