{"id":4890,"date":"2024-11-18T20:07:58","date_gmt":"2024-11-18T19:07:58","guid":{"rendered":"https:\/\/maschinentreff.de\/trailer-2022-brantner-z-18051-2-xxl-3-way-tipper\/"},"modified":"2025-10-05T16:38:18","modified_gmt":"2025-10-05T14:38:18","slug":"presse-a-balles-rondes-2022-fendt-rotana-130f-2","status":"publish","type":"product","link":"https:\/\/maschinentreff.de\/fr\/presse-a-balles-rondes-2022-fendt-rotana-130f-2\/","title":{"rendered":"Presse \u00e0 balles rondes 2022 Fendt Rotana 130F - Inutilis\u00e9"},"content":{"rendered":"<p><strong>Chambre de pressage :<\/strong><\/p>\n<ul>\n<li>Diam\u00e8tre de la chambre : 1,25 m<\/li>\n<li>Largeur de la chambre : 1,23 m<\/li>\n<li>Volume de la chambre : 1,50 m\u00b3<\/li>\n<li>Rouleaux PowerGrip : 18<\/li>\n<\/ul>\n<p>&nbsp;<\/p>\n<p><strong>Dimensions :<\/strong><\/p>\n<ul>\n<li>Longueur totale : 4,5 m<\/li>\n<li>Largeur totale : 2,7 m<\/li>\n<li>Hauteur totale : 2,6 m<\/li>\n<\/ul>\n<p>&nbsp;<\/p>\n<p><strong>Exigences en mati\u00e8re d'alimentation :<\/strong><\/p>\n<ul>\n<li>Puissance requise : 45 kW\/60 HP<\/li>\n<li>Vitesse de transmission : 540 tr\/min<\/li>\n<\/ul>\n<p>&nbsp;<\/p>\n<p><strong>Entra\u00eenement et bo\u00eete de vitesses :<\/strong><\/p>\n<ul>\n<li>Bo\u00eete de vitesses \u00e0 double effet : Standard<\/li>\n<li>Cha\u00eene cin\u00e9matique de l'outil WW : Standard<\/li>\n<li>Transmission avec roue libre et embrayage \u00e0 came : En option<\/li>\n<li>Cha\u00eene cin\u00e9matique avec roue libre et articulation WW : En option<\/li>\n<li>Lubrification automatique de la cha\u00eene : Standard<\/li>\n<li>Roulements \u00e0 rouleaux lubrifi\u00e9s \u00e0 vie : Standard<\/li>\n<\/ul>\n<p>&nbsp;<\/p>\n<p><strong>Barre d'attelage et attelage :<\/strong><\/p>\n<ul>\n<li>Barre d'attelage de traction r\u00e9glable en hauteur : Standard<\/li>\n<li>Anneau de barre d'attelage fixe 40 mm : Standard<\/li>\n<li>Anneau de barre d'attelage pivotant 35 mm : En option<\/li>\n<li>Attelage K80 : En option<\/li>\n<\/ul>\n<p>&nbsp;<\/p>\n<p><strong>Syst\u00e8me de ramassage :<\/strong><\/p>\n<ul>\n<li>Largeur de travail : 2,00\/2,25 m<\/li>\n<li>Enl\u00e8vement non contr\u00f4l\u00e9 : Standard<\/li>\n<li>Pick-Up 2,25 m : Standard<\/li>\n<li>Kit Pick-Up Alpin : En option<\/li>\n<li>Rang\u00e9es de dents : 5<\/li>\n<li>Espacement des dents : 64 mm<\/li>\n<li>Roues rigides pour pick-up : Standard<\/li>\n<li>Coupe-vent \u00e0 rouleau variable : En option<\/li>\n<\/ul>\n<p>&nbsp;<\/p>\n<p><strong>Technologie et caract\u00e9ristiques :<\/strong><\/p>\n<ul>\n<li>Compatible ISOBUS<\/li>\n<li>Syst\u00e8me de lubrification automatique<\/li>\n<li>Syst\u00e8me de coupe \u00e0 25 couteaux<\/li>\n<li>Syst\u00e8me de freinage pneumatique<\/li>\n<\/ul>\n<p>&nbsp;<\/p>","protected":false},"excerpt":{"rendered":"<p>Presse \u00e0 balles rondes Fendt Rotana 130F 2022 non utilis\u00e9e \u00e0 vendre 31 000 \u20ac. ISOBUS, Auto Lube, syst\u00e8me de freinage pneumatique, 25 couteaux, coupeur, et plus.<\/p>","protected":false},"featured_media":6907,"template":"","meta":{"_jet_sm_ready_style":"","_jet_sm_style":"","_jet_sm_controls_values":"","_jet_sm_fonts_collection":"","_jet_sm_fonts_links":""},"product_brand":[546],"product_cat":[108,396],"product_tag":[76],"manufacturers":[132],"class_list":{"0":"post-4890","1":"product","2":"type-product","3":"status-publish","4":"has-post-thumbnail","6":"product_brand-fendt","7":"product_cat-agricultural-machinery","8":"product_cat-hay-and-forage-machines","9":"product_tag-used","10":"manufacturers-fendt","12":"first","13":"instock","14":"taxable","15":"shipping-taxable","16":"purchasable","17":"product-type-simple"},"_links":{"self":[{"href":"https:\/\/maschinentreff.de\/fr\/wp-json\/wp\/v2\/product\/4890","targetHints":{"allow":["GET"]}}],"collection":[{"href":"https:\/\/maschinentreff.de\/fr\/wp-json\/wp\/v2\/product"}],"about":[{"href":"https:\/\/maschinentreff.de\/fr\/wp-json\/wp\/v2\/types\/product"}],"version-history":[{"count":1,"href":"https:\/\/maschinentreff.de\/fr\/wp-json\/wp\/v2\/product\/4890\/revisions"}],"predecessor-version":[{"id":6773,"href":"https:\/\/maschinentreff.de\/fr\/wp-json\/wp\/v2\/product\/4890\/revisions\/6773"}],"wp:featuredmedia":[{"embeddable":true,"href":"https:\/\/maschinentreff.de\/fr\/wp-json\/wp\/v2\/media\/6907"}],"wp:attachment":[{"href":"https:\/\/maschinentreff.de\/fr\/wp-json\/wp\/v2\/media?parent=4890"}],"wp:term":[{"taxonomy":"product_brand","embeddable":true,"href":"https:\/\/maschinentreff.de\/fr\/wp-json\/wp\/v2\/product_brand?post=4890"},{"taxonomy":"product_cat","embeddable":true,"href":"https:\/\/maschinentreff.de\/fr\/wp-json\/wp\/v2\/product_cat?post=4890"},{"taxonomy":"product_tag","embeddable":true,"href":"https:\/\/maschinentreff.de\/fr\/wp-json\/wp\/v2\/product_tag?post=4890"},{"taxonomy":"manufacturers","embeddable":true,"href":"https:\/\/maschinentreff.de\/fr\/wp-json\/wp\/v2\/manufacturers?post=4890"}],"curies":[{"name":"wp","href":"https:\/\/api.w.org\/{rel}","templated":true}]}}