{"id":4889,"date":"2024-11-18T20:07:55","date_gmt":"2024-11-18T19:07:55","guid":{"rendered":"https:\/\/maschinentreff.de\/mini-excavator-2022-bobcat-e50z-long-arm\/"},"modified":"2025-10-05T16:38:18","modified_gmt":"2025-10-05T14:38:18","slug":"remorque-2022-brantner-z-18051-2-xxl-3-way-tipper-lot-2","status":"publish","type":"product","link":"https:\/\/maschinentreff.de\/fr\/remorque-2022-brantner-z-18051-2-xxl-3-way-tipper-lot-2\/","title":{"rendered":"Remorque 2022 Brantner Z 18051\/2 XXL 3-Way Tipper Lot : 1 - Inutilis\u00e9"},"content":{"rendered":"<p><strong>Corps et structure :<\/strong><\/p>\n<ul>\n<li>Configuration de la benne \u00e0 trois voies<\/li>\n<li>Epaisseur de la t\u00f4le : 5 mm<\/li>\n<li>Hauteur du buffet : 800 mm<\/li>\n<li>Planche de fixation 1er jeu : 800 mm<\/li>\n<li>Raidissement du buffet : BW<\/li>\n<li>Taille de la plate-forme (\u00e0 l'int\u00e9rieur) : 5080 x 2410 mm<\/li>\n<li>Hauteur de la plate-forme : 1370 mm<\/li>\n<li>Angle d'inclinaison vers l'arri\u00e8re : 45\u00b0<\/li>\n<li>Angle d'inclinaison lat\u00e9rale : 45\u00b0<\/li>\n<li>Volume de chargement\/volume augment\u00e9 : 19,6 m\u00b3<\/li>\n<\/ul>\n<p>&nbsp;<\/p>\n<p><strong>Hydraulique :<\/strong><\/p>\n<ul>\n<li>Tuyau hydraulique traversant : Oui<\/li>\n<li>Quantit\u00e9 d'huile demand\u00e9e : 23 L<\/li>\n<li>Nombre de v\u00e9rins de levage chrom\u00e9s : 2<\/li>\n<li>Hauteur du v\u00e9rin : 1600 mm<\/li>\n<\/ul>\n<p>&nbsp;<\/p>\n<p><strong>Ch\u00e2ssis et essieux :<\/strong><\/p>\n<ul>\n<li>Axe carr\u00e9 : 120 mm<\/li>\n<li>Largeur de voie : 2000 mm<\/li>\n<\/ul>\n<p>&nbsp;<\/p>\n<p><strong>Remorquage et attelage :<\/strong><\/p>\n<ul>\n<li>Accouplement automatique de remorque<\/li>\n<li>Barre de remorquage : Oui<\/li>\n<li>Attelage arri\u00e8re<\/li>\n<\/ul>\n<p>&nbsp;<\/p>\n<p><strong>Syst\u00e8me de freinage :<\/strong><\/p>\n<ul>\n<li>Syst\u00e8me de freinage pneumatique<\/li>\n<li>Connexion arri\u00e8re pour le frein \u00e0 air : 2LDL<\/li>\n<\/ul>\n<p>&nbsp;<\/p>\n<p><strong>Performances et dimensions :<\/strong><\/p>\n<ul>\n<li>Vitesse maximale : 40 km\/h<\/li>\n<li>Largeur totale : 2550 mm<\/li>\n<li>Longueur totale : 7200 mm<\/li>\n<li>Poids brut : 18000 kg<\/li>\n<li>Poids net : 4500 kg<\/li>\n<\/ul>\n<p>&nbsp;<\/p>\n<p><strong>Caract\u00e9ristiques suppl\u00e9mentaires :<\/strong><\/p>\n<ul>\n<li>B\u00e2che<\/li>\n<li>Unit\u00e9 de d\u00e9monstration<\/li>\n<\/ul>","protected":false},"excerpt":{"rendered":"<p>Remorque 2022 Brantner Z 18051\/2 XXL d'occasion \u00e0 vendre \u20ac21,500. Unit\u00e9 de d\u00e9monstration inutilis\u00e9e, frein \u00e0 air, b\u00e2che, attelage arri\u00e8re, 40 km\/h, et plus.<\/p>","protected":false},"featured_media":7101,"template":"","meta":{"_jet_sm_ready_style":"","_jet_sm_style":"","_jet_sm_controls_values":"","_jet_sm_fonts_collection":"","_jet_sm_fonts_links":""},"product_brand":[590],"product_cat":[108,395],"product_tag":[76],"manufacturers":[499],"class_list":{"0":"post-4889","1":"product","2":"type-product","3":"status-publish","4":"has-post-thumbnail","6":"product_brand-brantner","7":"product_cat-agricultural-machinery","8":"product_cat-trailers","9":"product_tag-used","10":"manufacturers-brantner","12":"first","13":"instock","14":"sale","15":"taxable","16":"shipping-taxable","17":"purchasable","18":"product-type-simple"},"_links":{"self":[{"href":"https:\/\/maschinentreff.de\/fr\/wp-json\/wp\/v2\/product\/4889","targetHints":{"allow":["GET"]}}],"collection":[{"href":"https:\/\/maschinentreff.de\/fr\/wp-json\/wp\/v2\/product"}],"about":[{"href":"https:\/\/maschinentreff.de\/fr\/wp-json\/wp\/v2\/types\/product"}],"version-history":[{"count":1,"href":"https:\/\/maschinentreff.de\/fr\/wp-json\/wp\/v2\/product\/4889\/revisions"}],"predecessor-version":[{"id":6772,"href":"https:\/\/maschinentreff.de\/fr\/wp-json\/wp\/v2\/product\/4889\/revisions\/6772"}],"wp:featuredmedia":[{"embeddable":true,"href":"https:\/\/maschinentreff.de\/fr\/wp-json\/wp\/v2\/media\/7101"}],"wp:attachment":[{"href":"https:\/\/maschinentreff.de\/fr\/wp-json\/wp\/v2\/media?parent=4889"}],"wp:term":[{"taxonomy":"product_brand","embeddable":true,"href":"https:\/\/maschinentreff.de\/fr\/wp-json\/wp\/v2\/product_brand?post=4889"},{"taxonomy":"product_cat","embeddable":true,"href":"https:\/\/maschinentreff.de\/fr\/wp-json\/wp\/v2\/product_cat?post=4889"},{"taxonomy":"product_tag","embeddable":true,"href":"https:\/\/maschinentreff.de\/fr\/wp-json\/wp\/v2\/product_tag?post=4889"},{"taxonomy":"manufacturers","embeddable":true,"href":"https:\/\/maschinentreff.de\/fr\/wp-json\/wp\/v2\/manufacturers?post=4889"}],"curies":[{"name":"wp","href":"https:\/\/api.w.org\/{rel}","templated":true}]}}