{"id":4888,"date":"2024-11-18T00:00:52","date_gmt":"2024-11-17T23:00:52","guid":{"rendered":"https:\/\/maschinentreff.de\/wheel-excavator-2021-wacker-neuson-ew100\/"},"modified":"2025-10-06T21:53:54","modified_gmt":"2025-10-06T19:53:54","slug":"mini-excavateur-2022-bobcat-e50z-long-arm-2","status":"publish","type":"product","link":"https:\/\/maschinentreff.de\/fr\/mini-excavateur-2022-bobcat-e50z-long-arm-2\/","title":{"rendered":"Mini-pelle 2022 Bobcat E50Z Long Arm"},"content":{"rendered":"<p><strong>Poste de conduite (cabine\/plate-forme) :<\/strong><\/p>\n<ul>\n<li>Cabine ferm\u00e9e<\/li>\n<li>Climatiseur<\/li>\n<li>Si\u00e8ge \u00e0 suspension<\/li>\n<li>Accoudoirs r\u00e9glables<\/li>\n<li>Ceinture de s\u00e9curit\u00e9 r\u00e9tractable<\/li>\n<\/ul>\n<p>&nbsp;<\/p>\n<p><strong>Hydraulique :<\/strong><\/p>\n<ul>\n<li>Plomberie hydraulique auxiliaire<\/li>\n<li>Commandes hydrauliques pilot\u00e9es<\/li>\n<\/ul>\n<p>&nbsp;<\/p>\n<p><strong>Train de roulement :<\/strong><\/p>\n<ul>\n<li>Pistes en caoutchouc<\/li>\n<\/ul>\n<p>&nbsp;<\/p>\n<p><strong>\u00c9quipement de travail (fl\u00e8che, bras, godet, accessoires) :<\/strong><\/p>\n<ul>\n<li>Lame de remblayage<\/li>\n<li>Attache rapide manuelle<\/li>\n<li>V\u00e9rins de fl\u00e8che et de bras amortis<\/li>\n<li>Seau de fouille<\/li>\n<li>Configuration du bras long<\/li>\n<li>Hydraulique auxiliaire bidirectionnelle sur la fl\u00e8che<\/li>\n<\/ul>","protected":false},"excerpt":{"rendered":"<p>Bobcat E50Z Long Arm Mini Excavator 2022 d'occasion \u00e0 vendre : 35.500 \u20ac. Heures : 1.913, Cabine ferm\u00e9e, AC, Hydraulique auxiliaire, QC manuel, Lame de remblayage.<\/p>","protected":false},"featured_media":7107,"template":"","meta":{"_jet_sm_ready_style":"","_jet_sm_style":"","_jet_sm_controls_values":"","_jet_sm_fonts_collection":"","_jet_sm_fonts_links":""},"product_brand":[558],"product_cat":[112,106,90],"product_tag":[76],"manufacturers":[121],"class_list":{"0":"post-4888","1":"product","2":"type-product","3":"status-publish","4":"has-post-thumbnail","6":"product_brand-bobcat","7":"product_cat-construction-equipment","8":"product_cat-excavators","9":"product_cat-mini-excavators","10":"product_tag-used","11":"manufacturers-bobcat","13":"first","14":"instock","15":"sale","16":"taxable","17":"shipping-taxable","18":"purchasable","19":"product-type-simple"},"_links":{"self":[{"href":"https:\/\/maschinentreff.de\/fr\/wp-json\/wp\/v2\/product\/4888","targetHints":{"allow":["GET"]}}],"collection":[{"href":"https:\/\/maschinentreff.de\/fr\/wp-json\/wp\/v2\/product"}],"about":[{"href":"https:\/\/maschinentreff.de\/fr\/wp-json\/wp\/v2\/types\/product"}],"version-history":[{"count":1,"href":"https:\/\/maschinentreff.de\/fr\/wp-json\/wp\/v2\/product\/4888\/revisions"}],"predecessor-version":[{"id":6771,"href":"https:\/\/maschinentreff.de\/fr\/wp-json\/wp\/v2\/product\/4888\/revisions\/6771"}],"wp:featuredmedia":[{"embeddable":true,"href":"https:\/\/maschinentreff.de\/fr\/wp-json\/wp\/v2\/media\/7107"}],"wp:attachment":[{"href":"https:\/\/maschinentreff.de\/fr\/wp-json\/wp\/v2\/media?parent=4888"}],"wp:term":[{"taxonomy":"product_brand","embeddable":true,"href":"https:\/\/maschinentreff.de\/fr\/wp-json\/wp\/v2\/product_brand?post=4888"},{"taxonomy":"product_cat","embeddable":true,"href":"https:\/\/maschinentreff.de\/fr\/wp-json\/wp\/v2\/product_cat?post=4888"},{"taxonomy":"product_tag","embeddable":true,"href":"https:\/\/maschinentreff.de\/fr\/wp-json\/wp\/v2\/product_tag?post=4888"},{"taxonomy":"manufacturers","embeddable":true,"href":"https:\/\/maschinentreff.de\/fr\/wp-json\/wp\/v2\/manufacturers?post=4888"}],"curies":[{"name":"wp","href":"https:\/\/api.w.org\/{rel}","templated":true}]}}