{"id":4881,"date":"2024-11-18T20:07:35","date_gmt":"2024-11-18T19:07:35","guid":{"rendered":"https:\/\/maschinentreff.de\/mini-excavator-2017-takeuchi-tb260-2\/"},"modified":"2025-10-06T21:53:54","modified_gmt":"2025-10-06T19:53:54","slug":"tracteur-2018-new-holland-t7-290-autocommand-4x4-2","status":"publish","type":"product","link":"https:\/\/maschinentreff.de\/fr\/tracteur-2018-new-holland-t7-290-autocommand-4x4-2\/","title":{"rendered":"Tracteur 2018 New Holland T7.290 Autocommand 4\u00d74"},"content":{"rendered":"<p><strong>Cabine et confort :<\/strong><\/p>\n<ul>\n<li>Cabine ferm\u00e9e<\/li>\n<li>Climatiseur<\/li>\n<li>\u00c9cran IntelliView IV<\/li>\n<\/ul>\n<p>&nbsp;<\/p>\n<p><strong>Transmission et commandes :<\/strong><\/p>\n<ul>\n<li>CVT (transmission \u00e0 variation continue)<\/li>\n<li>Inverseur pour la main gauche<\/li>\n<li>\u00c9quipement pour rampants<\/li>\n<\/ul>\n<p>&nbsp;<\/p>\n<p><strong>Technologie et orientation :<\/strong><\/p>\n<ul>\n<li>Antenne\/r\u00e9cepteur New Holland<\/li>\n<li>Autosteer<\/li>\n<li>Activation de l'EGNOS<\/li>\n<li>Compatible ISOBUS<\/li>\n<\/ul>\n<p>&nbsp;<\/p>\n<p><strong>Moteur et \u00e9missions :<\/strong><\/p>\n<ul>\n<li>N\u00e9cessite de l'AdBlue<\/li>\n<\/ul>\n<p>&nbsp;<\/p>\n<p><strong>Hydraulique et prise de force :<\/strong><\/p>\n<ul>\n<li>2 t\u00e9l\u00e9commandes hydrauliques avant<\/li>\n<li>4 t\u00e9l\u00e9commandes hydrauliques \u00e0 l'arri\u00e8re<\/li>\n<li>Hydraulique auxiliaire<\/li>\n<li>Hydraulique \u00e0 d\u00e9tection de charge<\/li>\n<\/ul>\n<p>&nbsp;<\/p>\n<p><strong>Attelage et tringlerie :<\/strong><\/p>\n<ul>\n<li>Attelage avant 3 points avec attelage rapide<\/li>\n<li>Attelage arri\u00e8re 3 points avec attelage rapide<\/li>\n<li>Commandes ext\u00e9rieures de l'attelage en 3 points<\/li>\n<\/ul>\n<p>&nbsp;<\/p>\n<p><strong>Ch\u00e2ssis et essieu :<\/strong><\/p>\n<ul>\n<li>Essieu avant suspendu<\/li>\n<\/ul>\n<p>&nbsp;<\/p>\n<p><strong>Freins :<\/strong><\/p>\n<ul>\n<li>Syst\u00e8me de freinage pneumatique<\/li>\n<\/ul>\n<p>&nbsp;<\/p>\n<p><strong>Pneus et lestage :<\/strong><\/p>\n<ul>\n<li>Pneus avant : 650\/60R34<\/li>\n<li>Pneus arri\u00e8re : 710\/75R42<\/li>\n<li>Poids des roues arri\u00e8re<\/li>\n<\/ul>\n<p>&nbsp;<\/p>","protected":false},"excerpt":{"rendered":"<p>Tracteur New Holland T7.290 Autocommand 4WD 2018 d'occasion, heures : 4,279 \u00e0 vendre \u20ac68,000. Cabine ferm\u00e9e, CVT, Autosteer, attelage avant 3 points, et plus.<\/p>","protected":false},"featured_media":6799,"template":"","meta":{"_jet_sm_ready_style":"","_jet_sm_style":"","_jet_sm_controls_values":"","_jet_sm_fonts_collection":"","_jet_sm_fonts_links":""},"product_brand":[553],"product_cat":[108,82],"product_tag":[76],"manufacturers":[156],"class_list":{"0":"post-4881","1":"product","2":"type-product","3":"status-publish","4":"has-post-thumbnail","6":"product_brand-new-holland","7":"product_cat-agricultural-machinery","8":"product_cat-tractors","9":"product_tag-used","10":"manufacturers-new-holland","12":"first","13":"instock","14":"taxable","15":"shipping-taxable","16":"purchasable","17":"product-type-simple"},"_links":{"self":[{"href":"https:\/\/maschinentreff.de\/fr\/wp-json\/wp\/v2\/product\/4881","targetHints":{"allow":["GET"]}}],"collection":[{"href":"https:\/\/maschinentreff.de\/fr\/wp-json\/wp\/v2\/product"}],"about":[{"href":"https:\/\/maschinentreff.de\/fr\/wp-json\/wp\/v2\/types\/product"}],"version-history":[{"count":1,"href":"https:\/\/maschinentreff.de\/fr\/wp-json\/wp\/v2\/product\/4881\/revisions"}],"predecessor-version":[{"id":6764,"href":"https:\/\/maschinentreff.de\/fr\/wp-json\/wp\/v2\/product\/4881\/revisions\/6764"}],"wp:featuredmedia":[{"embeddable":true,"href":"https:\/\/maschinentreff.de\/fr\/wp-json\/wp\/v2\/media\/6799"}],"wp:attachment":[{"href":"https:\/\/maschinentreff.de\/fr\/wp-json\/wp\/v2\/media?parent=4881"}],"wp:term":[{"taxonomy":"product_brand","embeddable":true,"href":"https:\/\/maschinentreff.de\/fr\/wp-json\/wp\/v2\/product_brand?post=4881"},{"taxonomy":"product_cat","embeddable":true,"href":"https:\/\/maschinentreff.de\/fr\/wp-json\/wp\/v2\/product_cat?post=4881"},{"taxonomy":"product_tag","embeddable":true,"href":"https:\/\/maschinentreff.de\/fr\/wp-json\/wp\/v2\/product_tag?post=4881"},{"taxonomy":"manufacturers","embeddable":true,"href":"https:\/\/maschinentreff.de\/fr\/wp-json\/wp\/v2\/manufacturers?post=4881"}],"curies":[{"name":"wp","href":"https:\/\/api.w.org\/{rel}","templated":true}]}}