{"id":4874,"date":"2024-11-18T20:07:19","date_gmt":"2024-11-18T19:07:19","guid":{"rendered":"https:\/\/maschinentreff.de\/tractor-2014-john-deere-7290r-4wd\/"},"modified":"2025-10-06T21:53:44","modified_gmt":"2025-10-06T19:53:44","slug":"tracteur-2014-john-deere-7290r-4wd-2","status":"publish","type":"product","link":"https:\/\/maschinentreff.de\/fr\/tracteur-2014-john-deere-7290r-4wd-2\/","title":{"rendered":"Tracteur 2014 John Deere 7290R 4WD"},"content":{"rendered":"<p><strong>Cabine et confort :<\/strong><\/p>\n<ul>\n<li>Cabine ferm\u00e9e<\/li>\n<li>Climatiseur<\/li>\n<\/ul>\n<p>&nbsp;<\/p>\n<p><strong>Attelage avant et hydraulique :<\/strong><\/p>\n<ul>\n<li>Attelage avant \u00e0 3 points<\/li>\n<li>1 T\u00e9l\u00e9commande frontale<\/li>\n<\/ul>\n<p>&nbsp;<\/p>\n<p><strong>Hydraulique arri\u00e8re et prise de force :<\/strong><\/p>\n<ul>\n<li>5 t\u00e9l\u00e9commandes arri\u00e8re<\/li>\n<li>Hydraulique \u00e0 d\u00e9tection de charge<\/li>\n<\/ul>\n<p>&nbsp;<\/p>\n<p><strong>Technologie :<\/strong><\/p>\n<ul>\n<li>Compatible ISOBUS<\/li>\n<\/ul>\n<p>&nbsp;<\/p>\n<p><strong>Freinage et attelage :<\/strong><\/p>\n<ul>\n<li>Syst\u00e8me de freinage pneumatique<\/li>\n<li>Attelage K80<\/li>\n<\/ul>\n<p>&nbsp;<\/p>\n<p><strong>Ch\u00e2ssis et essieu :<\/strong><\/p>\n<ul>\n<li>Essieu avant suspendu<\/li>\n<\/ul>\n<p>&nbsp;<\/p>\n<p><strong>Pneus et lestage :<\/strong><\/p>\n<ul>\n<li>Pneus avant : 620\/75R30<\/li>\n<li>Pneus arri\u00e8re : 710\/75R42<\/li>\n<li>Poids des roues arri\u00e8re<\/li>\n<\/ul>\n<p>&nbsp;<\/p>","protected":false},"excerpt":{"rendered":"<p>Tracteur John Deere 7290R 4WD 2014 d'occasion, heures : 9,232 \u00e0 vendre \u20ac47,000. Cabine ferm\u00e9e, Air conditionn\u00e9, ISOBUS, Attelage avant 3 points, et plus.<\/p>","protected":false},"featured_media":7000,"template":"","meta":{"_jet_sm_ready_style":"","_jet_sm_style":"","_jet_sm_controls_values":"","_jet_sm_fonts_collection":"","_jet_sm_fonts_links":""},"product_brand":[549],"product_cat":[108,82],"product_tag":[76],"manufacturers":[73],"class_list":{"0":"post-4874","1":"product","2":"type-product","3":"status-publish","4":"has-post-thumbnail","6":"product_brand-john-deere","7":"product_cat-agricultural-machinery","8":"product_cat-tractors","9":"product_tag-used","10":"manufacturers-john-deere","12":"first","13":"instock","14":"taxable","15":"shipping-taxable","16":"purchasable","17":"product-type-simple"},"_links":{"self":[{"href":"https:\/\/maschinentreff.de\/fr\/wp-json\/wp\/v2\/product\/4874","targetHints":{"allow":["GET"]}}],"collection":[{"href":"https:\/\/maschinentreff.de\/fr\/wp-json\/wp\/v2\/product"}],"about":[{"href":"https:\/\/maschinentreff.de\/fr\/wp-json\/wp\/v2\/types\/product"}],"version-history":[{"count":1,"href":"https:\/\/maschinentreff.de\/fr\/wp-json\/wp\/v2\/product\/4874\/revisions"}],"predecessor-version":[{"id":6757,"href":"https:\/\/maschinentreff.de\/fr\/wp-json\/wp\/v2\/product\/4874\/revisions\/6757"}],"wp:featuredmedia":[{"embeddable":true,"href":"https:\/\/maschinentreff.de\/fr\/wp-json\/wp\/v2\/media\/7000"}],"wp:attachment":[{"href":"https:\/\/maschinentreff.de\/fr\/wp-json\/wp\/v2\/media?parent=4874"}],"wp:term":[{"taxonomy":"product_brand","embeddable":true,"href":"https:\/\/maschinentreff.de\/fr\/wp-json\/wp\/v2\/product_brand?post=4874"},{"taxonomy":"product_cat","embeddable":true,"href":"https:\/\/maschinentreff.de\/fr\/wp-json\/wp\/v2\/product_cat?post=4874"},{"taxonomy":"product_tag","embeddable":true,"href":"https:\/\/maschinentreff.de\/fr\/wp-json\/wp\/v2\/product_tag?post=4874"},{"taxonomy":"manufacturers","embeddable":true,"href":"https:\/\/maschinentreff.de\/fr\/wp-json\/wp\/v2\/manufacturers?post=4874"}],"curies":[{"name":"wp","href":"https:\/\/api.w.org\/{rel}","templated":true}]}}