{"id":4873,"date":"2024-11-18T20:07:18","date_gmt":"2024-11-18T19:07:18","guid":{"rendered":"https:\/\/maschinentreff.de\/square-baler-2014-claas-quadrant-3300-fc\/"},"modified":"2025-10-06T21:53:44","modified_gmt":"2025-10-06T19:53:44","slug":"presse-a-balles-carrees-2014-claas-quadrant-3300-fc-2","status":"publish","type":"product","link":"https:\/\/maschinentreff.de\/fr\/presse-a-balles-carrees-2014-claas-quadrant-3300-fc-2\/","title":{"rendered":"Presse \u00e0 balles carr\u00e9es 2014 Claas Quadrant 3300 FC"},"content":{"rendered":"<p><strong>Syst\u00e8me de mise en balles :<\/strong><\/p>\n<ul>\n<li>1200 mm de large x 900 mm de haut Balles<\/li>\n<li>Pickup avec cutter<\/li>\n<li>Syst\u00e8me de coupe fine avec 52 couteaux<\/li>\n<li>Moniteur de balles<\/li>\n<\/ul>\n<p>&nbsp;<\/p>\n<p><strong>Puissance et prise de force :<\/strong><\/p>\n<ul>\n<li>1000 PTO<\/li>\n<\/ul>\n<p>&nbsp;<\/p>\n<p><strong>Technologie :<\/strong><\/p>\n<ul>\n<li>Compatible ISOBUS<\/li>\n<li>Syst\u00e8me de lubrification automatique<\/li>\n<li>Cam\u00e9ra arri\u00e8re<\/li>\n<\/ul>\n<p>&nbsp;<\/p>\n<p><strong>Ch\u00e2ssis et essieu :<\/strong><\/p>\n<ul>\n<li>Essieu de direction arri\u00e8re<\/li>\n<li>Pneus 620\/50R22.5<\/li>\n<\/ul>\n<p>&nbsp;<\/p>\n<p><strong>Attelage et remorquage :<\/strong><\/p>\n<ul>\n<li>Attelage K80<\/li>\n<\/ul>\n<p>&nbsp;<\/p>","protected":false},"excerpt":{"rendered":"<p>Presse \u00e0 balles carr\u00e9es Claas Quadrant 3300 FC 2014 d'occasion \u00e0 vendre \u20ac25,000. 1000 PTO, ISOBUS, 52 couteaux \u00e0 coupe fine, cam\u00e9ra arri\u00e8re, Auto Lube, et plus encore.<\/p>","protected":false},"featured_media":6934,"template":"","meta":{"_jet_sm_ready_style":"","_jet_sm_style":"","_jet_sm_controls_values":"","_jet_sm_fonts_collection":"","_jet_sm_fonts_links":""},"product_brand":[560],"product_cat":[108,396],"product_tag":[76],"manufacturers":[126],"class_list":{"0":"post-4873","1":"product","2":"type-product","3":"status-publish","4":"has-post-thumbnail","6":"product_brand-claas","7":"product_cat-agricultural-machinery","8":"product_cat-hay-and-forage-machines","9":"product_tag-used","10":"manufacturers-claas","12":"first","13":"instock","14":"taxable","15":"shipping-taxable","16":"purchasable","17":"product-type-simple"},"_links":{"self":[{"href":"https:\/\/maschinentreff.de\/fr\/wp-json\/wp\/v2\/product\/4873","targetHints":{"allow":["GET"]}}],"collection":[{"href":"https:\/\/maschinentreff.de\/fr\/wp-json\/wp\/v2\/product"}],"about":[{"href":"https:\/\/maschinentreff.de\/fr\/wp-json\/wp\/v2\/types\/product"}],"version-history":[{"count":1,"href":"https:\/\/maschinentreff.de\/fr\/wp-json\/wp\/v2\/product\/4873\/revisions"}],"predecessor-version":[{"id":6756,"href":"https:\/\/maschinentreff.de\/fr\/wp-json\/wp\/v2\/product\/4873\/revisions\/6756"}],"wp:featuredmedia":[{"embeddable":true,"href":"https:\/\/maschinentreff.de\/fr\/wp-json\/wp\/v2\/media\/6934"}],"wp:attachment":[{"href":"https:\/\/maschinentreff.de\/fr\/wp-json\/wp\/v2\/media?parent=4873"}],"wp:term":[{"taxonomy":"product_brand","embeddable":true,"href":"https:\/\/maschinentreff.de\/fr\/wp-json\/wp\/v2\/product_brand?post=4873"},{"taxonomy":"product_cat","embeddable":true,"href":"https:\/\/maschinentreff.de\/fr\/wp-json\/wp\/v2\/product_cat?post=4873"},{"taxonomy":"product_tag","embeddable":true,"href":"https:\/\/maschinentreff.de\/fr\/wp-json\/wp\/v2\/product_tag?post=4873"},{"taxonomy":"manufacturers","embeddable":true,"href":"https:\/\/maschinentreff.de\/fr\/wp-json\/wp\/v2\/manufacturers?post=4873"}],"curies":[{"name":"wp","href":"https:\/\/api.w.org\/{rel}","templated":true}]}}