{"id":4871,"date":"2024-11-18T20:07:13","date_gmt":"2024-11-18T19:07:13","guid":{"rendered":"https:\/\/maschinentreff.de\/tractor-2012-fendt-722-scr-profi-4x4\/"},"modified":"2025-10-06T21:53:44","modified_gmt":"2025-10-06T19:53:44","slug":"tracteur-2012-fendt-722-vario-4x4-2","status":"publish","type":"product","link":"https:\/\/maschinentreff.de\/fr\/tracteur-2012-fendt-722-vario-4x4-2\/","title":{"rendered":"Tracteur 2012 Fendt 722 Vario 4\u00d74"},"content":{"rendered":"<p><strong>Cabine et confort :<\/strong><\/p>\n<ul>\n<li>Cabine ferm\u00e9e<\/li>\n<li>Climatiseur<\/li>\n<li>Suspension de la cabine<\/li>\n<\/ul>\n<p>&nbsp;<\/p>\n<p><strong>Transmission et commandes :<\/strong><\/p>\n<ul>\n<li>CVT (transmission \u00e0 variation continue)<\/li>\n<li>Inverseur pour la main gauche<\/li>\n<li>\u00c9quipement pour rampants<\/li>\n<\/ul>\n<p>&nbsp;<\/p>\n<p><strong>Moteur et \u00e9missions :<\/strong><\/p>\n<ul>\n<li>N\u00e9cessite de l'AdBlue<\/li>\n<\/ul>\n<p>&nbsp;<\/p>\n<p><strong>Hydraulique et prise de force :<\/strong><\/p>\n<ul>\n<li>1 T\u00e9l\u00e9commande frontale<\/li>\n<li>4 t\u00e9l\u00e9commandes arri\u00e8re<\/li>\n<li>Hydraulique auxiliaire<\/li>\n<li>Prise de force avant<\/li>\n<li>540\/1000 PTO<\/li>\n<\/ul>\n<p>&nbsp;<\/p>\n<p><strong>Attelage \u00e0 3 points :<\/strong><\/p>\n<ul>\n<li>Attelage rapide 3 points \u00e0 l'avant<\/li>\n<li>Attelage 3 points avec Quick Hitch<\/li>\n<li>Bras sup\u00e9rieur hydraulique<\/li>\n<li>Commandes ext\u00e9rieures de l'attelage en 3 points<\/li>\n<\/ul>\n<p>&nbsp;<\/p>\n<p><strong>Ch\u00e2ssis et essieu :<\/strong><\/p>\n<ul>\n<li>Essieu avant suspendu<\/li>\n<\/ul>\n<p>&nbsp;<\/p>\n<p><strong>Freins et remorquage :<\/strong><\/p>\n<ul>\n<li>Syst\u00e8me de freinage pneumatique<\/li>\n<li>Attelage de remorque<\/li>\n<\/ul>\n<p>&nbsp;<\/p>\n<p><strong>Pneus :<\/strong><\/p>\n<ul>\n<li>Pneus avant 600\/65R28<\/li>\n<li>Pneus arri\u00e8re 710\/70R38<\/li>\n<\/ul>","protected":false},"excerpt":{"rendered":"<p>Tracteur Fendt 722 Vario 2012 d'occasion, heures : 7,083 \u00e0 vendre \u20ac55,000. Cabine ferm\u00e9e, Air conditionn\u00e9, CVT, Suspension de cabine, Prise de force avant, et plus encore.<\/p>","protected":false},"featured_media":6989,"template":"","meta":{"_jet_sm_ready_style":"","_jet_sm_style":"","_jet_sm_controls_values":"","_jet_sm_fonts_collection":"","_jet_sm_fonts_links":""},"product_brand":[546],"product_cat":[108,82],"product_tag":[76],"manufacturers":[132],"class_list":{"0":"post-4871","1":"product","2":"type-product","3":"status-publish","4":"has-post-thumbnail","6":"product_brand-fendt","7":"product_cat-agricultural-machinery","8":"product_cat-tractors","9":"product_tag-used","10":"manufacturers-fendt","12":"first","13":"instock","14":"taxable","15":"shipping-taxable","16":"purchasable","17":"product-type-simple"},"_links":{"self":[{"href":"https:\/\/maschinentreff.de\/fr\/wp-json\/wp\/v2\/product\/4871","targetHints":{"allow":["GET"]}}],"collection":[{"href":"https:\/\/maschinentreff.de\/fr\/wp-json\/wp\/v2\/product"}],"about":[{"href":"https:\/\/maschinentreff.de\/fr\/wp-json\/wp\/v2\/types\/product"}],"version-history":[{"count":1,"href":"https:\/\/maschinentreff.de\/fr\/wp-json\/wp\/v2\/product\/4871\/revisions"}],"predecessor-version":[{"id":6754,"href":"https:\/\/maschinentreff.de\/fr\/wp-json\/wp\/v2\/product\/4871\/revisions\/6754"}],"wp:featuredmedia":[{"embeddable":true,"href":"https:\/\/maschinentreff.de\/fr\/wp-json\/wp\/v2\/media\/6989"}],"wp:attachment":[{"href":"https:\/\/maschinentreff.de\/fr\/wp-json\/wp\/v2\/media?parent=4871"}],"wp:term":[{"taxonomy":"product_brand","embeddable":true,"href":"https:\/\/maschinentreff.de\/fr\/wp-json\/wp\/v2\/product_brand?post=4871"},{"taxonomy":"product_cat","embeddable":true,"href":"https:\/\/maschinentreff.de\/fr\/wp-json\/wp\/v2\/product_cat?post=4871"},{"taxonomy":"product_tag","embeddable":true,"href":"https:\/\/maschinentreff.de\/fr\/wp-json\/wp\/v2\/product_tag?post=4871"},{"taxonomy":"manufacturers","embeddable":true,"href":"https:\/\/maschinentreff.de\/fr\/wp-json\/wp\/v2\/manufacturers?post=4871"}],"curies":[{"name":"wp","href":"https:\/\/api.w.org\/{rel}","templated":true}]}}