{"id":4870,"date":"2024-11-18T20:07:10","date_gmt":"2024-11-18T19:07:10","guid":{"rendered":"https:\/\/maschinentreff.de\/tractor-2009-john-deere-7830-4wd\/"},"modified":"2025-10-06T21:53:44","modified_gmt":"2025-10-06T19:53:44","slug":"tracteur-2009-john-deere-7830-4wd-2","status":"publish","type":"product","link":"https:\/\/maschinentreff.de\/fr\/tracteur-2009-john-deere-7830-4wd-2\/","title":{"rendered":"Tracteur 2009 John Deere 7830 4WD"},"content":{"rendered":"<p><strong>Cabine et confort :<\/strong><\/p>\n<ul>\n<li>Cabine ferm\u00e9e<\/li>\n<li>Climatisation<\/li>\n<li>Si\u00e8ge \u00e0 suspension pneumatique<\/li>\n<\/ul>\n<p>&nbsp;<\/p>\n<p><strong>Hydraulique et prise de force :<\/strong><\/p>\n<ul>\n<li>1 T\u00e9l\u00e9commande frontale<\/li>\n<li>T\u00e9l\u00e9commandes pour montage interm\u00e9diaire<\/li>\n<li>4 t\u00e9l\u00e9commandes arri\u00e8re<\/li>\n<li>540\/1000 PTO<\/li>\n<\/ul>\n<p>&nbsp;<\/p>\n<p><strong>Attelage et crochet :<\/strong><\/p>\n<ul>\n<li>Attelage avant \u00e0 3 points<\/li>\n<li>Commandes ext\u00e9rieures de l'attelage en 3 points<\/li>\n<li>Attelage automatique<\/li>\n<\/ul>\n<p>&nbsp;<\/p>\n<p><strong>Essieux et suspension :<\/strong><\/p>\n<ul>\n<li>Essieu avant suspendu<\/li>\n<\/ul>\n<p>&nbsp;<\/p>\n<p><strong>Technologie :<\/strong><\/p>\n<ul>\n<li>ISOBUS<\/li>\n<\/ul>\n<p>&nbsp;<\/p>\n<p><strong>Freins et s\u00e9curit\u00e9 :<\/strong><\/p>\n<ul>\n<li>Syst\u00e8me de freinage pneumatique<\/li>\n<\/ul>\n<p>&nbsp;<\/p>\n<p><strong>Pneus :<\/strong><\/p>\n<ul>\n<li>Pneus avant 600\/70R30<\/li>\n<li>Pneus arri\u00e8re IF650\/65R38<\/li>\n<\/ul>\n<p>&nbsp;<\/p>","protected":false},"excerpt":{"rendered":"<p>Tracteur John Deere 7830 2009 d'occasion, heures : 9,398 \u00e0 vendre \u20ac49,000. Cabine ferm\u00e9e, Air conditionn\u00e9, 4WD, Attelage avant, ISOBUS, Freins \u00e0 air, et plus.<\/p>","protected":false},"featured_media":6977,"template":"","meta":{"_jet_sm_ready_style":"","_jet_sm_style":"","_jet_sm_controls_values":"","_jet_sm_fonts_collection":"","_jet_sm_fonts_links":""},"product_brand":[549],"product_cat":[108,82],"product_tag":[76],"manufacturers":[73],"class_list":{"0":"post-4870","1":"product","2":"type-product","3":"status-publish","4":"has-post-thumbnail","6":"product_brand-john-deere","7":"product_cat-agricultural-machinery","8":"product_cat-tractors","9":"product_tag-used","10":"manufacturers-john-deere","12":"first","13":"instock","14":"taxable","15":"shipping-taxable","16":"purchasable","17":"product-type-simple"},"_links":{"self":[{"href":"https:\/\/maschinentreff.de\/fr\/wp-json\/wp\/v2\/product\/4870","targetHints":{"allow":["GET"]}}],"collection":[{"href":"https:\/\/maschinentreff.de\/fr\/wp-json\/wp\/v2\/product"}],"about":[{"href":"https:\/\/maschinentreff.de\/fr\/wp-json\/wp\/v2\/types\/product"}],"version-history":[{"count":1,"href":"https:\/\/maschinentreff.de\/fr\/wp-json\/wp\/v2\/product\/4870\/revisions"}],"predecessor-version":[{"id":6753,"href":"https:\/\/maschinentreff.de\/fr\/wp-json\/wp\/v2\/product\/4870\/revisions\/6753"}],"wp:featuredmedia":[{"embeddable":true,"href":"https:\/\/maschinentreff.de\/fr\/wp-json\/wp\/v2\/media\/6977"}],"wp:attachment":[{"href":"https:\/\/maschinentreff.de\/fr\/wp-json\/wp\/v2\/media?parent=4870"}],"wp:term":[{"taxonomy":"product_brand","embeddable":true,"href":"https:\/\/maschinentreff.de\/fr\/wp-json\/wp\/v2\/product_brand?post=4870"},{"taxonomy":"product_cat","embeddable":true,"href":"https:\/\/maschinentreff.de\/fr\/wp-json\/wp\/v2\/product_cat?post=4870"},{"taxonomy":"product_tag","embeddable":true,"href":"https:\/\/maschinentreff.de\/fr\/wp-json\/wp\/v2\/product_tag?post=4870"},{"taxonomy":"manufacturers","embeddable":true,"href":"https:\/\/maschinentreff.de\/fr\/wp-json\/wp\/v2\/manufacturers?post=4870"}],"curies":[{"name":"wp","href":"https:\/\/api.w.org\/{rel}","templated":true}]}}