{"id":4869,"date":"2024-11-18T20:07:08","date_gmt":"2024-11-18T19:07:08","guid":{"rendered":"https:\/\/maschinentreff.de\/tractor-2007-john-deere-6530-premium-4x4\/"},"modified":"2025-10-06T21:53:44","modified_gmt":"2025-10-06T19:53:44","slug":"tracteur-2007-john-deere-6530-premium-4x4-2","status":"publish","type":"product","link":"https:\/\/maschinentreff.de\/fr\/tracteur-2007-john-deere-6530-premium-4x4-2\/","title":{"rendered":"Tracteur 2007 John Deere 6530 Premium 4\u00d74"},"content":{"rendered":"<p><strong>Cabine et confort :<\/strong><\/p>\n<ul>\n<li>Cabine ferm\u00e9e<\/li>\n<li>Climatiseur<\/li>\n<\/ul>\n<p>&nbsp;<\/p>\n<p><strong>Transmission et commandes :<\/strong><\/p>\n<ul>\n<li>IVT (transmission \u00e0 variation continue)<\/li>\n<li>Inverseur pour la main gauche<\/li>\n<li>Joystick pour le chargeur<\/li>\n<\/ul>\n<p>&nbsp;<\/p>\n<p><strong>Hydraulique et prise de force :<\/strong><\/p>\n<ul>\n<li>T\u00e9l\u00e9commandes frontales<\/li>\n<li>3 t\u00e9l\u00e9commandes arri\u00e8re<\/li>\n<li>540\/1000 PTO<\/li>\n<li>Attelage 3 points<\/li>\n<li>Commandes ext\u00e9rieures de l'attelage en 3 points<\/li>\n<\/ul>\n<p>&nbsp;<\/p>\n<p><strong>Chargeur et attelage :<\/strong><\/p>\n<ul>\n<li>Cadre de montage du chargeur<\/li>\n<li>Attelage avant \u00e0 3 points<\/li>\n<\/ul>\n<p>&nbsp;<\/p>\n<p><strong>Ch\u00e2ssis et essieu :<\/strong><\/p>\n<ul>\n<li>Essieu avant suspendu<\/li>\n<li>Blocage du diff\u00e9rentiel<\/li>\n<\/ul>\n<p>&nbsp;<\/p>\n<p><strong>Pneus :<\/strong><\/p>\n<ul>\n<li>Pneus avant 460\/70R24<\/li>\n<li>Pneus arri\u00e8re 520\/70R38<\/li>\n<\/ul>","protected":false},"excerpt":{"rendered":"<p>Tracteur John Deere 6530 Premium 2007 d'occasion, heures : 8,725 \u00e0 vendre \u20ac31,000. Cabine ferm\u00e9e, air conditionn\u00e9, IVT, ch\u00e2ssis de chargeur, attelage avant, et plus.<\/p>","protected":false},"featured_media":6964,"template":"","meta":{"_jet_sm_ready_style":"","_jet_sm_style":"","_jet_sm_controls_values":"","_jet_sm_fonts_collection":"","_jet_sm_fonts_links":""},"product_brand":[549],"product_cat":[108,82],"product_tag":[76],"manufacturers":[73],"class_list":{"0":"post-4869","1":"product","2":"type-product","3":"status-publish","4":"has-post-thumbnail","6":"product_brand-john-deere","7":"product_cat-agricultural-machinery","8":"product_cat-tractors","9":"product_tag-used","10":"manufacturers-john-deere","12":"first","13":"instock","14":"taxable","15":"shipping-taxable","16":"purchasable","17":"product-type-simple"},"_links":{"self":[{"href":"https:\/\/maschinentreff.de\/fr\/wp-json\/wp\/v2\/product\/4869","targetHints":{"allow":["GET"]}}],"collection":[{"href":"https:\/\/maschinentreff.de\/fr\/wp-json\/wp\/v2\/product"}],"about":[{"href":"https:\/\/maschinentreff.de\/fr\/wp-json\/wp\/v2\/types\/product"}],"version-history":[{"count":1,"href":"https:\/\/maschinentreff.de\/fr\/wp-json\/wp\/v2\/product\/4869\/revisions"}],"predecessor-version":[{"id":6752,"href":"https:\/\/maschinentreff.de\/fr\/wp-json\/wp\/v2\/product\/4869\/revisions\/6752"}],"wp:featuredmedia":[{"embeddable":true,"href":"https:\/\/maschinentreff.de\/fr\/wp-json\/wp\/v2\/media\/6964"}],"wp:attachment":[{"href":"https:\/\/maschinentreff.de\/fr\/wp-json\/wp\/v2\/media?parent=4869"}],"wp:term":[{"taxonomy":"product_brand","embeddable":true,"href":"https:\/\/maschinentreff.de\/fr\/wp-json\/wp\/v2\/product_brand?post=4869"},{"taxonomy":"product_cat","embeddable":true,"href":"https:\/\/maschinentreff.de\/fr\/wp-json\/wp\/v2\/product_cat?post=4869"},{"taxonomy":"product_tag","embeddable":true,"href":"https:\/\/maschinentreff.de\/fr\/wp-json\/wp\/v2\/product_tag?post=4869"},{"taxonomy":"manufacturers","embeddable":true,"href":"https:\/\/maschinentreff.de\/fr\/wp-json\/wp\/v2\/manufacturers?post=4869"}],"curies":[{"name":"wp","href":"https:\/\/api.w.org\/{rel}","templated":true}]}}