{"id":4867,"date":"2024-11-18T20:07:04","date_gmt":"2024-11-18T19:07:04","guid":{"rendered":"https:\/\/maschinentreff.de\/tractor-2004-fendt-412-vario-4wd\/"},"modified":"2025-10-06T21:53:44","modified_gmt":"2025-10-06T19:53:44","slug":"tracteur-2004-fendt-412-vario-4wd-2","status":"publish","type":"product","link":"https:\/\/maschinentreff.de\/fr\/tracteur-2004-fendt-412-vario-4wd-2\/","title":{"rendered":"Tracteur 2004 Fendt 412 Vario 4WD"},"content":{"rendered":"<p><strong>Cabine et confort :<\/strong><\/p>\n<ul>\n<li>Cabine ferm\u00e9e<\/li>\n<li>Climatiseur<\/li>\n<\/ul>\n<p>&nbsp;<\/p>\n<p><strong>Transmission et commandes :<\/strong><\/p>\n<ul>\n<li>Transmission Vario<\/li>\n<li>Inverseur pour la main gauche<\/li>\n<\/ul>\n<p>&nbsp;<\/p>\n<p><strong>Chargeur et attelage :<\/strong><\/p>\n<ul>\n<li>Chargeur frontal Mailleux MX120<\/li>\n<li>Attelage avant \u00e0 3 points<\/li>\n<li>Attelage arri\u00e8re 3 points avec attelage rapide<\/li>\n<\/ul>\n<p>&nbsp;<\/p>\n<p><strong>Hydraulique et prise de force :<\/strong><\/p>\n<ul>\n<li>1 t\u00e9l\u00e9commande pour montage interm\u00e9diaire<\/li>\n<li>4 t\u00e9l\u00e9commandes arri\u00e8re<\/li>\n<li>Hydraulique auxiliaire<\/li>\n<li>540 Prise de force arri\u00e8re<\/li>\n<\/ul>\n<p>&nbsp;<\/p>\n<p><strong>Ch\u00e2ssis et essieu :<\/strong><\/p>\n<ul>\n<li>Essieu avant suspendu<\/li>\n<\/ul>","protected":false},"excerpt":{"rendered":"<p>Tracteur Fendt 412 Vario 2004 d'occasion, heures : 15,626 \u00e0 vendre \u20ac19,500. Cabine ferm\u00e9e, Air conditionn\u00e9, Chargeur, Vario, Essieu suspendu, et plus.<\/p>","protected":false},"featured_media":6938,"template":"","meta":{"_jet_sm_ready_style":"","_jet_sm_style":"","_jet_sm_controls_values":"","_jet_sm_fonts_collection":"","_jet_sm_fonts_links":""},"product_brand":[546],"product_cat":[108,82],"product_tag":[76],"manufacturers":[132],"class_list":{"0":"post-4867","1":"product","2":"type-product","3":"status-publish","4":"has-post-thumbnail","6":"product_brand-fendt","7":"product_cat-agricultural-machinery","8":"product_cat-tractors","9":"product_tag-used","10":"manufacturers-fendt","12":"first","13":"instock","14":"sale","15":"taxable","16":"shipping-taxable","17":"purchasable","18":"product-type-simple"},"_links":{"self":[{"href":"https:\/\/maschinentreff.de\/fr\/wp-json\/wp\/v2\/product\/4867","targetHints":{"allow":["GET"]}}],"collection":[{"href":"https:\/\/maschinentreff.de\/fr\/wp-json\/wp\/v2\/product"}],"about":[{"href":"https:\/\/maschinentreff.de\/fr\/wp-json\/wp\/v2\/types\/product"}],"version-history":[{"count":1,"href":"https:\/\/maschinentreff.de\/fr\/wp-json\/wp\/v2\/product\/4867\/revisions"}],"predecessor-version":[{"id":6750,"href":"https:\/\/maschinentreff.de\/fr\/wp-json\/wp\/v2\/product\/4867\/revisions\/6750"}],"wp:featuredmedia":[{"embeddable":true,"href":"https:\/\/maschinentreff.de\/fr\/wp-json\/wp\/v2\/media\/6938"}],"wp:attachment":[{"href":"https:\/\/maschinentreff.de\/fr\/wp-json\/wp\/v2\/media?parent=4867"}],"wp:term":[{"taxonomy":"product_brand","embeddable":true,"href":"https:\/\/maschinentreff.de\/fr\/wp-json\/wp\/v2\/product_brand?post=4867"},{"taxonomy":"product_cat","embeddable":true,"href":"https:\/\/maschinentreff.de\/fr\/wp-json\/wp\/v2\/product_cat?post=4867"},{"taxonomy":"product_tag","embeddable":true,"href":"https:\/\/maschinentreff.de\/fr\/wp-json\/wp\/v2\/product_tag?post=4867"},{"taxonomy":"manufacturers","embeddable":true,"href":"https:\/\/maschinentreff.de\/fr\/wp-json\/wp\/v2\/manufacturers?post=4867"}],"curies":[{"name":"wp","href":"https:\/\/api.w.org\/{rel}","templated":true}]}}