{"id":6716,"date":"2025-09-16T17:31:44","date_gmt":"2025-09-16T15:31:44","guid":{"rendered":"https:\/\/maschinentreff.de\/?post_type=product&#038;p=6716"},"modified":"2025-09-16T18:36:45","modified_gmt":"2025-09-16T16:36:45","slug":"moottoripyora-2015-bmw-r1200gs-adventure","status":"publish","type":"product","link":"https:\/\/maschinentreff.de\/fi\/moottoripyora-2015-bmw-r1200gs-adventure\/","title":{"rendered":"Moottoripy\u00f6r\u00e4 2015 BMW R1200GS Adventure"},"content":{"rendered":"<p>Myyt\u00e4v\u00e4n\u00e4: 2015 BMW R1200GS Adventure, vain 23 328 km. T\u00e4ss\u00e4 ikonisessa matkaendurossa yhdistyv\u00e4t pitk\u00e4n matkan mukavuus, maastokelpoisuus ja BMW:n hyv\u00e4ksi todettu luotettavuus. Py\u00f6r\u00e4 on erinomaisessa kunnossa, huolella huollettu ja valmis sek\u00e4 seikkailuretkeilyyn ett\u00e4 jokap\u00e4iv\u00e4iseen ajamiseen. T\u00e4ydellinen valinta kuljettajille, jotka etsiv\u00e4t monipuolista ja luotettavaa matkakumppania.<\/p>\n<p>&nbsp;<\/p>\n<ul>\n<li>Tehokas bokserimoottori, jossa on 125 hv<\/li>\n<li>ABS, luistonesto, ajotilat<\/li>\n<li>Korkea tuulilasi matkustusmukavuutta varten<\/li>\n<li>Tehtaan turvakaiteet lis\u00e4\u00e4v\u00e4t suojaa<\/li>\n<li>Mukana alumiininen yl\u00e4kotelo<\/li>\n<li>Maastorenkaat asennettu<\/li>\n<\/ul>","protected":false},"excerpt":{"rendered":"<p>2015 BMW R1200GS Adventure, 23 328 km myyt\u00e4v\u00e4n\u00e4 12 299 \u20ac. Premium touring enduro matkalaukkuj\u00e4rjestelm\u00e4ll\u00e4, turvakaarilla ja maastorenkailla.<\/p>","protected":false},"featured_media":6749,"template":"","meta":{"_jet_sm_ready_style":"","_jet_sm_style":"","_jet_sm_controls_values":"","_jet_sm_fonts_collection":"","_jet_sm_fonts_links":""},"product_brand":[589],"product_cat":[532,530],"product_tag":[76],"manufacturers":[537],"class_list":{"0":"post-6716","1":"product","2":"type-product","3":"status-publish","4":"has-post-thumbnail","6":"product_brand-bmw","7":"product_cat-motorcycles","8":"product_cat-automotive-leisure-vehicles","9":"product_tag-used","10":"manufacturers-bmw","12":"first","13":"instock","14":"taxable","15":"shipping-taxable","16":"purchasable","17":"product-type-simple"},"_links":{"self":[{"href":"https:\/\/maschinentreff.de\/fi\/wp-json\/wp\/v2\/product\/6716","targetHints":{"allow":["GET"]}}],"collection":[{"href":"https:\/\/maschinentreff.de\/fi\/wp-json\/wp\/v2\/product"}],"about":[{"href":"https:\/\/maschinentreff.de\/fi\/wp-json\/wp\/v2\/types\/product"}],"version-history":[{"count":5,"href":"https:\/\/maschinentreff.de\/fi\/wp-json\/wp\/v2\/product\/6716\/revisions"}],"predecessor-version":[{"id":6785,"href":"https:\/\/maschinentreff.de\/fi\/wp-json\/wp\/v2\/product\/6716\/revisions\/6785"}],"wp:featuredmedia":[{"embeddable":true,"href":"https:\/\/maschinentreff.de\/fi\/wp-json\/wp\/v2\/media\/6749"}],"wp:attachment":[{"href":"https:\/\/maschinentreff.de\/fi\/wp-json\/wp\/v2\/media?parent=6716"}],"wp:term":[{"taxonomy":"product_brand","embeddable":true,"href":"https:\/\/maschinentreff.de\/fi\/wp-json\/wp\/v2\/product_brand?post=6716"},{"taxonomy":"product_cat","embeddable":true,"href":"https:\/\/maschinentreff.de\/fi\/wp-json\/wp\/v2\/product_cat?post=6716"},{"taxonomy":"product_tag","embeddable":true,"href":"https:\/\/maschinentreff.de\/fi\/wp-json\/wp\/v2\/product_tag?post=6716"},{"taxonomy":"manufacturers","embeddable":true,"href":"https:\/\/maschinentreff.de\/fi\/wp-json\/wp\/v2\/manufacturers?post=6716"}],"curies":[{"name":"wp","href":"https:\/\/api.w.org\/{rel}","templated":true}]}}