{"id":4901,"date":"2024-11-18T10:08:27","date_gmt":"2024-11-18T09:08:27","guid":{"rendered":"https:\/\/maschinentreff.de\/tractor-2021-john-deere-6140m-4wd\/"},"modified":"2025-09-16T18:31:17","modified_gmt":"2025-09-16T16:31:17","slug":"traktori-2016-john-deere-8345r-4wd-2","status":"publish","type":"product","link":"https:\/\/maschinentreff.de\/fi\/traktori-2016-john-deere-8345r-4wd-2\/","title":{"rendered":"Traktori 2016 John Deere 8345R 4WD 4WD"},"content":{"rendered":"<p><strong>Ohjaamo\/kuljettajan asema:<\/strong><\/p>\n<ul>\n<li>Suljettu ohjaamo<\/li>\n<li>Ilmastointilaite<\/li>\n<li>4600 CommandCenter-n\u00e4ytt\u00f6<\/li>\n<\/ul>\n<p>&nbsp;<\/p>\n<p><strong>Voimansiirto ja hallintalaitteet:<\/strong><\/p>\n<ul>\n<li>IVT (portaaton vaihteisto)<\/li>\n<li>Vasemman k\u00e4den k\u00e4\u00e4nt\u00f6laite<\/li>\n<li>Hiipij\u00e4<\/li>\n<li>Peruutusajotila<\/li>\n<\/ul>\n<p>&nbsp;<\/p>\n<p><strong>Ohjaus ja elektroniikka:<\/strong><\/p>\n<ul>\n<li>StarFire 3000 antenni\/vastaanotin<\/li>\n<li>Autosteer<\/li>\n<li>SF1:n aktivointi<\/li>\n<li>ISOBUS<\/li>\n<\/ul>\n<p>&nbsp;<\/p>\n<p><strong>Hydrauliikka ja PTO:<\/strong><\/p>\n<ul>\n<li>2 etummaista kaukos\u00e4\u00e4dint\u00e4<\/li>\n<li>5 takimmaista kaukos\u00e4\u00e4dint\u00e4<\/li>\n<li>Lis\u00e4hydrauliikka<\/li>\n<li>Kuorman tunnistaminen<\/li>\n<li>Hydraulinen yl\u00e4lenkki<\/li>\n<li>1000 PTO<\/li>\n<\/ul>\n<p>&nbsp;<\/p>\n<p><strong>Vetokoukku ja vetokoukku:<\/strong><\/p>\n<ul>\n<li>Etuosan 3-pisteen pikakiinnike<\/li>\n<li>3-pistekiinnike ja pikakiinnike<\/li>\n<li>Ulkopuoliset 3-pisteen vetokoukun hallintalaitteet<\/li>\n<li>Per\u00e4vaunun vetokoukku<\/li>\n<li>Vetoaisa<\/li>\n<\/ul>\n<p>&nbsp;<\/p>\n<p><strong>Alusta ja akselit:<\/strong><\/p>\n<ul>\n<li>Jousitettu etuakseli<\/li>\n<\/ul>\n<p>&nbsp;<\/p>\n<p><strong>Py\u00f6r\u00e4t ja renkaat:<\/strong><\/p>\n<ul>\n<li>650\/65R34 eturenkaat<\/li>\n<li>710\/75R42 takarenkaat<\/li>\n<li>Takapy\u00f6r\u00e4n painot<\/li>\n<\/ul>","protected":false},"excerpt":{"rendered":"<p>K\u00e4ytetty 2016 John Deere 8345R traktori, tuntia: \u20ac89,500. Suljettu ohjaamo, ilmastointilaite, IVT, Autosteer, vasemmanpuoleinen peruutuslaite ja paljon muuta.<\/p>","protected":false},"featured_media":0,"template":"","meta":{"_jet_sm_ready_style":"","_jet_sm_style":"","_jet_sm_controls_values":"","_jet_sm_fonts_collection":"","_jet_sm_fonts_links":""},"product_brand":[549],"product_cat":[108,82],"product_tag":[76],"manufacturers":[73],"class_list":{"0":"post-4901","1":"product","2":"type-product","3":"status-publish","5":"product_brand-john-deere","6":"product_cat-agricultural-machinery","7":"product_cat-tractors","8":"product_tag-used","9":"manufacturers-john-deere","11":"first","12":"instock","13":"sale","14":"taxable","15":"shipping-taxable","16":"purchasable","17":"product-type-simple"},"_links":{"self":[{"href":"https:\/\/maschinentreff.de\/fi\/wp-json\/wp\/v2\/product\/4901","targetHints":{"allow":["GET"]}}],"collection":[{"href":"https:\/\/maschinentreff.de\/fi\/wp-json\/wp\/v2\/product"}],"about":[{"href":"https:\/\/maschinentreff.de\/fi\/wp-json\/wp\/v2\/types\/product"}],"version-history":[{"count":1,"href":"https:\/\/maschinentreff.de\/fi\/wp-json\/wp\/v2\/product\/4901\/revisions"}],"predecessor-version":[{"id":6784,"href":"https:\/\/maschinentreff.de\/fi\/wp-json\/wp\/v2\/product\/4901\/revisions\/6784"}],"wp:attachment":[{"href":"https:\/\/maschinentreff.de\/fi\/wp-json\/wp\/v2\/media?parent=4901"}],"wp:term":[{"taxonomy":"product_brand","embeddable":true,"href":"https:\/\/maschinentreff.de\/fi\/wp-json\/wp\/v2\/product_brand?post=4901"},{"taxonomy":"product_cat","embeddable":true,"href":"https:\/\/maschinentreff.de\/fi\/wp-json\/wp\/v2\/product_cat?post=4901"},{"taxonomy":"product_tag","embeddable":true,"href":"https:\/\/maschinentreff.de\/fi\/wp-json\/wp\/v2\/product_tag?post=4901"},{"taxonomy":"manufacturers","embeddable":true,"href":"https:\/\/maschinentreff.de\/fi\/wp-json\/wp\/v2\/manufacturers?post=4901"}],"curies":[{"name":"wp","href":"https:\/\/api.w.org\/{rel}","templated":true}]}}