{"id":4899,"date":"2025-01-02T09:08:22","date_gmt":"2025-01-02T08:08:22","guid":{"rendered":"https:\/\/maschinentreff.de\/backhoe-loader-2015-case-580st-4x4\/"},"modified":"2025-10-05T16:38:18","modified_gmt":"2025-10-05T14:38:18","slug":"kaivurikuormaaja-2018-jcb-3cx-4x4-2","status":"publish","type":"product","link":"https:\/\/maschinentreff.de\/fi\/kaivurikuormaaja-2018-jcb-3cx-4x4-2\/","title":{"rendered":"Kauhakuormaaja 2018 JCB 3CX 4\u00d74"},"content":{"rendered":"<p><strong>Ohjaamo\/kuljettajan asema:<\/strong><\/p>\n<ul>\n<li>Suljettu ohjaamo<\/li>\n<li>Ilmastointilaite<\/li>\n<li>Air Ride -istuin<\/li>\n<\/ul>\n<p>&nbsp;<\/p>\n<p><strong>Kuormaaja ja lis\u00e4laitteet:<\/strong><\/p>\n<ul>\n<li>2340 mm monitoimikuormaajan kauha<\/li>\n<li>Flip-Over haarukat<\/li>\n<\/ul>\n<p>&nbsp;<\/p>\n<p><strong>Kaivuri ja lis\u00e4laitteet:<\/strong><\/p>\n<ul>\n<li>Pidennett\u00e4v\u00e4 tikku<\/li>\n<li>260 mm kaivurikauha<\/li>\n<li>450 mm kauha<\/li>\n<li>600 mm kauha<\/li>\n<\/ul>\n<p>&nbsp;<\/p>\n<p><strong>Hydrauliikka:<\/strong><\/p>\n<ul>\n<li>Takaosan lis\u00e4hydrauliikka<\/li>\n<\/ul>\n<p>&nbsp;<\/p>\n<p><strong>Kytkin:<\/strong><\/p>\n<ul>\n<li>Pikaliitin<\/li>\n<\/ul>","protected":false},"excerpt":{"rendered":"<p>K\u00e4ytetty 2018 JCB 3CX kaivurikuormaaja, tuntia: \u20ac44,000. Suljettu ohjaamo, ilmastointilaite, 4\u00d74, ulosvedett\u00e4v\u00e4 keppi, pikakytkin ja paljon muuta.<\/p>","protected":false},"featured_media":6049,"template":"","meta":{"_jet_sm_ready_style":"","_jet_sm_style":"","_jet_sm_controls_values":"","_jet_sm_fonts_collection":"","_jet_sm_fonts_links":""},"product_brand":[580],"product_cat":[98,112],"product_tag":[76],"manufacturers":[141],"class_list":{"0":"post-4899","1":"product","2":"type-product","3":"status-publish","4":"has-post-thumbnail","6":"product_brand-jcb","7":"product_cat-backhoe-loaders","8":"product_cat-construction-equipment","9":"product_tag-used","10":"manufacturers-jcb","12":"first","13":"instock","14":"taxable","15":"shipping-taxable","16":"purchasable","17":"product-type-simple"},"_links":{"self":[{"href":"https:\/\/maschinentreff.de\/fi\/wp-json\/wp\/v2\/product\/4899","targetHints":{"allow":["GET"]}}],"collection":[{"href":"https:\/\/maschinentreff.de\/fi\/wp-json\/wp\/v2\/product"}],"about":[{"href":"https:\/\/maschinentreff.de\/fi\/wp-json\/wp\/v2\/types\/product"}],"version-history":[{"count":1,"href":"https:\/\/maschinentreff.de\/fi\/wp-json\/wp\/v2\/product\/4899\/revisions"}],"predecessor-version":[{"id":6782,"href":"https:\/\/maschinentreff.de\/fi\/wp-json\/wp\/v2\/product\/4899\/revisions\/6782"}],"wp:featuredmedia":[{"embeddable":true,"href":"https:\/\/maschinentreff.de\/fi\/wp-json\/wp\/v2\/media\/6049"}],"wp:attachment":[{"href":"https:\/\/maschinentreff.de\/fi\/wp-json\/wp\/v2\/media?parent=4899"}],"wp:term":[{"taxonomy":"product_brand","embeddable":true,"href":"https:\/\/maschinentreff.de\/fi\/wp-json\/wp\/v2\/product_brand?post=4899"},{"taxonomy":"product_cat","embeddable":true,"href":"https:\/\/maschinentreff.de\/fi\/wp-json\/wp\/v2\/product_cat?post=4899"},{"taxonomy":"product_tag","embeddable":true,"href":"https:\/\/maschinentreff.de\/fi\/wp-json\/wp\/v2\/product_tag?post=4899"},{"taxonomy":"manufacturers","embeddable":true,"href":"https:\/\/maschinentreff.de\/fi\/wp-json\/wp\/v2\/manufacturers?post=4899"}],"curies":[{"name":"wp","href":"https:\/\/api.w.org\/{rel}","templated":true}]}}