{"id":4898,"date":"2024-11-18T08:08:19","date_gmt":"2024-11-18T07:08:19","guid":{"rendered":"https:\/\/maschinentreff.de\/mini-excavator-2023-kubota-k019-4\/"},"modified":"2025-10-06T21:53:54","modified_gmt":"2025-10-06T19:53:54","slug":"kaivurikuormaaja-2015-case-580st-4x4-2","status":"publish","type":"product","link":"https:\/\/maschinentreff.de\/fi\/kaivurikuormaaja-2015-case-580st-4x4-2\/","title":{"rendered":"Kauhakuormaaja 2015 Case 580ST 4\u00d74"},"content":{"rendered":"<p><strong>Ohjaamo\/kuljettajan asema:<\/strong><\/p>\n<ul>\n<li>Suljettu ohjaamo<\/li>\n<li>Ilmastointilaite<\/li>\n<\/ul>\n<p>&nbsp;<\/p>\n<p><strong>Voimansiirto:<\/strong><\/p>\n<ul>\n<li>Powershift-vaihteisto<\/li>\n<\/ul>\n<p>&nbsp;<\/p>\n<p><strong>Kuormaaja ja lis\u00e4laitteet:<\/strong><\/p>\n<ul>\n<li>2350 mm kuormaajan kauha<\/li>\n<li>Flip-Over haarukat<\/li>\n<\/ul>\n<p>&nbsp;<\/p>\n<p><strong>Kaivuri ja lis\u00e4laitteet:<\/strong><\/p>\n<ul>\n<li>Pidennett\u00e4v\u00e4 tikku<\/li>\n<li>1400 mm kaivinkoneen siivouskauha<\/li>\n<\/ul>\n<p>&nbsp;<\/p>\n<p><strong>Hydrauliikka:<\/strong><\/p>\n<ul>\n<li>Takaosan lis\u00e4hydrauliikka<\/li>\n<\/ul>","protected":false},"excerpt":{"rendered":"<p>K\u00e4ytetty 2015 Case 580ST kaivurikuormaaja, tuntia: \u20ac31,000. Suljettu ohjaamo, ilmastointilaite, Powershift, ulosvedett\u00e4v\u00e4 keppi, takapuolen lis\u00e4hydrauliikka ja paljon muuta.<\/p>","protected":false},"featured_media":6789,"template":"","meta":{"_jet_sm_ready_style":"","_jet_sm_style":"","_jet_sm_controls_values":"","_jet_sm_fonts_collection":"","_jet_sm_fonts_links":""},"product_brand":[559],"product_cat":[98,112],"product_tag":[76],"manufacturers":[123],"class_list":{"0":"post-4898","1":"product","2":"type-product","3":"status-publish","4":"has-post-thumbnail","6":"product_brand-case","7":"product_cat-backhoe-loaders","8":"product_cat-construction-equipment","9":"product_tag-used","10":"manufacturers-case","12":"first","13":"instock","14":"taxable","15":"shipping-taxable","16":"purchasable","17":"product-type-simple"},"_links":{"self":[{"href":"https:\/\/maschinentreff.de\/fi\/wp-json\/wp\/v2\/product\/4898","targetHints":{"allow":["GET"]}}],"collection":[{"href":"https:\/\/maschinentreff.de\/fi\/wp-json\/wp\/v2\/product"}],"about":[{"href":"https:\/\/maschinentreff.de\/fi\/wp-json\/wp\/v2\/types\/product"}],"version-history":[{"count":1,"href":"https:\/\/maschinentreff.de\/fi\/wp-json\/wp\/v2\/product\/4898\/revisions"}],"predecessor-version":[{"id":6781,"href":"https:\/\/maschinentreff.de\/fi\/wp-json\/wp\/v2\/product\/4898\/revisions\/6781"}],"wp:featuredmedia":[{"embeddable":true,"href":"https:\/\/maschinentreff.de\/fi\/wp-json\/wp\/v2\/media\/6789"}],"wp:attachment":[{"href":"https:\/\/maschinentreff.de\/fi\/wp-json\/wp\/v2\/media?parent=4898"}],"wp:term":[{"taxonomy":"product_brand","embeddable":true,"href":"https:\/\/maschinentreff.de\/fi\/wp-json\/wp\/v2\/product_brand?post=4898"},{"taxonomy":"product_cat","embeddable":true,"href":"https:\/\/maschinentreff.de\/fi\/wp-json\/wp\/v2\/product_cat?post=4898"},{"taxonomy":"product_tag","embeddable":true,"href":"https:\/\/maschinentreff.de\/fi\/wp-json\/wp\/v2\/product_tag?post=4898"},{"taxonomy":"manufacturers","embeddable":true,"href":"https:\/\/maschinentreff.de\/fi\/wp-json\/wp\/v2\/manufacturers?post=4898"}],"curies":[{"name":"wp","href":"https:\/\/api.w.org\/{rel}","templated":true}]}}