{"id":4896,"date":"2024-11-18T20:08:15","date_gmt":"2024-11-18T19:08:15","guid":{"rendered":"https:\/\/maschinentreff.de\/mini-excavator-2023-bobcat-e35z-2\/"},"modified":"2025-10-06T21:45:32","modified_gmt":"2025-10-06T19:45:32","slug":"traktori-2023-fendt-210-vario-4wd-2","status":"publish","type":"product","link":"https:\/\/maschinentreff.de\/fi\/traktori-2023-fendt-210-vario-4wd-2\/","title":{"rendered":"Traktori 2023 Fendt 210 Vario 4WD - k\u00e4ytt\u00e4m\u00e4t\u00f6n"},"content":{"rendered":"<p><strong>Ohjaamo\/kuljettajan asema:<\/strong><\/p>\n<ul>\n<li>Suljettu ohjaamo<\/li>\n<li>Ilmastointilaite<\/li>\n<li>Air Ride -istuin<\/li>\n<\/ul>\n<p>&nbsp;<\/p>\n<p><strong>Hydrauliikka ja PTO:<\/strong><\/p>\n<ul>\n<li>8 takimmaista kaukos\u00e4\u00e4dint\u00e4<\/li>\n<li>540\/1000 PTO<\/li>\n<\/ul>\n<p>&nbsp;<\/p>\n<p><strong>Yhteys:<\/strong><\/p>\n<ul>\n<li>3-pistekiinnike<\/li>\n<\/ul>\n<p>&nbsp;<\/p>\n<p><strong>Renkaat:<\/strong><\/p>\n<ul>\n<li>380\/70R24 eturenkaat<\/li>\n<li>480\/70R34 takarenkaat<\/li>\n<\/ul>","protected":false},"excerpt":{"rendered":"<p>K\u00e4ytt\u00e4m\u00e4t\u00f6n 2023 Fendt 210 Vario traktori, tuntia: 8 myyt\u00e4v\u00e4n\u00e4 74 000 \u20ac. Suljettu ohjaamo, ilmastointilaite, 4WD, Air Ride-istuin, 3-pistekiinnike ja paljon muuta.<\/p>","protected":false},"featured_media":6832,"template":"","meta":{"_jet_sm_ready_style":"","_jet_sm_style":"","_jet_sm_controls_values":"","_jet_sm_fonts_collection":"","_jet_sm_fonts_links":""},"product_brand":[546],"product_cat":[108,82],"product_tag":[74],"manufacturers":[132],"class_list":{"0":"post-4896","1":"product","2":"type-product","3":"status-publish","4":"has-post-thumbnail","6":"product_brand-fendt","7":"product_cat-agricultural-machinery","8":"product_cat-tractors","9":"product_tag-new","10":"manufacturers-fendt","12":"first","13":"instock","14":"taxable","15":"shipping-taxable","16":"purchasable","17":"product-type-simple"},"_links":{"self":[{"href":"https:\/\/maschinentreff.de\/fi\/wp-json\/wp\/v2\/product\/4896","targetHints":{"allow":["GET"]}}],"collection":[{"href":"https:\/\/maschinentreff.de\/fi\/wp-json\/wp\/v2\/product"}],"about":[{"href":"https:\/\/maschinentreff.de\/fi\/wp-json\/wp\/v2\/types\/product"}],"version-history":[{"count":1,"href":"https:\/\/maschinentreff.de\/fi\/wp-json\/wp\/v2\/product\/4896\/revisions"}],"predecessor-version":[{"id":6779,"href":"https:\/\/maschinentreff.de\/fi\/wp-json\/wp\/v2\/product\/4896\/revisions\/6779"}],"wp:featuredmedia":[{"embeddable":true,"href":"https:\/\/maschinentreff.de\/fi\/wp-json\/wp\/v2\/media\/6832"}],"wp:attachment":[{"href":"https:\/\/maschinentreff.de\/fi\/wp-json\/wp\/v2\/media?parent=4896"}],"wp:term":[{"taxonomy":"product_brand","embeddable":true,"href":"https:\/\/maschinentreff.de\/fi\/wp-json\/wp\/v2\/product_brand?post=4896"},{"taxonomy":"product_cat","embeddable":true,"href":"https:\/\/maschinentreff.de\/fi\/wp-json\/wp\/v2\/product_cat?post=4896"},{"taxonomy":"product_tag","embeddable":true,"href":"https:\/\/maschinentreff.de\/fi\/wp-json\/wp\/v2\/product_tag?post=4896"},{"taxonomy":"manufacturers","embeddable":true,"href":"https:\/\/maschinentreff.de\/fi\/wp-json\/wp\/v2\/manufacturers?post=4896"}],"curies":[{"name":"wp","href":"https:\/\/api.w.org\/{rel}","templated":true}]}}