{"id":4894,"date":"2024-11-18T20:08:10","date_gmt":"2024-11-18T19:08:10","guid":{"rendered":"https:\/\/maschinentreff.de\/mini-excavator-2023-bobcat-e26\/"},"modified":"2025-10-06T21:45:24","modified_gmt":"2025-10-06T19:45:24","slug":"minikaivinkone-2023-bobcat-e35z-era-2","status":"publish","type":"product","link":"https:\/\/maschinentreff.de\/fi\/minikaivinkone-2023-bobcat-e35z-era-2\/","title":{"rendered":"Minikaivinkone 2023 Bobcat E35Z Er\u00e4: 1"},"content":{"rendered":"<p><strong>Operaattoriasema (ohjaamo\/laturi):<\/strong><\/p>\n<ul>\n<li>Suljettu ohjaamo<\/li>\n<\/ul>\n<p>&nbsp;<\/p>\n<p><strong>Hydrauliikka:<\/strong><\/p>\n<ul>\n<li>Apuhydrauliikan putkisto<\/li>\n<\/ul>\n<p>&nbsp;<\/p>\n<p><strong>Alustat:<\/strong><\/p>\n<ul>\n<li>300 mm kumitelat<\/li>\n<\/ul>\n<p>&nbsp;<\/p>\n<p><strong>Ty\u00f6v\u00e4lineet (puomi, keppi, kauha, lis\u00e4laitteet):<\/strong><\/p>\n<ul>\n<li>Swing Boom<\/li>\n<li>1350 mm Keppi<\/li>\n<li>Manuaalinen pikaliitin<\/li>\n<li>470 mm kaivukauha<\/li>\n<\/ul>\n<p>&nbsp;<\/p>\n<p><strong>Lis\u00e4ominaisuudet:<\/strong><\/p>\n<ul>\n<li>T\u00e4ytt\u00f6ter\u00e4<\/li>\n<\/ul>","protected":false},"excerpt":{"rendered":"<p>K\u00e4ytetty 2023 Bobcat E35Z Minikaivinkone myyt\u00e4v\u00e4n\u00e4: 28.000 \u20ac. Tunnit: 554, Suljettu ohjaamo, lis\u00e4hydrauliikka, k\u00e4\u00e4ntyv\u00e4 puomi, Q\/liitin, takat\u00e4ytt\u00f6ter\u00e4 ja paljon muuta.<\/p>","protected":false},"featured_media":7178,"template":"","meta":{"_jet_sm_ready_style":"","_jet_sm_style":"","_jet_sm_controls_values":"","_jet_sm_fonts_collection":"","_jet_sm_fonts_links":""},"product_brand":[558],"product_cat":[90,112,106],"product_tag":[76],"manufacturers":[121],"class_list":{"0":"post-4894","1":"product","2":"type-product","3":"status-publish","4":"has-post-thumbnail","6":"product_brand-bobcat","7":"product_cat-mini-excavators","8":"product_cat-construction-equipment","9":"product_cat-excavators","10":"product_tag-used","11":"manufacturers-bobcat","13":"first","14":"instock","15":"taxable","16":"shipping-taxable","17":"purchasable","18":"product-type-simple"},"_links":{"self":[{"href":"https:\/\/maschinentreff.de\/fi\/wp-json\/wp\/v2\/product\/4894","targetHints":{"allow":["GET"]}}],"collection":[{"href":"https:\/\/maschinentreff.de\/fi\/wp-json\/wp\/v2\/product"}],"about":[{"href":"https:\/\/maschinentreff.de\/fi\/wp-json\/wp\/v2\/types\/product"}],"version-history":[{"count":1,"href":"https:\/\/maschinentreff.de\/fi\/wp-json\/wp\/v2\/product\/4894\/revisions"}],"predecessor-version":[{"id":6777,"href":"https:\/\/maschinentreff.de\/fi\/wp-json\/wp\/v2\/product\/4894\/revisions\/6777"}],"wp:featuredmedia":[{"embeddable":true,"href":"https:\/\/maschinentreff.de\/fi\/wp-json\/wp\/v2\/media\/7178"}],"wp:attachment":[{"href":"https:\/\/maschinentreff.de\/fi\/wp-json\/wp\/v2\/media?parent=4894"}],"wp:term":[{"taxonomy":"product_brand","embeddable":true,"href":"https:\/\/maschinentreff.de\/fi\/wp-json\/wp\/v2\/product_brand?post=4894"},{"taxonomy":"product_cat","embeddable":true,"href":"https:\/\/maschinentreff.de\/fi\/wp-json\/wp\/v2\/product_cat?post=4894"},{"taxonomy":"product_tag","embeddable":true,"href":"https:\/\/maschinentreff.de\/fi\/wp-json\/wp\/v2\/product_tag?post=4894"},{"taxonomy":"manufacturers","embeddable":true,"href":"https:\/\/maschinentreff.de\/fi\/wp-json\/wp\/v2\/manufacturers?post=4894"}],"curies":[{"name":"wp","href":"https:\/\/api.w.org\/{rel}","templated":true}]}}