{"id":4891,"date":"2024-11-18T20:08:01","date_gmt":"2024-11-18T19:08:01","guid":{"rendered":"https:\/\/maschinentreff.de\/round-baler-2022-fendt-rotana-130f\/"},"modified":"2025-10-05T16:38:18","modified_gmt":"2025-10-05T14:38:18","slug":"minikaivinkone-2022-kubota-kx027-4-era-2","status":"publish","type":"product","link":"https:\/\/maschinentreff.de\/fi\/minikaivinkone-2022-kubota-kx027-4-era-2\/","title":{"rendered":"Minikaivinkone 2022 Kubota KX027-4 Er\u00e4: 1"},"content":{"rendered":"<p><strong>Operaattoriasema (ohjaamo\/laturi):<\/strong><\/p>\n<ul>\n<li>Suljettu ohjaamo<\/li>\n<li>Jousitettu istuin<\/li>\n<li>S\u00e4\u00e4dett\u00e4v\u00e4t rannetuet<\/li>\n<li>Digitaalinen mittaristo<\/li>\n<\/ul>\n<p>&nbsp;<\/p>\n<p><strong>Hydrauliikka:<\/strong><\/p>\n<ul>\n<li>Swing Boom<\/li>\n<li>Apuhydrauliikan putkisto<\/li>\n<li>Ohjattava hydrauliikka<\/li>\n<\/ul>\n<p>&nbsp;<\/p>\n<p><strong>Alustat:<\/strong><\/p>\n<ul>\n<li>300 mm kumitelat<\/li>\n<\/ul>\n<p>&nbsp;<\/p>\n<p><strong>Ty\u00f6v\u00e4lineet (puomi, keppi, kauha, lis\u00e4laitteet):<\/strong><\/p>\n<ul>\n<li>1300 mm Keppi<\/li>\n<li>Manuaalinen pikaliitin<\/li>\n<li>270 mm kaivukauha<\/li>\n<li>T\u00e4ytt\u00f6ter\u00e4<\/li>\n<\/ul>\n<p>&nbsp;<\/p>\n<p><strong> Suorituskyvyn tekniset tiedot: <\/strong><\/p>\n<ul>\n<li>Suurin kaivamissyvyys: 2,74 m (9 ft)<\/li>\n<\/ul>","protected":false},"excerpt":{"rendered":"<p>K\u00e4ytetty 2022 Kubota KX027-4 Minikaivinkone myyt\u00e4v\u00e4n\u00e4: 19.000 \u20ac: 1.230, suljettu ohjaamo, k\u00e4\u00e4ntyv\u00e4 puomi, lis\u00e4hydrauliikka, manuaalinen Q\/liitin ja paljon muuta.<\/p>","protected":false},"featured_media":7127,"template":"","meta":{"_jet_sm_ready_style":"","_jet_sm_style":"","_jet_sm_controls_values":"","_jet_sm_fonts_collection":"","_jet_sm_fonts_links":""},"product_brand":[566],"product_cat":[112,106,90],"product_tag":[76],"manufacturers":[146],"class_list":{"0":"post-4891","1":"product","2":"type-product","3":"status-publish","4":"has-post-thumbnail","6":"product_brand-kubota","7":"product_cat-construction-equipment","8":"product_cat-excavators","9":"product_cat-mini-excavators","10":"product_tag-used","11":"manufacturers-kubota","13":"first","14":"instock","15":"taxable","16":"shipping-taxable","17":"purchasable","18":"product-type-simple"},"_links":{"self":[{"href":"https:\/\/maschinentreff.de\/fi\/wp-json\/wp\/v2\/product\/4891","targetHints":{"allow":["GET"]}}],"collection":[{"href":"https:\/\/maschinentreff.de\/fi\/wp-json\/wp\/v2\/product"}],"about":[{"href":"https:\/\/maschinentreff.de\/fi\/wp-json\/wp\/v2\/types\/product"}],"version-history":[{"count":1,"href":"https:\/\/maschinentreff.de\/fi\/wp-json\/wp\/v2\/product\/4891\/revisions"}],"predecessor-version":[{"id":6774,"href":"https:\/\/maschinentreff.de\/fi\/wp-json\/wp\/v2\/product\/4891\/revisions\/6774"}],"wp:featuredmedia":[{"embeddable":true,"href":"https:\/\/maschinentreff.de\/fi\/wp-json\/wp\/v2\/media\/7127"}],"wp:attachment":[{"href":"https:\/\/maschinentreff.de\/fi\/wp-json\/wp\/v2\/media?parent=4891"}],"wp:term":[{"taxonomy":"product_brand","embeddable":true,"href":"https:\/\/maschinentreff.de\/fi\/wp-json\/wp\/v2\/product_brand?post=4891"},{"taxonomy":"product_cat","embeddable":true,"href":"https:\/\/maschinentreff.de\/fi\/wp-json\/wp\/v2\/product_cat?post=4891"},{"taxonomy":"product_tag","embeddable":true,"href":"https:\/\/maschinentreff.de\/fi\/wp-json\/wp\/v2\/product_tag?post=4891"},{"taxonomy":"manufacturers","embeddable":true,"href":"https:\/\/maschinentreff.de\/fi\/wp-json\/wp\/v2\/manufacturers?post=4891"}],"curies":[{"name":"wp","href":"https:\/\/api.w.org\/{rel}","templated":true}]}}