{"id":4889,"date":"2024-11-18T20:07:55","date_gmt":"2024-11-18T19:07:55","guid":{"rendered":"https:\/\/maschinentreff.de\/mini-excavator-2022-bobcat-e50z-long-arm\/"},"modified":"2025-10-05T16:38:18","modified_gmt":"2025-10-05T14:38:18","slug":"peravaunu-2022-brantner-z-18051-2-xxl-3-suuntainen-kippikone-era-2","status":"publish","type":"product","link":"https:\/\/maschinentreff.de\/fi\/peravaunu-2022-brantner-z-18051-2-xxl-3-suuntainen-kippikone-era-2\/","title":{"rendered":"Per\u00e4vaunu 2022 Brantner Z 18051\/2 XXL 3-v\u00e4yl\u00e4inen kippivaunu Er\u00e4: 1 - k\u00e4ytt\u00e4m\u00e4t\u00f6n"},"content":{"rendered":"<p><strong>Runko ja rakenne:<\/strong><\/p>\n<ul>\n<li>3-v\u00e4yl\u00e4inen kippikokoonpano<\/li>\n<li>Levyn paksuus: 5 mm<\/li>\n<li>Sivulaudan korkeus: 800 mm<\/li>\n<li>Kiinnityslauta 1. sarja: 800 mm<\/li>\n<li>Sivulaudan j\u00e4ykistys: BW<\/li>\n<li>Alustan koko (sis\u00e4puolella): 5080 x 2410 mm<\/li>\n<li>Lavan korkeus: 1370 mm<\/li>\n<li>Kallistuskulma taaksep\u00e4in: 45\u00b0<\/li>\n<li>Kallistuskulma Sivusuunnassa: 45\u00b0<\/li>\n<li>Kuormatilavuus\/lis\u00e4tilavuus: 19,6 m\u00b3.<\/li>\n<\/ul>\n<p>&nbsp;<\/p>\n<p><strong>Hydrauliikka:<\/strong><\/p>\n<ul>\n<li>Hydraulinen l\u00e4pivientiletku: Kyll\u00e4<\/li>\n<li>Pyydetty \u00f6ljym\u00e4\u00e4r\u00e4: 23 L<\/li>\n<li>Kovakromattujen nostosylinterien m\u00e4\u00e4r\u00e4: 2 kpl.<\/li>\n<li>Sylinterin nosto: 1600 mm<\/li>\n<\/ul>\n<p>&nbsp;<\/p>\n<p><strong>Alusta ja akselit:<\/strong><\/p>\n<ul>\n<li>Neli\u00f6akseli: 120 mm<\/li>\n<li>Raideleveys: 2000 mm<\/li>\n<\/ul>\n<p>&nbsp;<\/p>\n<p><strong>Hinaus ja vetokoukku:<\/strong><\/p>\n<ul>\n<li>Automaattinen per\u00e4vaunun kytkent\u00e4<\/li>\n<li>Vetokoukku: Kyll\u00e4<\/li>\n<li>Takaosan vetokoukku<\/li>\n<\/ul>\n<p>&nbsp;<\/p>\n<p><strong>Jarruj\u00e4rjestelm\u00e4:<\/strong><\/p>\n<ul>\n<li>Ilmajarruj\u00e4rjestelm\u00e4<\/li>\n<li>Ilmajarrun takaliit\u00e4nt\u00e4: 2LDL<\/li>\n<\/ul>\n<p>&nbsp;<\/p>\n<p><strong>Suorituskyky ja mitat:<\/strong><\/p>\n<ul>\n<li>Huippunopeus: 40 km\/h<\/li>\n<li>Kokonaisleveys: 2550 mm<\/li>\n<li>Kokonaispituus: 7200 mm<\/li>\n<li>Bruttopaino: 18000 kg<\/li>\n<li>Nettopaino: 4500 kg<\/li>\n<\/ul>\n<p>&nbsp;<\/p>\n<p><strong>Lis\u00e4ominaisuudet:<\/strong><\/p>\n<ul>\n<li>Tarp<\/li>\n<li>Demo yksikk\u00f6<\/li>\n<\/ul>","protected":false},"excerpt":{"rendered":"<p>K\u00e4ytetty 2022 Brantner Z 18051\/2 XXL Per\u00e4vaunu myyt\u00e4v\u00e4n\u00e4 21 500 \u20ac. K\u00e4ytt\u00e4m\u00e4t\u00f6n esittelylaite, ilmajarru, pressu, takavetolaite, 40 km\/h, ym.<\/p>","protected":false},"featured_media":7101,"template":"","meta":{"_jet_sm_ready_style":"","_jet_sm_style":"","_jet_sm_controls_values":"","_jet_sm_fonts_collection":"","_jet_sm_fonts_links":""},"product_brand":[590],"product_cat":[108,395],"product_tag":[76],"manufacturers":[499],"class_list":{"0":"post-4889","1":"product","2":"type-product","3":"status-publish","4":"has-post-thumbnail","6":"product_brand-brantner","7":"product_cat-agricultural-machinery","8":"product_cat-trailers","9":"product_tag-used","10":"manufacturers-brantner","12":"first","13":"instock","14":"sale","15":"taxable","16":"shipping-taxable","17":"purchasable","18":"product-type-simple"},"_links":{"self":[{"href":"https:\/\/maschinentreff.de\/fi\/wp-json\/wp\/v2\/product\/4889","targetHints":{"allow":["GET"]}}],"collection":[{"href":"https:\/\/maschinentreff.de\/fi\/wp-json\/wp\/v2\/product"}],"about":[{"href":"https:\/\/maschinentreff.de\/fi\/wp-json\/wp\/v2\/types\/product"}],"version-history":[{"count":1,"href":"https:\/\/maschinentreff.de\/fi\/wp-json\/wp\/v2\/product\/4889\/revisions"}],"predecessor-version":[{"id":6772,"href":"https:\/\/maschinentreff.de\/fi\/wp-json\/wp\/v2\/product\/4889\/revisions\/6772"}],"wp:featuredmedia":[{"embeddable":true,"href":"https:\/\/maschinentreff.de\/fi\/wp-json\/wp\/v2\/media\/7101"}],"wp:attachment":[{"href":"https:\/\/maschinentreff.de\/fi\/wp-json\/wp\/v2\/media?parent=4889"}],"wp:term":[{"taxonomy":"product_brand","embeddable":true,"href":"https:\/\/maschinentreff.de\/fi\/wp-json\/wp\/v2\/product_brand?post=4889"},{"taxonomy":"product_cat","embeddable":true,"href":"https:\/\/maschinentreff.de\/fi\/wp-json\/wp\/v2\/product_cat?post=4889"},{"taxonomy":"product_tag","embeddable":true,"href":"https:\/\/maschinentreff.de\/fi\/wp-json\/wp\/v2\/product_tag?post=4889"},{"taxonomy":"manufacturers","embeddable":true,"href":"https:\/\/maschinentreff.de\/fi\/wp-json\/wp\/v2\/manufacturers?post=4889"}],"curies":[{"name":"wp","href":"https:\/\/api.w.org\/{rel}","templated":true}]}}