{"id":4888,"date":"2024-11-18T00:00:52","date_gmt":"2024-11-17T23:00:52","guid":{"rendered":"https:\/\/maschinentreff.de\/wheel-excavator-2021-wacker-neuson-ew100\/"},"modified":"2025-10-06T21:53:54","modified_gmt":"2025-10-06T19:53:54","slug":"minikaivinkone-2022-bobcat-e50z-pitka-varsi-2","status":"publish","type":"product","link":"https:\/\/maschinentreff.de\/fi\/minikaivinkone-2022-bobcat-e50z-pitka-varsi-2\/","title":{"rendered":"Minikaivinkone 2022 Bobcat E50Z pitk\u00e4 varsi"},"content":{"rendered":"<p><strong>Operaattoriasema (ohjaamo\/laturi):<\/strong><\/p>\n<ul>\n<li>Suljettu ohjaamo<\/li>\n<li>Ilmastointilaite<\/li>\n<li>Jousitettu istuin<\/li>\n<li>S\u00e4\u00e4dett\u00e4v\u00e4t k\u00e4sinojat<\/li>\n<li>Sis\u00e4\u00e4nvedett\u00e4v\u00e4 turvavy\u00f6<\/li>\n<\/ul>\n<p>&nbsp;<\/p>\n<p><strong>Hydrauliikka:<\/strong><\/p>\n<ul>\n<li>Apuhydrauliikan putkisto<\/li>\n<li>Ohjausk\u00e4ytt\u00f6iset hydrauliset hallintalaitteet<\/li>\n<\/ul>\n<p>&nbsp;<\/p>\n<p><strong>Alustat:<\/strong><\/p>\n<ul>\n<li>Kumiradat<\/li>\n<\/ul>\n<p>&nbsp;<\/p>\n<p><strong>Ty\u00f6v\u00e4lineet (puomi, keppi, kauha, lis\u00e4laitteet):<\/strong><\/p>\n<ul>\n<li>T\u00e4ytt\u00f6ter\u00e4<\/li>\n<li>Manuaalinen pikaliitin<\/li>\n<li>Pehmustetut puomin ja varren sylinterit<\/li>\n<li>Kaivaminen \u00e4mp\u00e4ri<\/li>\n<li>Pitk\u00e4n k\u00e4sivarren konfiguraatio<\/li>\n<li>Kaksisuuntainen lis\u00e4hydrauliikka puomissa<\/li>\n<\/ul>","protected":false},"excerpt":{"rendered":"<p>K\u00e4ytetty 2022 Bobcat E50Z Long Arm Mini Excavator myyt\u00e4v\u00e4n\u00e4: 35.500 \u20ac: 1.913, Suljettu ohjaamo, AC, Aux Hydrauliikka, Manuaalinen QC, Backfill Blade.<\/p>","protected":false},"featured_media":7107,"template":"","meta":{"_jet_sm_ready_style":"","_jet_sm_style":"","_jet_sm_controls_values":"","_jet_sm_fonts_collection":"","_jet_sm_fonts_links":""},"product_brand":[558],"product_cat":[112,106,90],"product_tag":[76],"manufacturers":[121],"class_list":{"0":"post-4888","1":"product","2":"type-product","3":"status-publish","4":"has-post-thumbnail","6":"product_brand-bobcat","7":"product_cat-construction-equipment","8":"product_cat-excavators","9":"product_cat-mini-excavators","10":"product_tag-used","11":"manufacturers-bobcat","13":"first","14":"instock","15":"sale","16":"taxable","17":"shipping-taxable","18":"purchasable","19":"product-type-simple"},"_links":{"self":[{"href":"https:\/\/maschinentreff.de\/fi\/wp-json\/wp\/v2\/product\/4888","targetHints":{"allow":["GET"]}}],"collection":[{"href":"https:\/\/maschinentreff.de\/fi\/wp-json\/wp\/v2\/product"}],"about":[{"href":"https:\/\/maschinentreff.de\/fi\/wp-json\/wp\/v2\/types\/product"}],"version-history":[{"count":1,"href":"https:\/\/maschinentreff.de\/fi\/wp-json\/wp\/v2\/product\/4888\/revisions"}],"predecessor-version":[{"id":6771,"href":"https:\/\/maschinentreff.de\/fi\/wp-json\/wp\/v2\/product\/4888\/revisions\/6771"}],"wp:featuredmedia":[{"embeddable":true,"href":"https:\/\/maschinentreff.de\/fi\/wp-json\/wp\/v2\/media\/7107"}],"wp:attachment":[{"href":"https:\/\/maschinentreff.de\/fi\/wp-json\/wp\/v2\/media?parent=4888"}],"wp:term":[{"taxonomy":"product_brand","embeddable":true,"href":"https:\/\/maschinentreff.de\/fi\/wp-json\/wp\/v2\/product_brand?post=4888"},{"taxonomy":"product_cat","embeddable":true,"href":"https:\/\/maschinentreff.de\/fi\/wp-json\/wp\/v2\/product_cat?post=4888"},{"taxonomy":"product_tag","embeddable":true,"href":"https:\/\/maschinentreff.de\/fi\/wp-json\/wp\/v2\/product_tag?post=4888"},{"taxonomy":"manufacturers","embeddable":true,"href":"https:\/\/maschinentreff.de\/fi\/wp-json\/wp\/v2\/manufacturers?post=4888"}],"curies":[{"name":"wp","href":"https:\/\/api.w.org\/{rel}","templated":true}]}}