{"id":4887,"date":"2024-11-18T20:07:49","date_gmt":"2024-11-18T19:07:49","guid":{"rendered":"https:\/\/maschinentreff.de\/mini-excavator-2020-kubota-u36-4-2\/"},"modified":"2025-10-06T21:45:24","modified_gmt":"2025-10-06T19:45:24","slug":"pyorakaivukone-2021-wacker-neuson-ew100-2","status":"publish","type":"product","link":"https:\/\/maschinentreff.de\/fi\/pyorakaivukone-2021-wacker-neuson-ew100-2\/","title":{"rendered":"Py\u00f6r\u00e4kaivukone 2021 Wacker Neuson EW100"},"content":{"rendered":"<p><strong>Operaattoriasema:<\/strong><\/p>\n<ul>\n<li>Suljettu ohjaamo<\/li>\n<\/ul>\n<p>&nbsp;<\/p>\n<p><strong>Boom &amp; Stick:<\/strong><\/p>\n<ul>\n<li>Muuttuvan kulman k\u00e4\u00e4ntyv\u00e4 puomi<\/li>\n<li>1850 mm Keppi<\/li>\n<li>Stick Takaiskuventtiili<\/li>\n<li>Puomin takaiskuventtiilit<\/li>\n<\/ul>\n<p>&nbsp;<\/p>\n<p><strong>Hydrauliikka:<\/strong><\/p>\n<ul>\n<li>Apuhydrauliikan putkisto<\/li>\n<\/ul>\n<p>&nbsp;<\/p>\n<p><strong>Alustat ja alustat:<\/strong><\/p>\n<ul>\n<li>T\u00e4ytt\u00f6ter\u00e4<\/li>\n<li>Vakauttajat<\/li>\n<li>8.25\u00d720 renkaat<\/li>\n<\/ul>\n<p>&nbsp;<\/p>\n<p><strong>Liitteet:<\/strong><\/p>\n<ul>\n<li>Manuaalinen pikaliitin<\/li>\n<li>1600 mm puhdistuskauha<\/li>\n<li>380 mm kaivukauha<\/li>\n<li>1000 mm kaivukauha<\/li>\n<\/ul>","protected":false},"excerpt":{"rendered":"<p>K\u00e4ytetty 2021 Wacker Neuson EW100 kaivinkone, tuntia: \u20ac49,000. Takakamera, k\u00e4\u00e4ntyv\u00e4 puomi, 3 kauhaa, pikakytkin, vakaajat ja paljon muuta.<\/p>","protected":false},"featured_media":6846,"template":"","meta":{"_jet_sm_ready_style":"","_jet_sm_style":"","_jet_sm_controls_values":"","_jet_sm_fonts_collection":"","_jet_sm_fonts_links":""},"product_brand":[572],"product_cat":[112,106,104],"product_tag":[76],"manufacturers":[164],"class_list":{"0":"post-4887","1":"product","2":"type-product","3":"status-publish","4":"has-post-thumbnail","6":"product_brand-wacker-neuson","7":"product_cat-construction-equipment","8":"product_cat-excavators","9":"product_cat-wheel-excavators","10":"product_tag-used","11":"manufacturers-wacker-neuson","13":"first","14":"instock","15":"taxable","16":"shipping-taxable","17":"purchasable","18":"product-type-simple"},"_links":{"self":[{"href":"https:\/\/maschinentreff.de\/fi\/wp-json\/wp\/v2\/product\/4887","targetHints":{"allow":["GET"]}}],"collection":[{"href":"https:\/\/maschinentreff.de\/fi\/wp-json\/wp\/v2\/product"}],"about":[{"href":"https:\/\/maschinentreff.de\/fi\/wp-json\/wp\/v2\/types\/product"}],"version-history":[{"count":1,"href":"https:\/\/maschinentreff.de\/fi\/wp-json\/wp\/v2\/product\/4887\/revisions"}],"predecessor-version":[{"id":6770,"href":"https:\/\/maschinentreff.de\/fi\/wp-json\/wp\/v2\/product\/4887\/revisions\/6770"}],"wp:featuredmedia":[{"embeddable":true,"href":"https:\/\/maschinentreff.de\/fi\/wp-json\/wp\/v2\/media\/6846"}],"wp:attachment":[{"href":"https:\/\/maschinentreff.de\/fi\/wp-json\/wp\/v2\/media?parent=4887"}],"wp:term":[{"taxonomy":"product_brand","embeddable":true,"href":"https:\/\/maschinentreff.de\/fi\/wp-json\/wp\/v2\/product_brand?post=4887"},{"taxonomy":"product_cat","embeddable":true,"href":"https:\/\/maschinentreff.de\/fi\/wp-json\/wp\/v2\/product_cat?post=4887"},{"taxonomy":"product_tag","embeddable":true,"href":"https:\/\/maschinentreff.de\/fi\/wp-json\/wp\/v2\/product_tag?post=4887"},{"taxonomy":"manufacturers","embeddable":true,"href":"https:\/\/maschinentreff.de\/fi\/wp-json\/wp\/v2\/manufacturers?post=4887"}],"curies":[{"name":"wp","href":"https:\/\/api.w.org\/{rel}","templated":true}]}}