{"id":4885,"date":"2024-11-18T20:07:45","date_gmt":"2024-11-18T19:07:45","guid":{"rendered":"https:\/\/maschinentreff.de\/mini-excavator-2019-volvo-ecr35d\/"},"modified":"2025-10-06T21:45:24","modified_gmt":"2025-10-06T19:45:24","slug":"minikaivinkone-2020-kubota-u36-4-era-2","status":"publish","type":"product","link":"https:\/\/maschinentreff.de\/fi\/minikaivinkone-2020-kubota-u36-4-era-2\/","title":{"rendered":"Minikaivinkone 2020 Kubota U36-4 Er\u00e4: 1"},"content":{"rendered":"<p><strong>Operaattoriasema (ohjaamo\/laturi):<\/strong><\/p>\n<ul>\n<li>Suljettu ohjaamo<\/li>\n<li>Ilmastointilaite<\/li>\n<\/ul>\n<p>&nbsp;<\/p>\n<p><strong>Hydrauliikka:<\/strong><\/p>\n<ul>\n<li>Apuhydrauliikan putkisto<\/li>\n<li>Puomin takaiskuventtiilit<\/li>\n<li>Stick Takaiskuventtiili<\/li>\n<\/ul>\n<p>&nbsp;<\/p>\n<p><strong>Alustat:<\/strong><\/p>\n<ul>\n<li>300 mm kumitelat<\/li>\n<\/ul>\n<p>&nbsp;<\/p>\n<p><strong>Ty\u00f6v\u00e4lineet (puomi, keppi, kauha, lis\u00e4laitteet):<\/strong><\/p>\n<ul>\n<li>Swing Boom<\/li>\n<li>1500 mm Keppi<\/li>\n<li>600 mm kaivukauha<\/li>\n<\/ul>\n<p>&nbsp;<\/p>\n<p><strong>Lis\u00e4ominaisuudet:<\/strong><\/p>\n<ul>\n<li>T\u00e4ytt\u00f6ter\u00e4<\/li>\n<\/ul>","protected":false},"excerpt":{"rendered":"<p>K\u00e4ytetty 2020 Kubota U36-4 Minikaivinkone myyt\u00e4v\u00e4n\u00e4: 16.500 \u20ac: 3.064, Suljettu ohjaamo, AC, k\u00e4\u00e4ntyv\u00e4 puomi, lis\u00e4hydrauliikka, takat\u00e4ytt\u00f6ter\u00e4 ja paljon muuta.<\/p>","protected":false},"featured_media":7050,"template":"","meta":{"_jet_sm_ready_style":"","_jet_sm_style":"","_jet_sm_controls_values":"","_jet_sm_fonts_collection":"","_jet_sm_fonts_links":""},"product_brand":[566],"product_cat":[90,112,106],"product_tag":[76],"manufacturers":[146],"class_list":{"0":"post-4885","1":"product","2":"type-product","3":"status-publish","4":"has-post-thumbnail","6":"product_brand-kubota","7":"product_cat-mini-excavators","8":"product_cat-construction-equipment","9":"product_cat-excavators","10":"product_tag-used","11":"manufacturers-kubota","13":"first","14":"instock","15":"taxable","16":"shipping-taxable","17":"purchasable","18":"product-type-simple"},"_links":{"self":[{"href":"https:\/\/maschinentreff.de\/fi\/wp-json\/wp\/v2\/product\/4885","targetHints":{"allow":["GET"]}}],"collection":[{"href":"https:\/\/maschinentreff.de\/fi\/wp-json\/wp\/v2\/product"}],"about":[{"href":"https:\/\/maschinentreff.de\/fi\/wp-json\/wp\/v2\/types\/product"}],"version-history":[{"count":1,"href":"https:\/\/maschinentreff.de\/fi\/wp-json\/wp\/v2\/product\/4885\/revisions"}],"predecessor-version":[{"id":6768,"href":"https:\/\/maschinentreff.de\/fi\/wp-json\/wp\/v2\/product\/4885\/revisions\/6768"}],"wp:featuredmedia":[{"embeddable":true,"href":"https:\/\/maschinentreff.de\/fi\/wp-json\/wp\/v2\/media\/7050"}],"wp:attachment":[{"href":"https:\/\/maschinentreff.de\/fi\/wp-json\/wp\/v2\/media?parent=4885"}],"wp:term":[{"taxonomy":"product_brand","embeddable":true,"href":"https:\/\/maschinentreff.de\/fi\/wp-json\/wp\/v2\/product_brand?post=4885"},{"taxonomy":"product_cat","embeddable":true,"href":"https:\/\/maschinentreff.de\/fi\/wp-json\/wp\/v2\/product_cat?post=4885"},{"taxonomy":"product_tag","embeddable":true,"href":"https:\/\/maschinentreff.de\/fi\/wp-json\/wp\/v2\/product_tag?post=4885"},{"taxonomy":"manufacturers","embeddable":true,"href":"https:\/\/maschinentreff.de\/fi\/wp-json\/wp\/v2\/manufacturers?post=4885"}],"curies":[{"name":"wp","href":"https:\/\/api.w.org\/{rel}","templated":true}]}}