{"id":4884,"date":"2024-11-18T20:07:43","date_gmt":"2024-11-18T19:07:43","guid":{"rendered":"https:\/\/maschinentreff.de\/tractor-2019-john-deere-premium-6175r-4x4\/"},"modified":"2025-10-06T21:45:24","modified_gmt":"2025-10-06T19:45:24","slug":"minikaivinkone-2019-volvo-ecr35d-2","status":"publish","type":"product","link":"https:\/\/maschinentreff.de\/fi\/minikaivinkone-2019-volvo-ecr35d-2\/","title":{"rendered":"Minikaivinkone 2019 Volvo ECR35D"},"content":{"rendered":"<p><strong>Operaattoriasema (ohjaamo\/laturi):<\/strong><\/p>\n<ul>\n<li>Suljettu ohjaamo<\/li>\n<\/ul>\n<p>&nbsp;<\/p>\n<p><strong>Hydrauliikka:<\/strong><\/p>\n<ul>\n<li>Apuhydrauliikan putkisto<\/li>\n<\/ul>\n<p>&nbsp;<\/p>\n<p><strong>Alustat:<\/strong><\/p>\n<ul>\n<li>Telaketjullinen alusta (vakiovaruste)<\/li>\n<\/ul>\n<p>&nbsp;<\/p>\n<p><strong>Ty\u00f6v\u00e4lineet (puomi, keppi, kauha, lis\u00e4laitteet):<\/strong><\/p>\n<ul>\n<li>T\u00e4ytt\u00f6ter\u00e4<\/li>\n<li>Manuaalinen pikaliitin<\/li>\n<li>Puhdistus\u00e4mp\u00e4ri<\/li>\n<li>2 ylim\u00e4\u00e4r\u00e4ist\u00e4 kaivuukauhaa mukana<\/li>\n<\/ul>","protected":false},"excerpt":{"rendered":"<p>K\u00e4ytetty 2019 Volvo ECR35D Minikaivinkone myyt\u00e4v\u00e4n\u00e4: 25.000 \u20ac. tuntia: 1.454, Suljettu ohjaamo, lis\u00e4hydrauliikka, pikakytkin, takat\u00e4ytt\u00f6ter\u00e4 ja paljon muuta.<\/p>","protected":false},"featured_media":7069,"template":"","meta":{"_jet_sm_ready_style":"","_jet_sm_style":"","_jet_sm_controls_values":"","_jet_sm_fonts_collection":"","_jet_sm_fonts_links":""},"product_brand":[556],"product_cat":[112,106,90],"product_tag":[76],"manufacturers":[163],"class_list":{"0":"post-4884","1":"product","2":"type-product","3":"status-publish","4":"has-post-thumbnail","6":"product_brand-volvo","7":"product_cat-construction-equipment","8":"product_cat-excavators","9":"product_cat-mini-excavators","10":"product_tag-used","11":"manufacturers-volvo","13":"first","14":"instock","15":"taxable","16":"shipping-taxable","17":"purchasable","18":"product-type-simple"},"_links":{"self":[{"href":"https:\/\/maschinentreff.de\/fi\/wp-json\/wp\/v2\/product\/4884","targetHints":{"allow":["GET"]}}],"collection":[{"href":"https:\/\/maschinentreff.de\/fi\/wp-json\/wp\/v2\/product"}],"about":[{"href":"https:\/\/maschinentreff.de\/fi\/wp-json\/wp\/v2\/types\/product"}],"version-history":[{"count":1,"href":"https:\/\/maschinentreff.de\/fi\/wp-json\/wp\/v2\/product\/4884\/revisions"}],"predecessor-version":[{"id":6767,"href":"https:\/\/maschinentreff.de\/fi\/wp-json\/wp\/v2\/product\/4884\/revisions\/6767"}],"wp:featuredmedia":[{"embeddable":true,"href":"https:\/\/maschinentreff.de\/fi\/wp-json\/wp\/v2\/media\/7069"}],"wp:attachment":[{"href":"https:\/\/maschinentreff.de\/fi\/wp-json\/wp\/v2\/media?parent=4884"}],"wp:term":[{"taxonomy":"product_brand","embeddable":true,"href":"https:\/\/maschinentreff.de\/fi\/wp-json\/wp\/v2\/product_brand?post=4884"},{"taxonomy":"product_cat","embeddable":true,"href":"https:\/\/maschinentreff.de\/fi\/wp-json\/wp\/v2\/product_cat?post=4884"},{"taxonomy":"product_tag","embeddable":true,"href":"https:\/\/maschinentreff.de\/fi\/wp-json\/wp\/v2\/product_tag?post=4884"},{"taxonomy":"manufacturers","embeddable":true,"href":"https:\/\/maschinentreff.de\/fi\/wp-json\/wp\/v2\/manufacturers?post=4884"}],"curies":[{"name":"wp","href":"https:\/\/api.w.org\/{rel}","templated":true}]}}