{"id":4883,"date":"2024-11-18T20:07:41","date_gmt":"2024-11-18T19:07:41","guid":{"rendered":"https:\/\/maschinentreff.de\/excavator-2019-hitachi-zx135us-6\/"},"modified":"2025-10-06T21:53:54","modified_gmt":"2025-10-06T19:53:54","slug":"traktori-2019-john-deere-6175r-4x4-2","status":"publish","type":"product","link":"https:\/\/maschinentreff.de\/fi\/traktori-2019-john-deere-6175r-4x4-2\/","title":{"rendered":"Traktori 2019 John Deere 6175R 4\u00d74"},"content":{"rendered":"<p><strong>Ohjaamo ja mukavuus:<\/strong><\/p>\n<ul>\n<li>Suljettu ohjaamo<\/li>\n<li>Ilmastointilaite<\/li>\n<li>Air Ride -istuin<\/li>\n<li>Ohjaamon jousitus<\/li>\n<\/ul>\n<p>&nbsp;<\/p>\n<p><strong>Voimansiirto ja hallintalaitteet:<\/strong><\/p>\n<ul>\n<li>IVT (portaaton vaihteisto)<\/li>\n<li>Vasemman k\u00e4den k\u00e4\u00e4nt\u00f6laite<\/li>\n<\/ul>\n<p>&nbsp;<\/p>\n<p><strong>Hydrauliikka ja PTO:<\/strong><\/p>\n<ul>\n<li>1 Etukaukos\u00e4\u00e4din<\/li>\n<li>4 takimmaista kaukos\u00e4\u00e4dint\u00e4<\/li>\n<li>540\/1000 PTO<\/li>\n<li>PTO edess\u00e4<\/li>\n<\/ul>\n<p>&nbsp;<\/p>\n<p><strong>Moottori ja p\u00e4\u00e4st\u00f6t:<\/strong><\/p>\n<ul>\n<li>Vaatii AdBlue<\/li>\n<\/ul>\n<p>&nbsp;<\/p>\n<p><strong>3-pistekiinnitys ja kytkent\u00e4:<\/strong><\/p>\n<ul>\n<li>Etuosan 3-pistekiinnike<\/li>\n<li>Takaosan 3-pistekiinnike<\/li>\n<li>Ulkopuoliset 3-pisteen vetokoukun hallintalaitteet<\/li>\n<\/ul>\n<p>&nbsp;<\/p>\n<p><strong>Alusta ja akseli:<\/strong><\/p>\n<ul>\n<li>Jousitettu etuakseli<\/li>\n<\/ul>\n<p>&nbsp;<\/p>\n<p><strong>Teknologia:<\/strong><\/p>\n<ul>\n<li>ISOBUS-yhteensopiva<\/li>\n<\/ul>\n<p>&nbsp;<\/p>\n<p><strong>Renkaat:<\/strong><\/p>\n<ul>\n<li>Eturenkaat: 540\/65R30<\/li>\n<li>Takarenkaat: 650\/65R42<\/li>\n<\/ul>","protected":false},"excerpt":{"rendered":"<p>K\u00e4ytetty 2019 John Deere 6175R traktori, tuntia: \u20ac75,000. Suljettu ohjaamo, ilmastointilaite, IVT, ohjaamon jousitus, 3-pistekiinnike edess\u00e4 ja paljon muuta.<\/p>","protected":false},"featured_media":6818,"template":"","meta":{"_jet_sm_ready_style":"","_jet_sm_style":"","_jet_sm_controls_values":"","_jet_sm_fonts_collection":"","_jet_sm_fonts_links":""},"product_brand":[549],"product_cat":[108,82],"product_tag":[76],"manufacturers":[73],"class_list":{"0":"post-4883","1":"product","2":"type-product","3":"status-publish","4":"has-post-thumbnail","6":"product_brand-john-deere","7":"product_cat-agricultural-machinery","8":"product_cat-tractors","9":"product_tag-used","10":"manufacturers-john-deere","12":"first","13":"instock","14":"taxable","15":"shipping-taxable","16":"purchasable","17":"product-type-simple"},"_links":{"self":[{"href":"https:\/\/maschinentreff.de\/fi\/wp-json\/wp\/v2\/product\/4883","targetHints":{"allow":["GET"]}}],"collection":[{"href":"https:\/\/maschinentreff.de\/fi\/wp-json\/wp\/v2\/product"}],"about":[{"href":"https:\/\/maschinentreff.de\/fi\/wp-json\/wp\/v2\/types\/product"}],"version-history":[{"count":1,"href":"https:\/\/maschinentreff.de\/fi\/wp-json\/wp\/v2\/product\/4883\/revisions"}],"predecessor-version":[{"id":6766,"href":"https:\/\/maschinentreff.de\/fi\/wp-json\/wp\/v2\/product\/4883\/revisions\/6766"}],"wp:featuredmedia":[{"embeddable":true,"href":"https:\/\/maschinentreff.de\/fi\/wp-json\/wp\/v2\/media\/6818"}],"wp:attachment":[{"href":"https:\/\/maschinentreff.de\/fi\/wp-json\/wp\/v2\/media?parent=4883"}],"wp:term":[{"taxonomy":"product_brand","embeddable":true,"href":"https:\/\/maschinentreff.de\/fi\/wp-json\/wp\/v2\/product_brand?post=4883"},{"taxonomy":"product_cat","embeddable":true,"href":"https:\/\/maschinentreff.de\/fi\/wp-json\/wp\/v2\/product_cat?post=4883"},{"taxonomy":"product_tag","embeddable":true,"href":"https:\/\/maschinentreff.de\/fi\/wp-json\/wp\/v2\/product_tag?post=4883"},{"taxonomy":"manufacturers","embeddable":true,"href":"https:\/\/maschinentreff.de\/fi\/wp-json\/wp\/v2\/manufacturers?post=4883"}],"curies":[{"name":"wp","href":"https:\/\/api.w.org\/{rel}","templated":true}]}}