{"id":4882,"date":"2024-11-18T20:07:37","date_gmt":"2024-11-18T19:07:37","guid":{"rendered":"https:\/\/maschinentreff.de\/tractor-2018-new-holland-t7-290-autocommand-4x4\/"},"modified":"2025-10-06T21:53:54","modified_gmt":"2025-10-06T19:53:54","slug":"kaivinkone-2019-hitachi-zx135us-6-2","status":"publish","type":"product","link":"https:\/\/maschinentreff.de\/fi\/kaivinkone-2019-hitachi-zx135us-6-2\/","title":{"rendered":"Kaivinkone 2019 Hitachi ZX135US-6"},"content":{"rendered":"<p><strong>Operaattoriasema (ohjaamo\/laturi):<\/strong><\/p>\n<ul>\n<li>Ilmastointilaite<\/li>\n<li>Taka- ja sivukamerat<\/li>\n<\/ul>\n<p>&nbsp;<\/p>\n<p><strong>Hydrauliikka:<\/strong><\/p>\n<ul>\n<li>Apuhydrauliikan putkisto<\/li>\n<li>Puomin takaiskuventtiilit<\/li>\n<\/ul>\n<p>&nbsp;<\/p>\n<p><strong>Alustat:<\/strong><\/p>\n<ul>\n<li>500 mm Triple Grouser Track keng\u00e4t<\/li>\n<\/ul>\n<p>&nbsp;<\/p>\n<p><strong>Ty\u00f6v\u00e4lineet (puomi, keppi, kauha, lis\u00e4laitteet):<\/strong><\/p>\n<ul>\n<li>2500 mm Keppi<\/li>\n<li>Puomi Hitsattu rakenne<\/li>\n<li>1100 mm Kaivukauha<\/li>\n<\/ul>\n<p>&nbsp;<\/p>\n<p><strong>Lis\u00e4ominaisuudet:<\/strong><\/p>\n<ul>\n<li>T\u00e4ytt\u00f6ter\u00e4<\/li>\n<\/ul>","protected":false},"excerpt":{"rendered":"<p>K\u00e4ytetty 2019 Hitachi ZX135US-6 Kaivinkone myyt\u00e4v\u00e4n\u00e4: 26.500 \u20ac. Tuntikustannukset: 13.692, AC, kamerat, lis\u00e4hydrauliikka, t\u00e4ytt\u00f6ter\u00e4, kaivukauha ja paljon muuta.<\/p>","protected":false},"featured_media":6870,"template":"","meta":{"_jet_sm_ready_style":"","_jet_sm_style":"","_jet_sm_controls_values":"","_jet_sm_fonts_collection":"","_jet_sm_fonts_links":""},"product_brand":[579],"product_cat":[112,102],"product_tag":[76],"manufacturers":[137],"class_list":{"0":"post-4882","1":"product","2":"type-product","3":"status-publish","4":"has-post-thumbnail","6":"product_brand-hitachi","7":"product_cat-construction-equipment","8":"product_cat-track-excavators","9":"product_tag-used","10":"manufacturers-hitachi","12":"first","13":"instock","14":"sale","15":"taxable","16":"shipping-taxable","17":"purchasable","18":"product-type-simple"},"_links":{"self":[{"href":"https:\/\/maschinentreff.de\/fi\/wp-json\/wp\/v2\/product\/4882","targetHints":{"allow":["GET"]}}],"collection":[{"href":"https:\/\/maschinentreff.de\/fi\/wp-json\/wp\/v2\/product"}],"about":[{"href":"https:\/\/maschinentreff.de\/fi\/wp-json\/wp\/v2\/types\/product"}],"version-history":[{"count":1,"href":"https:\/\/maschinentreff.de\/fi\/wp-json\/wp\/v2\/product\/4882\/revisions"}],"predecessor-version":[{"id":6765,"href":"https:\/\/maschinentreff.de\/fi\/wp-json\/wp\/v2\/product\/4882\/revisions\/6765"}],"wp:featuredmedia":[{"embeddable":true,"href":"https:\/\/maschinentreff.de\/fi\/wp-json\/wp\/v2\/media\/6870"}],"wp:attachment":[{"href":"https:\/\/maschinentreff.de\/fi\/wp-json\/wp\/v2\/media?parent=4882"}],"wp:term":[{"taxonomy":"product_brand","embeddable":true,"href":"https:\/\/maschinentreff.de\/fi\/wp-json\/wp\/v2\/product_brand?post=4882"},{"taxonomy":"product_cat","embeddable":true,"href":"https:\/\/maschinentreff.de\/fi\/wp-json\/wp\/v2\/product_cat?post=4882"},{"taxonomy":"product_tag","embeddable":true,"href":"https:\/\/maschinentreff.de\/fi\/wp-json\/wp\/v2\/product_tag?post=4882"},{"taxonomy":"manufacturers","embeddable":true,"href":"https:\/\/maschinentreff.de\/fi\/wp-json\/wp\/v2\/manufacturers?post=4882"}],"curies":[{"name":"wp","href":"https:\/\/api.w.org\/{rel}","templated":true}]}}