{"id":4881,"date":"2024-11-18T20:07:35","date_gmt":"2024-11-18T19:07:35","guid":{"rendered":"https:\/\/maschinentreff.de\/mini-excavator-2017-takeuchi-tb260-2\/"},"modified":"2025-10-06T21:53:54","modified_gmt":"2025-10-06T19:53:54","slug":"traktori-2018-new-holland-t7-290-autocommand-4x4-2","status":"publish","type":"product","link":"https:\/\/maschinentreff.de\/fi\/traktori-2018-new-holland-t7-290-autocommand-4x4-2\/","title":{"rendered":"Traktori 2018 New Holland T7.290 Autocommand 4\u00d74 New Holland T7.290 Autocommand 4\u00d74"},"content":{"rendered":"<p><strong>Ohjaamo ja mukavuus:<\/strong><\/p>\n<ul>\n<li>Suljettu ohjaamo<\/li>\n<li>Ilmastointilaite<\/li>\n<li>IntelliView IV -n\u00e4ytt\u00f6<\/li>\n<\/ul>\n<p>&nbsp;<\/p>\n<p><strong>Voimansiirto ja hallintalaitteet:<\/strong><\/p>\n<ul>\n<li>CVT (portaattomasti muuttuva vaihteisto)<\/li>\n<li>Vasemman k\u00e4den k\u00e4\u00e4nt\u00f6laite<\/li>\n<li>Hiipij\u00e4 vaihde<\/li>\n<\/ul>\n<p>&nbsp;<\/p>\n<p><strong>Teknologia ja ohjaus:<\/strong><\/p>\n<ul>\n<li>New Holland Antenni\/vastaanotin<\/li>\n<li>Autosteer<\/li>\n<li>EGNOS:n aktivointi<\/li>\n<li>ISOBUS-yhteensopiva<\/li>\n<\/ul>\n<p>&nbsp;<\/p>\n<p><strong>Moottori ja p\u00e4\u00e4st\u00f6t:<\/strong><\/p>\n<ul>\n<li>Vaatii AdBlue<\/li>\n<\/ul>\n<p>&nbsp;<\/p>\n<p><strong>Hydrauliikka ja PTO:<\/strong><\/p>\n<ul>\n<li>2 etuhydraulista kaukos\u00e4\u00e4dint\u00e4<\/li>\n<li>4 takahydrauliset kaukos\u00e4\u00e4timet<\/li>\n<li>Lis\u00e4hydrauliikka<\/li>\n<li>Kuorman tunnistava hydrauliikka<\/li>\n<\/ul>\n<p>&nbsp;<\/p>\n<p><strong>Vetokoukku ja kytkent\u00e4:<\/strong><\/p>\n<ul>\n<li>Etuosan 3-pistekiinnike ja pikakiinnike<\/li>\n<li>Takaosan 3-pistekiinnike ja pikakiinnike<\/li>\n<li>Ulkopuoliset 3-pisteen vetokoukun hallintalaitteet<\/li>\n<\/ul>\n<p>&nbsp;<\/p>\n<p><strong>Alusta ja akseli:<\/strong><\/p>\n<ul>\n<li>Jousitettu etuakseli<\/li>\n<\/ul>\n<p>&nbsp;<\/p>\n<p><strong>Jarrut:<\/strong><\/p>\n<ul>\n<li>Ilmajarruj\u00e4rjestelm\u00e4<\/li>\n<\/ul>\n<p>&nbsp;<\/p>\n<p><strong>Renkaat ja painolasti:<\/strong><\/p>\n<ul>\n<li>Eturenkaat: 650\/60R34<\/li>\n<li>Takarenkaat: 710\/75R42<\/li>\n<li>Takapy\u00f6r\u00e4n painot<\/li>\n<\/ul>\n<p>&nbsp;<\/p>","protected":false},"excerpt":{"rendered":"<p>K\u00e4ytetty 2018 New Holland T7.290 Autocommand 4WD traktori, tuntia: \u20ac68,000. Suljettu ohjaamo, CVT, Autosteer, 3-pistekiinnike edess\u00e4 ja paljon muuta.<\/p>","protected":false},"featured_media":6799,"template":"","meta":{"_jet_sm_ready_style":"","_jet_sm_style":"","_jet_sm_controls_values":"","_jet_sm_fonts_collection":"","_jet_sm_fonts_links":""},"product_brand":[553],"product_cat":[108,82],"product_tag":[76],"manufacturers":[156],"class_list":{"0":"post-4881","1":"product","2":"type-product","3":"status-publish","4":"has-post-thumbnail","6":"product_brand-new-holland","7":"product_cat-agricultural-machinery","8":"product_cat-tractors","9":"product_tag-used","10":"manufacturers-new-holland","12":"first","13":"instock","14":"taxable","15":"shipping-taxable","16":"purchasable","17":"product-type-simple"},"_links":{"self":[{"href":"https:\/\/maschinentreff.de\/fi\/wp-json\/wp\/v2\/product\/4881","targetHints":{"allow":["GET"]}}],"collection":[{"href":"https:\/\/maschinentreff.de\/fi\/wp-json\/wp\/v2\/product"}],"about":[{"href":"https:\/\/maschinentreff.de\/fi\/wp-json\/wp\/v2\/types\/product"}],"version-history":[{"count":1,"href":"https:\/\/maschinentreff.de\/fi\/wp-json\/wp\/v2\/product\/4881\/revisions"}],"predecessor-version":[{"id":6764,"href":"https:\/\/maschinentreff.de\/fi\/wp-json\/wp\/v2\/product\/4881\/revisions\/6764"}],"wp:featuredmedia":[{"embeddable":true,"href":"https:\/\/maschinentreff.de\/fi\/wp-json\/wp\/v2\/media\/6799"}],"wp:attachment":[{"href":"https:\/\/maschinentreff.de\/fi\/wp-json\/wp\/v2\/media?parent=4881"}],"wp:term":[{"taxonomy":"product_brand","embeddable":true,"href":"https:\/\/maschinentreff.de\/fi\/wp-json\/wp\/v2\/product_brand?post=4881"},{"taxonomy":"product_cat","embeddable":true,"href":"https:\/\/maschinentreff.de\/fi\/wp-json\/wp\/v2\/product_cat?post=4881"},{"taxonomy":"product_tag","embeddable":true,"href":"https:\/\/maschinentreff.de\/fi\/wp-json\/wp\/v2\/product_tag?post=4881"},{"taxonomy":"manufacturers","embeddable":true,"href":"https:\/\/maschinentreff.de\/fi\/wp-json\/wp\/v2\/manufacturers?post=4881"}],"curies":[{"name":"wp","href":"https:\/\/api.w.org\/{rel}","templated":true}]}}