{"id":4878,"date":"2024-11-18T20:07:29","date_gmt":"2024-11-18T19:07:29","guid":{"rendered":"https:\/\/maschinentreff.de\/silage-trailer-2016-claas-cargos-760-tri-a\/"},"modified":"2025-10-06T21:53:54","modified_gmt":"2025-10-06T19:53:54","slug":"sailorehun-peravaunu-2016-claas-cargos-760-business-tridem-2","status":"publish","type":"product","link":"https:\/\/maschinentreff.de\/fi\/sailorehun-peravaunu-2016-claas-cargos-760-business-tridem-2\/","title":{"rendered":"S\u00e4il\u00f6rehun per\u00e4vaunu 2016 Claas Cargos 760 Business Tridem"},"content":{"rendered":"<p><strong>Alusta ja akselit:<\/strong><\/p>\n<ul>\n<li>Tridem-akseli 30 t hydraulisella kompensoinnilla<\/li>\n<li>Etunosto-akseli<\/li>\n<li>Sallittu kokonaispaino: 34 000 kg.<\/li>\n<\/ul>\n<p>&nbsp;<\/p>\n<p><strong>Vetokoukku ja jousitus:<\/strong><\/p>\n<ul>\n<li>Alempi K80-vetokoukku<\/li>\n<li>Hydraulinen vetoaisan jousitus<\/li>\n<li>Nivelletty vetoaisa<\/li>\n<\/ul>\n<p>&nbsp;<\/p>\n<p><strong>Runko ja rakenne:<\/strong><\/p>\n<ul>\n<li>Suljettu metallirunko<\/li>\n<li>2-vaiheinen kaavinlattian k\u00e4ytt\u00f6<\/li>\n<li>Nopea j\u00e4\u00e4nn\u00f6styhjennysj\u00e4rjestelm\u00e4<\/li>\n<li>Kuormatilavuus: 51 m\u00b3<\/li>\n<\/ul>\n<p>&nbsp;<\/p>\n<p><strong>Hydrauliikka:<\/strong><\/p>\n<ul>\n<li>Mukavuushydrauliikka<\/li>\n<\/ul>\n<p>&nbsp;<\/p>\n<p><strong>Nopeus:<\/strong><\/p>\n<ul>\n<li>Suurin nopeus: 40 km\/h<\/li>\n<\/ul>","protected":false},"excerpt":{"rendered":"<p>K\u00e4ytetty 2016 Claas Cargos 760 kolmiakselinen s\u00e4il\u00f6rehuvaunu myyt\u00e4v\u00e4n\u00e4 28 000 \u20ac. Tilavuus 51 m\u00b3, pakko-ohjaus, 620\/55 R26.5 renkaat ym.<\/p>","protected":false},"featured_media":6911,"template":"","meta":{"_jet_sm_ready_style":"","_jet_sm_style":"","_jet_sm_controls_values":"","_jet_sm_fonts_collection":"","_jet_sm_fonts_links":""},"product_brand":[560],"product_cat":[108,396],"product_tag":[76],"manufacturers":[126],"class_list":{"0":"post-4878","1":"product","2":"type-product","3":"status-publish","4":"has-post-thumbnail","6":"product_brand-claas","7":"product_cat-agricultural-machinery","8":"product_cat-hay-and-forage-machines","9":"product_tag-used","10":"manufacturers-claas","12":"first","13":"instock","14":"taxable","15":"shipping-taxable","16":"purchasable","17":"product-type-simple"},"_links":{"self":[{"href":"https:\/\/maschinentreff.de\/fi\/wp-json\/wp\/v2\/product\/4878","targetHints":{"allow":["GET"]}}],"collection":[{"href":"https:\/\/maschinentreff.de\/fi\/wp-json\/wp\/v2\/product"}],"about":[{"href":"https:\/\/maschinentreff.de\/fi\/wp-json\/wp\/v2\/types\/product"}],"version-history":[{"count":1,"href":"https:\/\/maschinentreff.de\/fi\/wp-json\/wp\/v2\/product\/4878\/revisions"}],"predecessor-version":[{"id":6761,"href":"https:\/\/maschinentreff.de\/fi\/wp-json\/wp\/v2\/product\/4878\/revisions\/6761"}],"wp:featuredmedia":[{"embeddable":true,"href":"https:\/\/maschinentreff.de\/fi\/wp-json\/wp\/v2\/media\/6911"}],"wp:attachment":[{"href":"https:\/\/maschinentreff.de\/fi\/wp-json\/wp\/v2\/media?parent=4878"}],"wp:term":[{"taxonomy":"product_brand","embeddable":true,"href":"https:\/\/maschinentreff.de\/fi\/wp-json\/wp\/v2\/product_brand?post=4878"},{"taxonomy":"product_cat","embeddable":true,"href":"https:\/\/maschinentreff.de\/fi\/wp-json\/wp\/v2\/product_cat?post=4878"},{"taxonomy":"product_tag","embeddable":true,"href":"https:\/\/maschinentreff.de\/fi\/wp-json\/wp\/v2\/product_tag?post=4878"},{"taxonomy":"manufacturers","embeddable":true,"href":"https:\/\/maschinentreff.de\/fi\/wp-json\/wp\/v2\/manufacturers?post=4878"}],"curies":[{"name":"wp","href":"https:\/\/api.w.org\/{rel}","templated":true}]}}