{"id":4874,"date":"2024-11-18T20:07:19","date_gmt":"2024-11-18T19:07:19","guid":{"rendered":"https:\/\/maschinentreff.de\/tractor-2014-john-deere-7290r-4wd\/"},"modified":"2025-10-06T21:53:44","modified_gmt":"2025-10-06T19:53:44","slug":"traktori-2014-john-deere-7290r-4wd-2","status":"publish","type":"product","link":"https:\/\/maschinentreff.de\/fi\/traktori-2014-john-deere-7290r-4wd-2\/","title":{"rendered":"Traktori 2014 John Deere 7290R 4WD 4WD"},"content":{"rendered":"<p><strong>Ohjaamo ja mukavuus:<\/strong><\/p>\n<ul>\n<li>Suljettu ohjaamo<\/li>\n<li>Ilmastointilaite<\/li>\n<\/ul>\n<p>&nbsp;<\/p>\n<p><strong>Etuvetokoukku ja hydrauliikka:<\/strong><\/p>\n<ul>\n<li>Etuosan 3-pistekiinnike<\/li>\n<li>1 Etukaukos\u00e4\u00e4din<\/li>\n<\/ul>\n<p>&nbsp;<\/p>\n<p><strong>Takahydrauliikka ja PTO:<\/strong><\/p>\n<ul>\n<li>5 takimmaista kaukos\u00e4\u00e4dint\u00e4<\/li>\n<li>Kuorman tunnistava hydrauliikka<\/li>\n<\/ul>\n<p>&nbsp;<\/p>\n<p><strong>Teknologia:<\/strong><\/p>\n<ul>\n<li>ISOBUS-yhteensopiva<\/li>\n<\/ul>\n<p>&nbsp;<\/p>\n<p><strong>Jarrut ja vetokoukku:<\/strong><\/p>\n<ul>\n<li>Ilmajarruj\u00e4rjestelm\u00e4<\/li>\n<li>K80 Vetokoukku<\/li>\n<\/ul>\n<p>&nbsp;<\/p>\n<p><strong>Alusta ja akseli:<\/strong><\/p>\n<ul>\n<li>Jousitettu etuakseli<\/li>\n<\/ul>\n<p>&nbsp;<\/p>\n<p><strong>Renkaat ja painolasti:<\/strong><\/p>\n<ul>\n<li>Eturenkaat: 620\/75R30<\/li>\n<li>Takarenkaat: 710\/75R42<\/li>\n<li>Takapy\u00f6r\u00e4n painot<\/li>\n<\/ul>\n<p>&nbsp;<\/p>","protected":false},"excerpt":{"rendered":"<p>K\u00e4ytetty 2014 John Deere 7290R 4WD traktori, tuntia: \u20ac47,000. Suljettu ohjaamo, ilmastointilaite, ISOBUS, 3-pistevetokoukku edess\u00e4 ja paljon muuta.<\/p>","protected":false},"featured_media":7000,"template":"","meta":{"_jet_sm_ready_style":"","_jet_sm_style":"","_jet_sm_controls_values":"","_jet_sm_fonts_collection":"","_jet_sm_fonts_links":""},"product_brand":[549],"product_cat":[108,82],"product_tag":[76],"manufacturers":[73],"class_list":{"0":"post-4874","1":"product","2":"type-product","3":"status-publish","4":"has-post-thumbnail","6":"product_brand-john-deere","7":"product_cat-agricultural-machinery","8":"product_cat-tractors","9":"product_tag-used","10":"manufacturers-john-deere","12":"first","13":"instock","14":"taxable","15":"shipping-taxable","16":"purchasable","17":"product-type-simple"},"_links":{"self":[{"href":"https:\/\/maschinentreff.de\/fi\/wp-json\/wp\/v2\/product\/4874","targetHints":{"allow":["GET"]}}],"collection":[{"href":"https:\/\/maschinentreff.de\/fi\/wp-json\/wp\/v2\/product"}],"about":[{"href":"https:\/\/maschinentreff.de\/fi\/wp-json\/wp\/v2\/types\/product"}],"version-history":[{"count":1,"href":"https:\/\/maschinentreff.de\/fi\/wp-json\/wp\/v2\/product\/4874\/revisions"}],"predecessor-version":[{"id":6757,"href":"https:\/\/maschinentreff.de\/fi\/wp-json\/wp\/v2\/product\/4874\/revisions\/6757"}],"wp:featuredmedia":[{"embeddable":true,"href":"https:\/\/maschinentreff.de\/fi\/wp-json\/wp\/v2\/media\/7000"}],"wp:attachment":[{"href":"https:\/\/maschinentreff.de\/fi\/wp-json\/wp\/v2\/media?parent=4874"}],"wp:term":[{"taxonomy":"product_brand","embeddable":true,"href":"https:\/\/maschinentreff.de\/fi\/wp-json\/wp\/v2\/product_brand?post=4874"},{"taxonomy":"product_cat","embeddable":true,"href":"https:\/\/maschinentreff.de\/fi\/wp-json\/wp\/v2\/product_cat?post=4874"},{"taxonomy":"product_tag","embeddable":true,"href":"https:\/\/maschinentreff.de\/fi\/wp-json\/wp\/v2\/product_tag?post=4874"},{"taxonomy":"manufacturers","embeddable":true,"href":"https:\/\/maschinentreff.de\/fi\/wp-json\/wp\/v2\/manufacturers?post=4874"}],"curies":[{"name":"wp","href":"https:\/\/api.w.org\/{rel}","templated":true}]}}