{"id":4873,"date":"2024-11-18T20:07:18","date_gmt":"2024-11-18T19:07:18","guid":{"rendered":"https:\/\/maschinentreff.de\/square-baler-2014-claas-quadrant-3300-fc\/"},"modified":"2025-10-06T21:53:44","modified_gmt":"2025-10-06T19:53:44","slug":"neliopaalain-2014-claas-quadrant-3300-fc-2","status":"publish","type":"product","link":"https:\/\/maschinentreff.de\/fi\/neliopaalain-2014-claas-quadrant-3300-fc-2\/","title":{"rendered":"Neli\u00f6paalain 2014 Claas Quadrant 3300 FC"},"content":{"rendered":"<p><strong>Paalausj\u00e4rjestelm\u00e4:<\/strong><\/p>\n<ul>\n<li>1200 mm leve\u00e4t x 900 mm korkeat paalit<\/li>\n<li>Pickup ja leikkuri<\/li>\n<li>Fine Cut -j\u00e4rjestelm\u00e4 52 veitsell\u00e4<\/li>\n<li>Paalien valvonta<\/li>\n<\/ul>\n<p>&nbsp;<\/p>\n<p><strong>Teho ja voimanotto:<\/strong><\/p>\n<ul>\n<li>1000 PTO<\/li>\n<\/ul>\n<p>&nbsp;<\/p>\n<p><strong>Teknologia:<\/strong><\/p>\n<ul>\n<li>ISOBUS-yhteensopiva<\/li>\n<li>Automaattinen voiteluj\u00e4rjestelm\u00e4<\/li>\n<li>Takakamera<\/li>\n<\/ul>\n<p>&nbsp;<\/p>\n<p><strong>Alusta ja akseli:<\/strong><\/p>\n<ul>\n<li>Takaohjausakseli<\/li>\n<li>620\/50R22.5 renkaat<\/li>\n<\/ul>\n<p>&nbsp;<\/p>\n<p><strong>Vetokoukku ja hinaus:<\/strong><\/p>\n<ul>\n<li>K80 Vetokoukku<\/li>\n<\/ul>\n<p>&nbsp;<\/p>","protected":false},"excerpt":{"rendered":"<p>K\u00e4ytetty 2014 Claas Quadrant 3300 FC neli\u00f6paalain myyt\u00e4v\u00e4n\u00e4 25 000 \u20ac. 1000 PTO, ISOBUS, Fine Cut 52 veitset, takakamera, automaattinen voitelu ja paljon muuta.<\/p>","protected":false},"featured_media":6934,"template":"","meta":{"_jet_sm_ready_style":"","_jet_sm_style":"","_jet_sm_controls_values":"","_jet_sm_fonts_collection":"","_jet_sm_fonts_links":""},"product_brand":[560],"product_cat":[108,396],"product_tag":[76],"manufacturers":[126],"class_list":{"0":"post-4873","1":"product","2":"type-product","3":"status-publish","4":"has-post-thumbnail","6":"product_brand-claas","7":"product_cat-agricultural-machinery","8":"product_cat-hay-and-forage-machines","9":"product_tag-used","10":"manufacturers-claas","12":"first","13":"instock","14":"taxable","15":"shipping-taxable","16":"purchasable","17":"product-type-simple"},"_links":{"self":[{"href":"https:\/\/maschinentreff.de\/fi\/wp-json\/wp\/v2\/product\/4873","targetHints":{"allow":["GET"]}}],"collection":[{"href":"https:\/\/maschinentreff.de\/fi\/wp-json\/wp\/v2\/product"}],"about":[{"href":"https:\/\/maschinentreff.de\/fi\/wp-json\/wp\/v2\/types\/product"}],"version-history":[{"count":1,"href":"https:\/\/maschinentreff.de\/fi\/wp-json\/wp\/v2\/product\/4873\/revisions"}],"predecessor-version":[{"id":6756,"href":"https:\/\/maschinentreff.de\/fi\/wp-json\/wp\/v2\/product\/4873\/revisions\/6756"}],"wp:featuredmedia":[{"embeddable":true,"href":"https:\/\/maschinentreff.de\/fi\/wp-json\/wp\/v2\/media\/6934"}],"wp:attachment":[{"href":"https:\/\/maschinentreff.de\/fi\/wp-json\/wp\/v2\/media?parent=4873"}],"wp:term":[{"taxonomy":"product_brand","embeddable":true,"href":"https:\/\/maschinentreff.de\/fi\/wp-json\/wp\/v2\/product_brand?post=4873"},{"taxonomy":"product_cat","embeddable":true,"href":"https:\/\/maschinentreff.de\/fi\/wp-json\/wp\/v2\/product_cat?post=4873"},{"taxonomy":"product_tag","embeddable":true,"href":"https:\/\/maschinentreff.de\/fi\/wp-json\/wp\/v2\/product_tag?post=4873"},{"taxonomy":"manufacturers","embeddable":true,"href":"https:\/\/maschinentreff.de\/fi\/wp-json\/wp\/v2\/manufacturers?post=4873"}],"curies":[{"name":"wp","href":"https:\/\/api.w.org\/{rel}","templated":true}]}}