{"id":4869,"date":"2024-11-18T20:07:08","date_gmt":"2024-11-18T19:07:08","guid":{"rendered":"https:\/\/maschinentreff.de\/tractor-2007-john-deere-6530-premium-4x4\/"},"modified":"2025-10-06T21:53:44","modified_gmt":"2025-10-06T19:53:44","slug":"traktori-2007-john-deere-6530-premium-4x4-2","status":"publish","type":"product","link":"https:\/\/maschinentreff.de\/fi\/traktori-2007-john-deere-6530-premium-4x4-2\/","title":{"rendered":"Traktori 2007 John Deere 6530 Premium 4\u00d74"},"content":{"rendered":"<p><strong>Ohjaamo ja mukavuus:<\/strong><\/p>\n<ul>\n<li>Suljettu ohjaamo<\/li>\n<li>Ilmastointilaite<\/li>\n<\/ul>\n<p>&nbsp;<\/p>\n<p><strong>Voimansiirto ja hallintalaitteet:<\/strong><\/p>\n<ul>\n<li>IVT (portaaton vaihteisto)<\/li>\n<li>Vasemman k\u00e4den k\u00e4\u00e4nt\u00f6laite<\/li>\n<li>Joystick kuormaajaa varten<\/li>\n<\/ul>\n<p>&nbsp;<\/p>\n<p><strong>Hydrauliikka ja PTO:<\/strong><\/p>\n<ul>\n<li>Etummaiset kaukos\u00e4\u00e4timet<\/li>\n<li>3 takimmaista kaukos\u00e4\u00e4dint\u00e4<\/li>\n<li>540\/1000 PTO<\/li>\n<li>3-pistekiinnike<\/li>\n<li>Ulkopuoliset 3-pisteen vetokoukun hallintalaitteet<\/li>\n<\/ul>\n<p>&nbsp;<\/p>\n<p><strong>Kuormaaja ja kytkent\u00e4:<\/strong><\/p>\n<ul>\n<li>Kuormaimen kiinnityskehys<\/li>\n<li>Etuosan 3-pistekiinnike<\/li>\n<\/ul>\n<p>&nbsp;<\/p>\n<p><strong>Alusta ja akseli:<\/strong><\/p>\n<ul>\n<li>Jousitettu etuakseli<\/li>\n<li>Tasauspy\u00f6r\u00e4st\u00f6n lukitus<\/li>\n<\/ul>\n<p>&nbsp;<\/p>\n<p><strong>Renkaat:<\/strong><\/p>\n<ul>\n<li>460\/70R24 eturenkaat<\/li>\n<li>520\/70R38 takarenkaat<\/li>\n<\/ul>","protected":false},"excerpt":{"rendered":"<p>K\u00e4ytetty 2007 John Deere 6530 Premium traktori, tuntia: \u20ac31,000. Suljettu ohjaamo, ilmastointilaite, IVT, kuormaimen runko, etuvetokoukku ja paljon muuta.<\/p>","protected":false},"featured_media":6964,"template":"","meta":{"_jet_sm_ready_style":"","_jet_sm_style":"","_jet_sm_controls_values":"","_jet_sm_fonts_collection":"","_jet_sm_fonts_links":""},"product_brand":[549],"product_cat":[108,82],"product_tag":[76],"manufacturers":[73],"class_list":{"0":"post-4869","1":"product","2":"type-product","3":"status-publish","4":"has-post-thumbnail","6":"product_brand-john-deere","7":"product_cat-agricultural-machinery","8":"product_cat-tractors","9":"product_tag-used","10":"manufacturers-john-deere","12":"first","13":"instock","14":"taxable","15":"shipping-taxable","16":"purchasable","17":"product-type-simple"},"_links":{"self":[{"href":"https:\/\/maschinentreff.de\/fi\/wp-json\/wp\/v2\/product\/4869","targetHints":{"allow":["GET"]}}],"collection":[{"href":"https:\/\/maschinentreff.de\/fi\/wp-json\/wp\/v2\/product"}],"about":[{"href":"https:\/\/maschinentreff.de\/fi\/wp-json\/wp\/v2\/types\/product"}],"version-history":[{"count":1,"href":"https:\/\/maschinentreff.de\/fi\/wp-json\/wp\/v2\/product\/4869\/revisions"}],"predecessor-version":[{"id":6752,"href":"https:\/\/maschinentreff.de\/fi\/wp-json\/wp\/v2\/product\/4869\/revisions\/6752"}],"wp:featuredmedia":[{"embeddable":true,"href":"https:\/\/maschinentreff.de\/fi\/wp-json\/wp\/v2\/media\/6964"}],"wp:attachment":[{"href":"https:\/\/maschinentreff.de\/fi\/wp-json\/wp\/v2\/media?parent=4869"}],"wp:term":[{"taxonomy":"product_brand","embeddable":true,"href":"https:\/\/maschinentreff.de\/fi\/wp-json\/wp\/v2\/product_brand?post=4869"},{"taxonomy":"product_cat","embeddable":true,"href":"https:\/\/maschinentreff.de\/fi\/wp-json\/wp\/v2\/product_cat?post=4869"},{"taxonomy":"product_tag","embeddable":true,"href":"https:\/\/maschinentreff.de\/fi\/wp-json\/wp\/v2\/product_tag?post=4869"},{"taxonomy":"manufacturers","embeddable":true,"href":"https:\/\/maschinentreff.de\/fi\/wp-json\/wp\/v2\/manufacturers?post=4869"}],"curies":[{"name":"wp","href":"https:\/\/api.w.org\/{rel}","templated":true}]}}