{"id":4867,"date":"2024-11-18T20:07:04","date_gmt":"2024-11-18T19:07:04","guid":{"rendered":"https:\/\/maschinentreff.de\/tractor-2004-fendt-412-vario-4wd\/"},"modified":"2025-10-06T21:53:44","modified_gmt":"2025-10-06T19:53:44","slug":"traktori-2004-fendt-412-vario-4wd-2","status":"publish","type":"product","link":"https:\/\/maschinentreff.de\/fi\/traktori-2004-fendt-412-vario-4wd-2\/","title":{"rendered":"Traktori 2004 Fendt 412 Vario 4WD 4WD"},"content":{"rendered":"<p><strong>Ohjaamo ja mukavuus:<\/strong><\/p>\n<ul>\n<li>Suljettu ohjaamo<\/li>\n<li>Ilmastointilaite<\/li>\n<\/ul>\n<p>&nbsp;<\/p>\n<p><strong>Voimansiirto ja hallintalaitteet:<\/strong><\/p>\n<ul>\n<li>Vario vaihteisto<\/li>\n<li>Vasemman k\u00e4den k\u00e4\u00e4nt\u00f6laite<\/li>\n<\/ul>\n<p>&nbsp;<\/p>\n<p><strong>Kuormaaja ja kytkent\u00e4:<\/strong><\/p>\n<ul>\n<li>Mailleux MX120 etukuormaaja<\/li>\n<li>Etuosan 3-pistekiinnike<\/li>\n<li>Takaosan 3-pistekiinnike ja pikakiinnike<\/li>\n<\/ul>\n<p>&nbsp;<\/p>\n<p><strong>Hydrauliikka ja PTO:<\/strong><\/p>\n<ul>\n<li>1 Mid-Mount-kaukos\u00e4\u00e4din<\/li>\n<li>4 takimmaista kaukos\u00e4\u00e4dint\u00e4<\/li>\n<li>Lis\u00e4hydrauliikka<\/li>\n<li>540 Takana oleva PTO<\/li>\n<\/ul>\n<p>&nbsp;<\/p>\n<p><strong>Alusta ja akseli:<\/strong><\/p>\n<ul>\n<li>Jousitettu etuakseli<\/li>\n<\/ul>","protected":false},"excerpt":{"rendered":"<p>K\u00e4ytetty 2004 Fendt 412 Vario Traktori, tuntia: Myyt\u00e4v\u00e4n\u00e4 19 500 \u20ac. Suljettu ohjaamo, ilmastointilaite, kuormaaja, Vario, riippuva akseli ja paljon muuta.<\/p>","protected":false},"featured_media":6938,"template":"","meta":{"_jet_sm_ready_style":"","_jet_sm_style":"","_jet_sm_controls_values":"","_jet_sm_fonts_collection":"","_jet_sm_fonts_links":""},"product_brand":[546],"product_cat":[108,82],"product_tag":[76],"manufacturers":[132],"class_list":{"0":"post-4867","1":"product","2":"type-product","3":"status-publish","4":"has-post-thumbnail","6":"product_brand-fendt","7":"product_cat-agricultural-machinery","8":"product_cat-tractors","9":"product_tag-used","10":"manufacturers-fendt","12":"first","13":"instock","14":"sale","15":"taxable","16":"shipping-taxable","17":"purchasable","18":"product-type-simple"},"_links":{"self":[{"href":"https:\/\/maschinentreff.de\/fi\/wp-json\/wp\/v2\/product\/4867","targetHints":{"allow":["GET"]}}],"collection":[{"href":"https:\/\/maschinentreff.de\/fi\/wp-json\/wp\/v2\/product"}],"about":[{"href":"https:\/\/maschinentreff.de\/fi\/wp-json\/wp\/v2\/types\/product"}],"version-history":[{"count":1,"href":"https:\/\/maschinentreff.de\/fi\/wp-json\/wp\/v2\/product\/4867\/revisions"}],"predecessor-version":[{"id":6750,"href":"https:\/\/maschinentreff.de\/fi\/wp-json\/wp\/v2\/product\/4867\/revisions\/6750"}],"wp:featuredmedia":[{"embeddable":true,"href":"https:\/\/maschinentreff.de\/fi\/wp-json\/wp\/v2\/media\/6938"}],"wp:attachment":[{"href":"https:\/\/maschinentreff.de\/fi\/wp-json\/wp\/v2\/media?parent=4867"}],"wp:term":[{"taxonomy":"product_brand","embeddable":true,"href":"https:\/\/maschinentreff.de\/fi\/wp-json\/wp\/v2\/product_brand?post=4867"},{"taxonomy":"product_cat","embeddable":true,"href":"https:\/\/maschinentreff.de\/fi\/wp-json\/wp\/v2\/product_cat?post=4867"},{"taxonomy":"product_tag","embeddable":true,"href":"https:\/\/maschinentreff.de\/fi\/wp-json\/wp\/v2\/product_tag?post=4867"},{"taxonomy":"manufacturers","embeddable":true,"href":"https:\/\/maschinentreff.de\/fi\/wp-json\/wp\/v2\/manufacturers?post=4867"}],"curies":[{"name":"wp","href":"https:\/\/api.w.org\/{rel}","templated":true}]}}