{"id":815,"date":"2024-02-28T17:31:42","date_gmt":"2024-02-28T22:31:42","guid":{"rendered":"https:\/\/maskin.kukoto.com\/terms-and-conditions-2\/"},"modified":"2024-11-20T22:33:02","modified_gmt":"2024-11-20T21:33:02","slug":"ehdot-ja-edellytykset-2","status":"publish","type":"page","link":"https:\/\/maschinentreff.de\/fi\/ehdot-ja-edellytykset-2\/","title":{"rendered":"Ehdot ja edellytykset"},"content":{"rendered":"<div data-elementor-type=\"wp-page\" data-elementor-id=\"815\" class=\"elementor elementor-815\" data-elementor-post-type=\"page\">\n\t\t\t\t<div class=\"elementor-element elementor-element-bb3aa86 e-flex e-con-boxed e-con e-parent\" data-id=\"bb3aa86\" data-element_type=\"container\" data-e-type=\"container\" data-settings=\"{&quot;jet_parallax_layout_list&quot;:[]}\">\n\t\t\t\t\t<div class=\"e-con-inner\">\n\t\t\t\t<div class=\"elementor-element elementor-element-2670da7 elementor-widget elementor-widget-heading\" data-id=\"2670da7\" data-element_type=\"widget\" data-e-type=\"widget\" data-widget_type=\"heading.default\">\n\t\t\t\t\t<h1 class=\"elementor-heading-title elementor-size-default\">Ehdot ja edellytykset<\/h1>\t\t\t\t<\/div>\n\t\t\t\t<div class=\"elementor-element elementor-element-b91faee elementor-widget elementor-widget-shortcode\" data-id=\"b91faee\" data-element_type=\"widget\" data-e-type=\"widget\" data-widget_type=\"shortcode.default\">\n\t\t\t\t\t\t\t<div class=\"elementor-shortcode\">\n<!-- This legal document was generated by Complianz Terms &amp; Conditions https:\/\/wordpress.org\/plugins\/complianz-terms-conditions -->\n<div id=\"cmplz-document\" class=\"cmplz-document cmplz-terms-conditions\"><p><i>K\u00e4ytt\u00f6ehdot on viimeksi p\u00e4ivitetty 16\/09\/2025.<\/i><\/p><h2>1. Johdanto<\/h2><p>N\u00e4it\u00e4 k\u00e4ytt\u00f6ehtoja sovelletaan t\u00e4h\u00e4n verkkosivustoon sek\u00e4 tuotteisiimme ja palveluihimme liittyviin liiketoimiin. Sinua voivat sitoa lis\u00e4sopimukset, jotka liittyv\u00e4t suhteeseesi meihin tai meilt\u00e4 saamiisi tuotteisiin tai palveluihin. Jos lis\u00e4sopimusten m\u00e4\u00e4r\u00e4ykset ovat ristiriidassa n\u00e4iden ehtojen m\u00e4\u00e4r\u00e4ysten kanssa, n\u00e4iden lis\u00e4sopimusten m\u00e4\u00e4r\u00e4ykset ovat m\u00e4\u00e4r\u00e4\u00e4vi\u00e4 ja ensisijaisia.<\/p><h2>2. Sitova<\/h2><p>Rekister\u00f6itym\u00e4ll\u00e4 t\u00e4lle verkkosivustolle, k\u00e4ytt\u00e4m\u00e4ll\u00e4 sit\u00e4 tai k\u00e4ytt\u00e4m\u00e4ll\u00e4 sit\u00e4 muulla tavoin hyv\u00e4ksyt t\u00e4ten, ett\u00e4 n\u00e4m\u00e4 alla esitetyt ehdot sitovat sinua. Pelk\u00e4st\u00e4\u00e4n t\u00e4m\u00e4n verkkosivuston k\u00e4ytt\u00f6 merkitsee n\u00e4iden ehtojen tuntemista ja hyv\u00e4ksymist\u00e4. Joissakin erityistapauksissa voimme my\u00f6s pyyt\u00e4\u00e4 sinua nimenomaisesti hyv\u00e4ksym\u00e4\u00e4n ne.<\/p><h2>3. S\u00e4hk\u00f6inen viestint\u00e4<\/h2><p>K\u00e4ytt\u00e4m\u00e4ll\u00e4 t\u00e4t\u00e4 verkkosivustoa tai kommunikoimalla kanssamme s\u00e4hk\u00f6isesti hyv\u00e4ksyt ja tunnustat, ett\u00e4 voimme kommunikoida kanssasi s\u00e4hk\u00f6isesti verkkosivustollamme tai l\u00e4hett\u00e4m\u00e4ll\u00e4 sinulle s\u00e4hk\u00f6postia, ja hyv\u00e4ksyt, ett\u00e4 kaikki sopimukset, ilmoitukset, paljastukset ja muu viestint\u00e4, jonka annamme sinulle s\u00e4hk\u00f6isesti, t\u00e4ytt\u00e4v\u00e4t kaikki lakis\u00e4\u00e4teiset vaatimukset, mukaan lukien, mutta ei rajoittuen, vaatimukseen, jonka mukaan t\u00e4llaisen viestinn\u00e4n on oltava kirjallista.<\/p><h2>4. Henkinen omaisuus<\/h2><p>Me tai lisenssinantajamme omistamme ja hallitsemme kaikkia tekij\u00e4noikeuksia ja muita immateriaalioikeuksia, jotka koskevat verkkosivustoa sek\u00e4 verkkosivustolla n\u00e4kyvi\u00e4 tai siell\u00e4 saatavilla olevia tietoja, informaatiota ja muita resursseja.<\/p><p class=\"cmplz-subtitle\">4.1 Kaikki oikeudet pid\u00e4tet\u00e4\u00e4n<\/p><p>Ellei erityinen sis\u00e4lt\u00f6 toisin m\u00e4\u00e4r\u00e4\u00e4, sinulle ei my\u00f6nnet\u00e4 lisenssi\u00e4 tai mit\u00e4\u00e4n muuta oikeutta tekij\u00e4noikeuksien, tavaramerkkien, patenttien tai muiden immateriaalioikeuksien nojalla. T\u00e4m\u00e4 tarkoittaa, ett\u00e4 et saa k\u00e4ytt\u00e4\u00e4, kopioida, j\u00e4ljent\u00e4\u00e4, esitt\u00e4\u00e4, n\u00e4ytt\u00e4\u00e4, jakaa, upottaa mihink\u00e4\u00e4n s\u00e4hk\u00f6iseen v\u00e4lineeseen, muuttaa, k\u00e4\u00e4nteismuunnella, purkaa, siirt\u00e4\u00e4, ladata, l\u00e4hett\u00e4\u00e4, rahaksi muuttaa, myyd\u00e4, markkinoida tai kaupallistaa mit\u00e4\u00e4n t\u00e4m\u00e4n verkkosivuston resursseja miss\u00e4\u00e4n muodossa ilman etuk\u00e4teen annettua kirjallista lupaa, paitsi ja vain silt\u00e4 osin kuin pakottavan lains\u00e4\u00e4d\u00e4nn\u00f6n s\u00e4\u00e4nn\u00f6ksiss\u00e4 on toisin m\u00e4\u00e4r\u00e4tty (kuten oikeus lainaukseen).<\/p><h2>5. Uutiskirje<\/h2><p>Edell\u00e4 sanotusta huolimatta voit v\u00e4litt\u00e4\u00e4 uutiskirjeemme s\u00e4hk\u00f6isess\u00e4 muodossa muille, jotka saattavat olla kiinnostuneita vierailemaan verkkosivustollamme.<\/p><h2>6. Kolmannen osapuolen omaisuus<\/h2><p>Verkkosivustomme voi sis\u00e4lt\u00e4\u00e4 hyperlinkkej\u00e4 tai muita viittauksia muiden osapuolten verkkosivustoihin. Emme valvo emmek\u00e4 tarkista tai tarkastele t\u00e4lt\u00e4 verkkosivustolta linkitettyjen muiden osapuolten verkkosivustojen sis\u00e4lt\u00f6\u00e4. Muiden verkkosivustojen tarjoamiin tuotteisiin tai palveluihin sovelletaan kyseisten kolmansien osapuolten soveltuvia k\u00e4ytt\u00f6ehtoja. Me emme v\u00e4ltt\u00e4m\u00e4tt\u00e4 jaa tai tue n\u00e4ill\u00e4 verkkosivustoilla esitettyj\u00e4 mielipiteit\u00e4 tai materiaalia.<\/p><p>Emme ole vastuussa n\u00e4iden sivustojen tietosuojak\u00e4yt\u00e4nn\u00f6ist\u00e4 tai sis\u00e4ll\u00f6st\u00e4. Kannat kaikki riskit, jotka liittyv\u00e4t n\u00e4iden verkkosivustojen ja niihin liittyvien kolmansien osapuolten palvelujen k\u00e4ytt\u00f6\u00f6n. Emme ota vastuuta mist\u00e4\u00e4n menetyksist\u00e4 tai vahingoista, jotka johtuvat siit\u00e4, ett\u00e4 luovutat henkil\u00f6tietojasi kolmansille osapuolille.<\/p><h2>7. Vastuullinen k\u00e4ytt\u00f6<\/h2><p>Vierailemalla verkkosivustollamme sitoudut k\u00e4ytt\u00e4m\u00e4\u00e4n sit\u00e4 vain n\u00e4iden ehtojen, mahdollisten kanssamme tehtyjen lis\u00e4sopimusten, sovellettavien lakien, asetusten ja yleisesti hyv\u00e4ksyttyjen verkkok\u00e4yt\u00e4nt\u00f6jen ja alan ohjeiden mukaisiin tarkoituksiin ja sallimalla tavalla. Et saa k\u00e4ytt\u00e4\u00e4 verkkosivustoamme tai palveluitamme k\u00e4ytt\u00e4m\u00e4\u00e4n, julkaisemaan tai jakelemaan mit\u00e4\u00e4n aineistoa, joka koostuu (tai on linkitetty) haitallisesta tietokoneohjelmistosta, et saa k\u00e4ytt\u00e4\u00e4 verkkosivustoltamme ker\u00e4ttyj\u00e4 tietoja suoramarkkinointitoimintaan etk\u00e4 saa suorittaa mit\u00e4\u00e4n systemaattisia tai automatisoituja tiedonkeruutoimia verkkosivustollamme tai siihen liittyen.<\/p><p>Sellainen toiminta, joka aiheuttaa tai voi aiheuttaa vahinkoa verkkosivustolle tai joka h\u00e4iritsee verkkosivuston toimintaa, saatavuutta tai k\u00e4ytett\u00e4vyytt\u00e4, on ehdottomasti kielletty.<\/p><h2>8. Palautus- ja palautusehdot<\/h2><p class=\"cmplz-subtitle\">8.1 Peruuttamisoikeus<\/p><p>Sinulla on oikeus peruuttaa t\u00e4m\u00e4 sopimus 14 p\u00e4iv\u00e4n kuluessa ilman syyt\u00e4.<\/p><p>Peruuttamisaika p\u00e4\u00e4ttyy 14 p\u00e4iv\u00e4n kuluttua siit\u00e4 p\u00e4iv\u00e4st\u00e4, jona te hankitte viimeisen tavaran tai viimeisen er\u00e4n tai kappaleen fyysisesti haltuunne tai jona kolmas osapuoli, joka ei ole rahdinkuljettaja ja jonka te olette ilmoittanut, hankkii sen fyysisesti haltuunsa.<\/p><p>Peruuttamisoikeuden k\u00e4ytt\u00e4minen edellytt\u00e4\u00e4, ett\u00e4 ilmoitat meille p\u00e4\u00e4t\u00f6ksest\u00e4si peruuttaa sopimus yksiselitteisell\u00e4 ilmoituksella (esimerkiksi postitse, faksilla tai s\u00e4hk\u00f6postitse l\u00e4hetetyll\u00e4 kirjeell\u00e4). Yhteystietomme l\u00f6ytyv\u00e4t j\u00e4ljemp\u00e4n\u00e4. Voit k\u00e4ytt\u00e4\u00e4 oheista mallia <a target=\"_blank\" href=\"https:\/\/maschinentreff.de\/wp-content\/uploads\/complianz\/withdrawal-forms\/withdrawal-form-fi.pdf\">peruutuslomake<\/a>, mutta se ei ole pakollista.<\/p><p>Voit my\u00f6s t\u00e4ytt\u00e4\u00e4 ja l\u00e4hett\u00e4\u00e4 s\u00e4hk\u00f6isesti mallin peruuttamislomakkeen tai mink\u00e4 tahansa muun yksiselitteisen ilmoituksen meid\u00e4n osoitteessamme. <a href=\"https:\/\/maschinentreff.de\/fi\/ota-yhteytta\/\"> verkkosivusto<\/a>.<\/p><p>Jos k\u00e4yt\u00e4t t\u00e4t\u00e4 vaihtoehtoa, ilmoitamme sinulle viipym\u00e4tt\u00e4 pysyv\u00e4ll\u00e4 v\u00e4lineell\u00e4 (esimerkiksi s\u00e4hk\u00f6postitse) kuittauksen peruutuksen vastaanottamisesta.<\/p><p>Peruuttamiselle asetetun m\u00e4\u00e4r\u00e4ajan noudattamiseksi riitt\u00e4\u00e4, ett\u00e4 l\u00e4het\u00e4t peruuttamisoikeuden k\u00e4ytt\u00e4mist\u00e4 koskevan viestisi ennen peruuttamisajan p\u00e4\u00e4ttymist\u00e4.<\/p><p class=\"cmplz-subtitle\">8.2 Vieroituksen vaikutukset<\/p><p>Jos peruutat t\u00e4m\u00e4n sopimuksen, palautamme sinulle kaikki sinulta saamasi maksut, mukaan lukien toimituskustannukset (lukuun ottamatta lis\u00e4kustannuksia, jotka johtuvat siit\u00e4, ett\u00e4 olet valinnut muun toimitustyypin kuin edullisimman tarjoamamme vakiotoimitustyypin), ilman aiheetonta viivytyst\u00e4 ja joka tapauksessa viimeist\u00e4\u00e4n 14 p\u00e4iv\u00e4n kuluessa siit\u00e4 p\u00e4iv\u00e4st\u00e4, jona saamme tiedon p\u00e4\u00e4t\u00f6ksest\u00e4si peruuttaa t\u00e4m\u00e4 sopimus. Korvaus suoritetaan k\u00e4ytt\u00e4m\u00e4ll\u00e4 samaa maksuv\u00e4linett\u00e4, jota k\u00e4ytit alkuper\u00e4isess\u00e4 kaupassa, ellet ole nimenomaisesti sopinut toisin; sinulle ei miss\u00e4\u00e4n tapauksessa aiheudu mit\u00e4\u00e4n kuluja t\u00e4llaisesta korvauksesta.<\/p><p>Me noudamme tavarat.<\/p><p>Tavaroiden palautuskustannukset ovat enint\u00e4\u00e4n 10 000 \u20ac.<\/p><p>Olet vastuussa vain tavaran arvon alenemisesta, joka johtuu muusta kuin tavaran luonteen, ominaisuuksien ja toiminnan m\u00e4\u00e4ritt\u00e4miseksi tarpeellisesta k\u00e4sittelyst\u00e4.<\/p><p>Huomaathan, ett\u00e4 peruuttamisoikeuteen on olemassa joitakin lakis\u00e4\u00e4teisi\u00e4 poikkeuksia, mink\u00e4 vuoksi joitakin tuotteita ei voi palauttaa tai vaihtaa.  Ilmoitamme sinulle, jos t\u00e4m\u00e4 p\u00e4tee sinun tapauksessasi.<\/p><h2>9. Ideoiden esitt\u00e4minen<\/h2><p>\u00c4l\u00e4 l\u00e4het\u00e4 meille ideoita, keksint\u00f6j\u00e4, teoksia tai muita tietoja, joita voidaan pit\u00e4\u00e4 omana henkisen\u00e4 omaisuutenasi ja joita haluat esitell\u00e4 meille, ellei ole ensin allekirjoitettu henkist\u00e4 omaisuutta koskevaa sopimusta tai salassapitosopimusta. Jos luovutat sen meille ilman t\u00e4llaista kirjallista sopimusta, my\u00f6nn\u00e4t meille maailmanlaajuisen, peruuttamattoman, ei-yksinomaisen ja tekij\u00e4npalkkioista vapaan lisenssin k\u00e4ytt\u00e4\u00e4, j\u00e4ljent\u00e4\u00e4, tallentaa, mukauttaa, julkaista, k\u00e4\u00e4nt\u00e4\u00e4 ja levitt\u00e4\u00e4 sis\u00e4lt\u00f6\u00e4si miss\u00e4 tahansa nykyisess\u00e4 tai tulevassa mediassa.<\/p><h2>10. K\u00e4yt\u00f6n lopettaminen<\/h2><p>Voimme oman harkintamme mukaan milloin tahansa muuttaa tai lopettaa verkkosivuston tai mink\u00e4 tahansa sen palvelun k\u00e4yt\u00f6n v\u00e4liaikaisesti tai pysyv\u00e4sti. Suostut siihen, ett\u00e4 emme ole vastuussa sinulle tai kolmannelle osapuolelle mist\u00e4\u00e4n t\u00e4llaisesta verkkosivuston tai verkkosivustolla jakamasi sis\u00e4ll\u00f6n k\u00e4yt\u00f6n tai k\u00e4ytt\u00e4misen muuttamisesta, keskeytt\u00e4misest\u00e4 tai lopettamisesta. Sinulla ei ole oikeutta korvaukseen tai muuhun maksuun, vaikka tietyt ominaisuudet, asetukset ja\/tai sis\u00e4lt\u00f6, johon olet osallistunut tai johon olet luottanut, menetett\u00e4isiin pysyv\u00e4sti. Et saa kiert\u00e4\u00e4 tai ohittaa tai yritt\u00e4\u00e4 kiert\u00e4\u00e4 tai ohittaa verkkosivustomme k\u00e4ytt\u00f6rajoitustoimenpiteit\u00e4.<\/p><h2>11. Takuut ja vastuu<\/h2><p>Mik\u00e4\u00e4n t\u00e4ss\u00e4 jaksossa ei rajoita tai poissulje mit\u00e4\u00e4n lakis\u00e4\u00e4teist\u00e4 takuuta, jonka rajoittaminen tai poissulkeminen olisi lainvastaista. T\u00e4m\u00e4 verkkosivusto ja sen kaikki sis\u00e4lt\u00f6 tarjotaan \"sellaisena kuin se on\" ja \"sellaisena kuin se on saatavilla\", ja se saattaa sis\u00e4lt\u00e4\u00e4 ep\u00e4tarkkuuksia tai kirjoitusvirheit\u00e4. Kielt\u00e4ydymme nimenomaisesti kaikista mink\u00e4\u00e4nlaisista, nimenomaisista tai ep\u00e4suorista takuista, jotka koskevat sis\u00e4ll\u00f6n saatavuutta, tarkkuutta tai t\u00e4ydellisyytt\u00e4. Emme anna mit\u00e4\u00e4n takuuta siit\u00e4, ett\u00e4:<\/p><p><ul>\n\t\t\t\t<li>ett\u00e4 t\u00e4m\u00e4 verkkosivusto tai tuotteemme tai palvelumme vastaavat tarpeitasi;<\/li>\n\t\t\t\t<li>t\u00e4m\u00e4 verkkosivusto on k\u00e4ytett\u00e4viss\u00e4 keskeytyksett\u00e4, ajallaan, turvallisesti tai virheett\u00f6m\u00e4sti;<\/li>\n\t\t\t\t<li>ett\u00e4 t\u00e4m\u00e4n verkkosivuston kautta ostamasi tai hankkimasi tuotteen tai palvelun laatu vastaa odotuksiasi.<\/li>\n\t\t\t<\/ul><\/p><p>Mik\u00e4\u00e4n t\u00e4ll\u00e4 verkkosivustolla ei muodosta tai ole tarkoitettu mink\u00e4\u00e4nlaiseksi oikeudelliseksi, taloudelliseksi tai l\u00e4\u00e4ketieteelliseksi neuvonnaksi. Jos tarvitset neuvoja, ota yhteytt\u00e4 asianmukaiseen ammattilaiseen.<\/p><p>Seuraavia t\u00e4m\u00e4n jakson m\u00e4\u00e4r\u00e4yksi\u00e4 sovelletaan sovellettavan lain sallimassa laajuudessa, eiv\u00e4tk\u00e4 ne rajoita tai sulje pois vastuutamme mink\u00e4\u00e4n sellaisen asian osalta, jonka rajoittaminen tai poissulkeminen olisi lainvastaista tai laitonta. Emme miss\u00e4\u00e4n tapauksessa ole vastuussa mist\u00e4\u00e4n suorista tai ep\u00e4suorista vahingoista (mukaan lukien voiton tai tulojen menetyksest\u00e4, tietojen, ohjelmistojen tai tietokantojen menetyksest\u00e4 tai turmeltumisesta, omaisuuden tai tietojen menetyksest\u00e4 tai vahingoittumisesta), joita sinulle tai kolmannelle osapuolelle aiheutuu verkkosivustomme k\u00e4ytt\u00e4misest\u00e4 tai k\u00e4ytt\u00e4misest\u00e4.<\/p><p>Jollei lis\u00e4sopimuksessa nimenomaisesti toisin m\u00e4\u00e4r\u00e4t\u00e4, enimm\u00e4isvastuumme sinua kohtaan kaikista vahingoista, jotka aiheutuvat verkkosivustosta tai verkkosivuston kautta markkinoitavista tai myyt\u00e4vist\u00e4 tuotteista ja palveluista tai liittyv\u00e4t niihin, riippumatta siit\u00e4, mink\u00e4lainen oikeustoimi aiheuttaa vastuun (sopimus, kohtuullisuus, huolimattomuus, tahallinen toiminta, vahingonkorvaus tai muu), rajoittuu kokonaishintaan, jonka olet maksanut meille ostaaksesi kyseisi\u00e4 tuotteita tai palveluita tai k\u00e4ytt\u00e4\u00e4ksesi verkkosivustoa. T\u00e4llaista rajoitusta sovelletaan yhteenlaskettuna kaikkiin kaikenlaisiin ja kaikenlaisiin vaatimuksiisi, kanteisi ja kanneperusteisiisi.<\/p><h2>12. Yksityisyys<\/h2><p>Jotta voit k\u00e4ytt\u00e4\u00e4 verkkosivustoamme ja\/tai palveluitamme, sinua saatetaan pyyt\u00e4\u00e4 antamaan tiettyj\u00e4 tietoja itsest\u00e4si osana rekister\u00f6intiprosessia. Sitoudut siihen, ett\u00e4 kaikki antamasi tiedot ovat aina tarkkoja, oikeita ja ajantasaisia.<\/p><p>Suhtaudumme henkil\u00f6tietoihisi vakavasti ja olemme sitoutuneet suojelemaan yksityisyytt\u00e4si. Emme k\u00e4yt\u00e4 s\u00e4hk\u00f6postiosoitettasi ei-toivottuun postiin. L\u00e4het\u00e4mme sinulle s\u00e4hk\u00f6postiviestej\u00e4 ainoastaan sovittujen tuotteiden tai palveluiden tarjoamisen yhteydess\u00e4.<\/p><p>Olemme kehitt\u00e4neet toimintaperiaatteet, joilla voimme k\u00e4sitell\u00e4 mahdollisia yksityisyyden suojaan liittyvi\u00e4 huolenaiheita. Lis\u00e4tietoja on osoitteessa <a href=\"https:\/\/maschinentreff.de\/fi\/tietosuojaseloste-eu-2\/?cmplz_region_redirect=true\">Tietosuojaseloste<\/a> ja meid\u00e4n <a href=\"https:\/\/maschinentreff.de\/fi\/evastekaytanto-eu-2\/?cmplz_region_redirect=true\">Ev\u00e4stek\u00e4yt\u00e4nt\u00f6<\/a>.<\/p><h2>13. Saavutettavuus<\/h2><p>Olemme sitoutuneet tekem\u00e4\u00e4n tarjoamastamme sis\u00e4ll\u00f6st\u00e4 vammaisten saatavilla olevaa. Jos olet vammainen etk\u00e4 pysty k\u00e4ytt\u00e4m\u00e4\u00e4n jotakin verkkosivustomme osaa vammaisuutesi vuoksi, pyyd\u00e4mme sinua ilmoittamaan meille asiasta ja kuvaamaan yksityiskohtaisesti kohtaamasi ongelman. Jos ongelma on helposti tunnistettavissa ja ratkaistavissa alan standardien mukaisten tietotekniikkaty\u00f6kalujen ja -tekniikoiden avulla, ratkaisemme sen viipym\u00e4tt\u00e4.<\/p><h2>14. Vientirajoitukset \/ lains\u00e4\u00e4d\u00e4nn\u00f6n noudattaminen<\/h2><p>Verkkosivustolle p\u00e4\u00e4sy alueilta tai maista, joissa sis\u00e4lt\u00f6 tai verkkosivustolla myyt\u00e4vien tuotteiden tai palveluiden ostaminen on laitonta, on kielletty. T\u00e4t\u00e4 verkkosivustoa ei saa k\u00e4ytt\u00e4\u00e4 Saksan vientilakien ja -m\u00e4\u00e4r\u00e4ysten vastaisesti.<\/p><h2>15. Toimeksianto<\/h2><p>Et saa luovuttaa, siirt\u00e4\u00e4 tai siirt\u00e4\u00e4 alihankintana mit\u00e4\u00e4n n\u00e4iden ehtojen mukaisia oikeuksiasi ja\/tai velvollisuuksiasi, kokonaan tai osittain, kolmannelle osapuolelle ilman etuk\u00e4teen saatua kirjallista suostumustamme. Kaikki t\u00e4m\u00e4n kohdan vastaiset v\u00e4itetyt luovutukset ovat mit\u00e4tt\u00f6mi\u00e4.<\/p><h2>16. N\u00e4iden ehtojen rikkominen<\/h2><p>Jos rikot n\u00e4it\u00e4 k\u00e4ytt\u00f6ehtoja jollakin tavalla, voimme ryhty\u00e4 asianmukaisiksi katsomiimme toimenpiteisiin rikkomuksen k\u00e4sittelemiseksi, mukaan lukien verkkosivuston k\u00e4ytt\u00f6oikeuden tilap\u00e4inen tai pysyv\u00e4 keskeytt\u00e4minen, yhteydenotto Internet-palveluntarjoajaan, jotta t\u00e4m\u00e4 est\u00e4\u00e4 p\u00e4\u00e4sysi verkkosivustolle, ja\/tai oikeustoimien k\u00e4ynnist\u00e4minen sinua vastaan, sanotun kuitenkaan rajoittamatta n\u00e4iden k\u00e4ytt\u00f6ehtojen mukaisia muita oikeuksiamme.<\/p><h2>17. Ylivoimainen este<\/h2><p>Lukuun ottamatta t\u00e4m\u00e4n sopimuksen mukaisia rahanmaksuvelvoitteita, kummankaan osapuolen viiv\u00e4styst\u00e4, laiminly\u00f6nti\u00e4 tai laiminly\u00f6nti\u00e4 t\u00e4ytt\u00e4\u00e4 tai noudattaa mit\u00e4\u00e4n t\u00e4m\u00e4n sopimuksen mukaisia velvoitteitaan ei katsota n\u00e4iden ehtojen rikkomiseksi, jos ja niin kauan kuin viiv\u00e4stys, laiminly\u00f6nti tai laiminly\u00f6nti johtuu jostain syyst\u00e4, joka ei ole kyseisen osapuolen kohtuullisessa m\u00e4\u00e4rin hallittavissa.<\/p><h2>18. Vahingonkorvaus<\/h2><p>Sitoudut vapauttamaan, puolustamaan ja pit\u00e4m\u00e4\u00e4n meid\u00e4t vahingoittumattomina kaikista vaatimuksista, vastuista, vahingoista, menetyksist\u00e4 ja kuluista, jotka liittyv\u00e4t n\u00e4iden ehtojen ja sovellettavien lakien, mukaan lukien immateriaalioikeudet ja yksityisyyden suoja, rikkomiseen. Sinun on korvattava meille viipym\u00e4tt\u00e4 vahingot, menetykset, kustannukset ja kulut, jotka liittyv\u00e4t tai johtuvat t\u00e4llaisista vaatimuksista.<\/p><h2>19. Luopuminen<\/h2><p>N\u00e4iden ehtojen ja sopimusten m\u00e4\u00e4r\u00e4ysten t\u00e4yt\u00e4nt\u00f6\u00f6npanon laiminly\u00f6nti\u00e4 tai irtisanomismahdollisuuden k\u00e4ytt\u00e4m\u00e4tt\u00e4 j\u00e4tt\u00e4mist\u00e4 ei voida tulkita t\u00e4llaisista m\u00e4\u00e4r\u00e4yksist\u00e4 luopumiseksi, eik\u00e4 se vaikuta n\u00e4iden ehtojen ja sopimusten tai niiden osien p\u00e4tevyyteen tai oikeuteen panna kaikki m\u00e4\u00e4r\u00e4ykset my\u00f6hemmin t\u00e4yt\u00e4nt\u00f6\u00f6n.<\/p><h2>20. Kieli<\/h2><p>These Terms and Conditions will be interpreted and construed exclusively in English.&nbsp;All notices and correspondence will be written exclusively in that language.<\/p><h2>21. Koko sopimus<\/h2><p>N\u00e4m\u00e4 k\u00e4ytt\u00f6ehdot yhdess\u00e4 meid\u00e4n <a href=\"https:\/\/maschinentreff.de\/fi\/tietosuojaseloste-eu-2\/?cmplz_region_redirect=true\">tietosuojaseloste<\/a> ja <a href=\"https:\/\/maschinentreff.de\/fi\/evastekaytanto-eu-2\/?cmplz_region_redirect=true\">ev\u00e4stek\u00e4yt\u00e4nt\u00f6<\/a>muodostavat koko sopimuksen sinun ja Saia Maschinen GmbH:n v\u00e4lill\u00e4 t\u00e4m\u00e4n verkkosivuston k\u00e4yt\u00f6n osalta.<\/p><h2>22. N\u00e4iden ehtojen p\u00e4ivitt\u00e4minen<\/h2><p>Voimme p\u00e4ivitt\u00e4\u00e4 n\u00e4it\u00e4 k\u00e4ytt\u00f6ehtoja aika ajoin. Sinun velvollisuutesi on tarkistaa n\u00e4m\u00e4 k\u00e4ytt\u00f6ehdot s\u00e4\u00e4nn\u00f6llisesti muutosten tai p\u00e4ivitysten varalta. N\u00e4iden ehtojen alussa oleva p\u00e4iv\u00e4m\u00e4\u00e4r\u00e4 on viimeisin tarkistusp\u00e4iv\u00e4m\u00e4\u00e4r\u00e4. N\u00e4ihin Ehtoihin tehdyt muutokset tulevat voimaan, kun muutokset julkaistaan t\u00e4ll\u00e4 verkkosivustolla. Jos jatkat t\u00e4m\u00e4n verkkosivuston k\u00e4ytt\u00f6\u00e4 muutosten tai p\u00e4ivitysten julkaisemisen j\u00e4lkeen, katsotaan, ett\u00e4 hyv\u00e4ksyt n\u00e4iden ehtojen noudattamisen ja niiden noudattamisen.<\/p><h2>23. Lainvalinta ja toimivalta<\/h2><p>N\u00e4ihin ehtoihin sovelletaan Saksan lakeja. Kaikkiin n\u00e4ihin ehtoihin ja edellytyksiin liittyviin riitoihin sovelletaan Saksan tuomioistuinten tuomiovaltaa. Jos tuomioistuin tai muu viranomainen katsoo, ett\u00e4 jokin n\u00e4iden ehtojen osa tai m\u00e4\u00e4r\u00e4ys on p\u00e4tem\u00e4t\u00f6n ja\/tai t\u00e4yt\u00e4nt\u00f6\u00f6npanokelvoton sovellettavan lain mukaan, kyseist\u00e4 osaa tai m\u00e4\u00e4r\u00e4yst\u00e4 muutetaan, poistetaan ja\/tai pannaan t\u00e4yt\u00e4nt\u00f6\u00f6n siin\u00e4 m\u00e4\u00e4rin kuin se on sallittua, jotta n\u00e4iden ehtojen tarkoitus toteutuu. Muut m\u00e4\u00e4r\u00e4ykset eiv\u00e4t vaikuta niihin.<\/p><h2>24. Yhteystiedot<\/h2><p>T\u00e4m\u00e4n verkkosivuston omistaa ja sit\u00e4 yll\u00e4pit\u00e4\u00e4 Saia Maschinen GmbH.<\/p><p>Voit ottaa meihin yhteytt\u00e4 n\u00e4ihin ehtoihin liittyen seuraavassa osoitteessa osoitteessa <a href=\"https:\/\/maschinentreff.de\/fi\/ota-yhteytta\/\">Ota yhteytt\u00e4<\/a> sivu.<\/p><h2>25. Lataa<\/h2><p>Voit my\u00f6s <a href=\"https:\/\/maschinentreff.de\/wp-content\/plugins\/complianz-terms-conditions\/download.php\">lataa<\/a> k\u00e4ytt\u00f6ehtomme PDF-tiedostona.<\/p><\/div><\/div>\n\t\t\t\t\t\t<\/div>\n\t\t\t\t\t<\/div>\n\t\t\t\t<\/div>\n\t\t\t\t<\/div>","protected":false},"excerpt":{"rendered":"","protected":false},"author":1,"featured_media":0,"parent":0,"menu_order":0,"comment_status":"closed","ping_status":"closed","template":"","meta":{"_jet_sm_ready_style":"","_jet_sm_style":"","_jet_sm_controls_values":"","_jet_sm_fonts_collection":"","_jet_sm_fonts_links":"","footnotes":""},"class_list":["post-815","page","type-page","status-publish","hentry"],"_links":{"self":[{"href":"https:\/\/maschinentreff.de\/fi\/wp-json\/wp\/v2\/pages\/815","targetHints":{"allow":["GET"]}}],"collection":[{"href":"https:\/\/maschinentreff.de\/fi\/wp-json\/wp\/v2\/pages"}],"about":[{"href":"https:\/\/maschinentreff.de\/fi\/wp-json\/wp\/v2\/types\/page"}],"author":[{"embeddable":true,"href":"https:\/\/maschinentreff.de\/fi\/wp-json\/wp\/v2\/users\/1"}],"replies":[{"embeddable":true,"href":"https:\/\/maschinentreff.de\/fi\/wp-json\/wp\/v2\/comments?post=815"}],"version-history":[{"count":0,"href":"https:\/\/maschinentreff.de\/fi\/wp-json\/wp\/v2\/pages\/815\/revisions"}],"wp:attachment":[{"href":"https:\/\/maschinentreff.de\/fi\/wp-json\/wp\/v2\/media?parent=815"}],"curies":[{"name":"wp","href":"https:\/\/api.w.org\/{rel}","templated":true}]}}